{"id":1860,"date":"2020-09-21T16:17:29","date_gmt":"2020-09-21T14:17:29","guid":{"rendered":"https:\/\/www.boratree.organic\/spolupraca\/"},"modified":"2022-10-06T08:45:30","modified_gmt":"2022-10-06T06:45:30","slug":"spoluprace-b2b","status":"publish","type":"page","link":"https:\/\/www.boratree.organic\/cs\/spoluprace-b2b\/","title":{"rendered":"Spolupr\u00e1ce (B2B)"},"content":{"rendered":"<div id=\"pl-1860\"  class=\"panel-layout\" ><div id=\"pg-1860-0\"  class=\"panel-grid panel-no-style\" ><div id=\"pgc-1860-0-0\"  class=\"panel-grid-cell\" ><div id=\"panel-1860-0-0-0\" class=\"so-panel widget widget_sow-image panel-first-child panel-last-child\" data-index=\"0\" ><div\n\t\t\t\n\t\t\tclass=\"so-widget-sow-image so-widget-sow-image-default-d6014b76747a-1860\"\n\t\t\t\n\t\t>\n\n<div class=\"sow-image-container\">\n\t\t<img src=\"https:\/\/www.boratree.organic\/wp-content\/uploads\/2020\/10\/6.jpg\" width=\"2800\" height=\"1869\" srcset=\"https:\/\/www.boratree.organic\/wp-content\/uploads\/2020\/10\/6.jpg 2800w, https:\/\/www.boratree.organic\/wp-content\/uploads\/2020\/10\/6-300x200.jpg 300w, https:\/\/www.boratree.organic\/wp-content\/uploads\/2020\/10\/6-1024x684.jpg 1024w, https:\/\/www.boratree.organic\/wp-content\/uploads\/2020\/10\/6-768x513.jpg 768w, https:\/\/www.boratree.organic\/wp-content\/uploads\/2020\/10\/6-1536x1025.jpg 1536w, https:\/\/www.boratree.organic\/wp-content\/uploads\/2020\/10\/6-2048x1367.jpg 2048w, https:\/\/www.boratree.organic\/wp-content\/uploads\/2020\/10\/6-480x320.jpg 480w, https:\/\/www.boratree.organic\/wp-content\/uploads\/2020\/10\/6-992x662.jpg 992w, https:\/\/www.boratree.organic\/wp-content\/uploads\/2020\/10\/6-1200x801.jpg 1200w, https:\/\/www.boratree.organic\/wp-content\/uploads\/2020\/10\/6-600x401.jpg 600w, https:\/\/www.boratree.organic\/wp-content\/uploads\/2020\/10\/6-272x182.jpg 272w\" sizes=\"(max-width: 2800px) 100vw, 2800px\" alt=\"\" loading=\"lazy\" \t\tclass=\"so-widget-image\"\/>\n\t<\/div>\n\n<\/div><\/div><\/div><div id=\"pgc-1860-0-1\"  class=\"panel-grid-cell\" ><div id=\"panel-1860-0-1-0\" class=\"so-panel widget widget_sow-editor panel-first-child panel-last-child\" data-index=\"1\" ><div\n\t\t\t\n\t\t\tclass=\"so-widget-sow-editor so-widget-sow-editor-base\"\n\t\t\t\n\t\t>\n<div class=\"siteorigin-widget-tinymce textwidget\">\n\t<h2>Spolehliv\u00fd dodavatel kvalitn\u00edch produkt\u016f<\/h2>\n<p>Ve spole\u010dnosti BoraTree se sna\u017e\u00edme podporovat zdrav\u00fd \u017eivotn\u00ed styl. I proto jsme otev\u0159eni spolupr\u00e1ci se spole\u010dnostmi se stejnou viz\u00ed. M\u00e1te internetov\u00fd obchod \u010di kamennou prodejnu? R\u00e1di za\u010dneme spolupr\u00e1ci se spole\u010dnostmi v\u00a0\u010cesk\u00e9 republice, ale i po cel\u00e9m sv\u011bt\u011b.<\/p>\n<h3>Co nab\u00edz\u00edme?<\/h3>\n<p>U na\u0161ich produkt\u016f se m\u016f\u017eete spolehnout na jejich kvalitn\u00ed slo\u017een\u00ed. V\u00fdb\u011br ingredienc\u00ed podl\u00e9h\u00e1 n\u00e1ro\u010dn\u00fdm krit\u00e9ri\u00edm a p\u0159\u00edslu\u0161n\u00fdm standard\u016fm, p\u0159i\u010dem\u017e tyto standardy pravideln\u011b kontrolujeme. V\u0161echny receptury jsou konzultov\u00e1ny s renomovan\u00fdmi nutri\u010dn\u00edmi specialisty a p\u0159i v\u00fdrob\u011b na\u0161ich produkt\u016f nepou\u017e\u00edv\u00e1me geneticky modifikovan\u00e9 organismy (GMO).<\/p>\n<\/div>\n<\/div><\/div><\/div><\/div><div id=\"pg-1860-1\"  class=\"panel-grid panel-no-style\" ><div id=\"pgc-1860-1-0\"  class=\"panel-grid-cell\" ><div id=\"panel-1860-1-0-0\" class=\"so-panel widget widget_sow-editor panel-first-child panel-last-child\" data-index=\"2\" ><div\n\t\t\t\n\t\t\tclass=\"so-widget-sow-editor so-widget-sow-editor-base\"\n\t\t\t\n\t\t>\n<div class=\"siteorigin-widget-tinymce textwidget\">\n\t<h2>V\u00fdhody pro na\u0161e partnery<\/h2>\n<ul>\n<li>Vy\u0161\u0161\u00ed prezentaci produkt\u016f na na\u0161ich soci\u00e1ln\u00edch s\u00edt\u00edch ve va\u0161em regionu - na z\u00e1klad\u011b geolokace<\/li>\n<li>XML v\u00fdstup produkt\u016f pro import do va\u0161eho internetov\u00e9ho obchodu<\/li>\n<li>Bezplatn\u00fd z\u00e1kaznick\u00fd servis<\/li>\n<li>Bezplatn\u00e9 tiskov\u00e9 materi\u00e1ly (let\u00e1ky, bro\u017eury), kter\u00e9 v\u00e1m pomohou zv\u00fd\u0161it prodej<\/li>\n<li>Detailn\u00ed informace k produkt\u016fm na zve\u0159ejn\u011bn\u00ed ve va\u0161em obchod\u011b<\/li>\n<li>Vzorky produkt\u016f pro potenci\u00e1ln\u00ed z\u00e1kazn\u00edky<\/li>\n<li>Profesion\u00e1ln\u00ed fotografie s na\u0161imi produkty<\/li>\n<li>Um\u00edst\u011bn\u00ed na map\u011b prodejc\u016f na ofici\u00e1ln\u00ed str\u00e1nce boratree.organic<\/li>\n<li>Velmi r\u00e1di se s v\u00e1mi dohodneme i na jin\u00fdch specifick\u00fdch po\u017eadavc\u00edch<\/li>\n<\/ul>\n<\/div>\n<\/div><\/div><\/div><div id=\"pgc-1860-1-1\"  class=\"panel-grid-cell\" ><div id=\"panel-1860-1-1-0\" class=\"so-panel widget widget_sow-image panel-first-child panel-last-child\" data-index=\"3\" ><div\n\t\t\t\n\t\t\tclass=\"so-widget-sow-image so-widget-sow-image-default-d6014b76747a-1860\"\n\t\t\t\n\t\t>\n\n<div class=\"sow-image-container\">\n\t\t<img src=\"https:\/\/www.boratree.organic\/wp-content\/uploads\/2020\/10\/2-1536x1025.jpg\" width=\"1536\" height=\"1025\" srcset=\"https:\/\/www.boratree.organic\/wp-content\/uploads\/2020\/10\/2-1536x1025.jpg 1536w, https:\/\/www.boratree.organic\/wp-content\/uploads\/2020\/10\/2-300x200.jpg 300w, https:\/\/www.boratree.organic\/wp-content\/uploads\/2020\/10\/2-1024x684.jpg 1024w, https:\/\/www.boratree.organic\/wp-content\/uploads\/2020\/10\/2-768x513.jpg 768w, https:\/\/www.boratree.organic\/wp-content\/uploads\/2020\/10\/2-2048x1367.jpg 2048w, https:\/\/www.boratree.organic\/wp-content\/uploads\/2020\/10\/2-480x320.jpg 480w, https:\/\/www.boratree.organic\/wp-content\/uploads\/2020\/10\/2-992x662.jpg 992w, https:\/\/www.boratree.organic\/wp-content\/uploads\/2020\/10\/2-1200x801.jpg 1200w, https:\/\/www.boratree.organic\/wp-content\/uploads\/2020\/10\/2-600x401.jpg 600w, https:\/\/www.boratree.organic\/wp-content\/uploads\/2020\/10\/2-272x182.jpg 272w\" sizes=\"(max-width: 1536px) 100vw, 1536px\" alt=\"\" loading=\"lazy\" \t\tclass=\"so-widget-image\"\/>\n\t<\/div>\n\n<\/div><\/div><\/div><\/div><div id=\"pg-1860-2\"  class=\"panel-grid panel-has-style\" ><div class=\"siteorigin-panels-stretch panel-row-style panel-row-style-for-1860-2\" id=\"business_form\" data-stretch-type=\"full\" ><div id=\"pgc-1860-2-0\"  class=\"panel-grid-cell panel-grid-cell-empty\" ><\/div><div id=\"pgc-1860-2-1\"  class=\"panel-grid-cell panel-grid-cell-mobile-last\" ><div id=\"panel-1860-2-1-0\" class=\"so-panel widget widget_sow-editor panel-first-child panel-last-child\" data-index=\"4\" ><div\n\t\t\t\n\t\t\tclass=\"so-widget-sow-editor so-widget-sow-editor-base\"\n\t\t\t\n\t\t>\n<div class=\"siteorigin-widget-tinymce textwidget\">\n\t<h2 style=\"text-align: center;\">Dejte n\u00e1m o v\u00e1s v\u011bd\u011bt<\/h2>\n<p style=\"text-align: center;\">Chcete obohatit sv\u016fj obchod o kvalitn\u00ed v\u00fd\u017eivov\u00e9 dopl\u0148ky ze superpotravin? Vypl\u0148te, pros\u00edm, n\u00e1\u0161 kontaktn\u00ed formul\u00e1\u0159 a my se s v\u00e1mi r\u00e1di zkontaktujeme.<\/p>\n<\/div>\n<\/div><\/div><\/div><div id=\"pgc-1860-2-2\"  class=\"panel-grid-cell panel-grid-cell-empty\" ><\/div><\/div><\/div><div id=\"pg-1860-3\"  class=\"panel-grid panel-no-style\" ><div id=\"pgc-1860-3-0\"  class=\"panel-grid-cell\" ><div id=\"panel-1860-3-0-0\" class=\"so-panel widget widget_sow-editor panel-first-child panel-last-child\" data-index=\"5\" ><div\n\t\t\t\n\t\t\tclass=\"so-widget-sow-editor so-widget-sow-editor-base\"\n\t\t\t\n\t\t>\n<div class=\"siteorigin-widget-tinymce textwidget\">\n\t\n<div class=\"wpcf7 no-js\" id=\"wpcf7-f2475-o1\" lang=\"sk-SK\" dir=\"ltr\">\n<div class=\"screen-reader-response\"><p role=\"status\" aria-live=\"polite\" aria-atomic=\"true\"><\/p> <ul><\/ul><\/div>\n<form action=\"\/cs\/wp-json\/wp\/v2\/pages\/1860#wpcf7-f2475-o1\" method=\"post\" class=\"wpcf7-form init\" aria-label=\"Contact form\" novalidate=\"novalidate\" data-status=\"init\">\n<div style=\"display: none;\">\n<input type=\"hidden\" name=\"_wpcf7\" value=\"2475\" \/>\n<input type=\"hidden\" name=\"_wpcf7_version\" value=\"5.7.3\" \/>\n<input type=\"hidden\" name=\"_wpcf7_locale\" value=\"sk_SK\" \/>\n<input type=\"hidden\" name=\"_wpcf7_unit_tag\" value=\"wpcf7-f2475-o1\" \/>\n<input type=\"hidden\" name=\"_wpcf7_container_post\" value=\"0\" \/>\n<input type=\"hidden\" name=\"_wpcf7_posted_data_hash\" value=\"\" \/>\n<\/div>\n<div class=\"cf_form\">\n\t<div class=\"column\">\n\t\t<p><label><br \/>\nJm\u00e9no a p\u0159\u00edjmen\u00ed*<br \/>\n<span class=\"wpcf7-form-control-wrap\" data-name=\"your-name\"><input size=\"40\" class=\"wpcf7-form-control wpcf7-text wpcf7-validates-as-required\" aria-required=\"true\" aria-invalid=\"false\" value=\"\" type=\"text\" name=\"your-name\" \/><\/span><br \/>\n<\/label>\n\t\t<\/p>\n\t<\/div>\n\t<div class=\"column\">\n\t\t<p><label><br \/>\nE-mail*<br \/>\n<span class=\"wpcf7-form-control-wrap\" data-name=\"your-email\"><input size=\"40\" class=\"wpcf7-form-control wpcf7-text wpcf7-email wpcf7-validates-as-required wpcf7-validates-as-email\" aria-required=\"true\" aria-invalid=\"false\" value=\"\" type=\"email\" name=\"your-email\" \/><\/span><br \/>\n<\/label>\n\t\t<\/p>\n\t<\/div>\n\t<div class=\"column\">\n\t\t<p><label><br \/>\nSpole\u010dnost*<br \/>\n<span class=\"wpcf7-form-control-wrap\" data-name=\"your-company\"><input size=\"40\" class=\"wpcf7-form-control wpcf7-text wpcf7-validates-as-required\" aria-required=\"true\" aria-invalid=\"false\" value=\"\" type=\"text\" name=\"your-company\" \/><\/span><br \/>\n<\/label>\n\t\t<\/p>\n\t<\/div>\n\t<div class=\"column\">\n\t\t<p><label><br \/>\nTelefon*<br \/>\n<span class=\"wpcf7-form-control-wrap\" data-name=\"tel\"><input size=\"40\" class=\"wpcf7-form-control wpcf7-text wpcf7-tel wpcf7-validates-as-required wpcf7-validates-as-tel\" aria-required=\"true\" aria-invalid=\"false\" value=\"\" type=\"tel\" name=\"tel\" \/><\/span><br \/>\n<\/label>\n\t\t<\/p>\n\t<\/div>\n\t<div class=\"column\">\n\t\t<p><label><br \/>\nTypy produkt\u016f, kter\u00e9 prod\u00e1v\u00e1te:*<br \/>\n<span class=\"wpcf7-form-control-wrap\" data-name=\"Typyproduktov\"><input size=\"40\" class=\"wpcf7-form-control wpcf7-text wpcf7-validates-as-required\" aria-required=\"true\" aria-invalid=\"false\" value=\"\" type=\"text\" name=\"Typyproduktov\" \/><\/span><br \/>\n<\/label>\n\t\t<\/p>\n\t<\/div>\n\t<div class=\"column\">\n\t\t<p><label><br \/>\nTyp obchodu, ve kter\u00e9m prod\u00e1v\u00e1te va\u0161e produkty: *<br \/>\n<span class=\"wpcf7-form-control-wrap\" data-name=\"checkbox-276\"><span class=\"wpcf7-form-control wpcf7-checkbox\"><span class=\"wpcf7-list-item first\"><input type=\"checkbox\" name=\"checkbox-276[]\" value=\"Kamenn\u00e1 prodejna\" tabindex=\"\" \/><span class=\"wpcf7-list-item-label\">Kamenn\u00e1 prodejna<\/span><\/span><span class=\"wpcf7-list-item\"><input type=\"checkbox\" name=\"checkbox-276[]\" value=\"E-shop\" tabindex=\"\" \/><span class=\"wpcf7-list-item-label\">E-shop<\/span><\/span><span class=\"wpcf7-list-item last\"><input type=\"checkbox\" name=\"checkbox-276[]\" value=\"Jin\u00e9 (definujte ve zpr\u00e1v\u011b)\" tabindex=\"\" \/><span class=\"wpcf7-list-item-label\">Jin\u00e9 (definujte ve zpr\u00e1v\u011b)<\/span><\/span><\/span><\/span><br \/>\n<\/label>\n\t\t<\/p>\n\t<\/div>\n\t<div class=\"column\">\n\t\t<p><label><br \/>\nZem\u011b, v nich\u017e p\u016fsob\u00edte?*<br \/>\n<span class=\"wpcf7-form-control-wrap\" data-name=\"Krajiny\"><input size=\"40\" class=\"wpcf7-form-control wpcf7-text wpcf7-validates-as-required\" aria-required=\"true\" aria-invalid=\"false\" value=\"\" type=\"text\" name=\"Krajiny\" \/><\/span><br \/>\n<\/label>\n\t\t<\/p>\n\t<\/div>\n\t<div class=\"column\">\n\t\t<p><label><br \/>\nM\u00e1te web? Pokud ano, vlo\u017ete pros\u00edm URL adresu.*<br \/>\n<span class=\"wpcf7-form-control-wrap\" data-name=\"Mateweb\"><input size=\"40\" class=\"wpcf7-form-control wpcf7-text wpcf7-validates-as-required\" aria-required=\"true\" aria-invalid=\"false\" value=\"\" type=\"text\" name=\"Mateweb\" \/><\/span><br \/>\n<\/label>\n\t\t<\/p>\n\t<\/div>\n\t<div class=\"column\">\n\t\t<p><label><br \/>\nV kolika prodejn\u00e1ch pl\u00e1nujete nab\u00edzet<br \/>\nna\u0161e produkty?*<br \/>\n<span class=\"wpcf7-form-control-wrap\" data-name=\"predajne\"><input size=\"40\" class=\"wpcf7-form-control wpcf7-text wpcf7-validates-as-required\" aria-required=\"true\" aria-invalid=\"false\" value=\"\" type=\"text\" name=\"predajne\" \/><\/span><br \/>\n<\/label>\n\t\t<\/p>\n\t<\/div>\n\t<div class=\"column\">\n\t\t<p><label><br \/>\nProd\u00e1v\u00e1te nebo pl\u00e1nujete prod\u00e1vat produkty<br \/>\nonline (napr. Amazon, e-Bay, jin\u00e9)*<br \/>\n<span class=\"wpcf7-form-control-wrap\" data-name=\"onlineee\"><input size=\"40\" class=\"wpcf7-form-control wpcf7-text wpcf7-validates-as-required\" aria-required=\"true\" aria-invalid=\"false\" value=\"\" type=\"text\" name=\"onlineee\" \/><\/span><br \/>\n<\/label>\n\t\t<\/p>\n\t<\/div>\n\t<div class=\"one-column\">\n\t\t<p><label> Va\u0161e spr\u00e1va *<br \/>\n<span class=\"wpcf7-form-control-wrap\" data-name=\"your-message\"><textarea cols=\"40\" rows=\"10\" class=\"wpcf7-form-control wpcf7-textarea wpcf7-validates-as-required\" aria-required=\"true\" aria-invalid=\"false\" name=\"your-message\"><\/textarea><\/span><br \/>\n<\/label>\n\t\t<\/p>\n\t<\/div>\n\t<div>\n\t\t<p><button class=\"wpcf7-form-control wpcf7-submit button\" type=\"submit\">Odeslat<\/button>\n\t\t<\/p>\n\t<\/div>\n<\/div><div class=\"wpcf7-response-output\" aria-hidden=\"true\"><\/div>\n<\/form>\n<\/div>\n\n<\/div>\n<\/div><\/div><\/div><\/div><div id=\"pg-1860-4\"  class=\"panel-grid panel-no-style\" ><div id=\"pgc-1860-4-0\"  class=\"panel-grid-cell\" ><div id=\"panel-1860-4-0-0\" class=\"so-panel widget widget_sow-editor panel-first-child panel-last-child\" data-index=\"6\" ><div\n\t\t\t\n\t\t\tclass=\"so-widget-sow-editor so-widget-sow-editor-base\"\n\t\t\t\n\t\t>\n<div class=\"siteorigin-widget-tinymce textwidget\">\n\t<h3>V\u011b\u0159\u00edme, \u017ee s na\u0161imi produkty budete spokojeni nejen vy, ale i va\u0161i z\u00e1kazn\u00edci. U\u017e te\u010f se t\u011b\u0161\u00edme na spolupr\u00e1ci.<\/h3>\n<p>&nbsp;<\/p>\n<p><a class=\"button brand-color-3\" title=\"\" href=\"..\/kontakt\/\">KONTAKT<\/a><\/p>\n<\/div>\n<\/div><\/div><\/div><div id=\"pgc-1860-4-1\"  class=\"panel-grid-cell\" ><div id=\"panel-1860-4-1-0\" class=\"so-panel widget widget_sow-image panel-first-child panel-last-child\" data-index=\"7\" ><div\n\t\t\t\n\t\t\tclass=\"so-widget-sow-image so-widget-sow-image-default-d6014b76747a-1860\"\n\t\t\t\n\t\t>\n\n<div class=\"sow-image-container\">\n\t\t<img src=\"https:\/\/www.boratree.organic\/wp-content\/uploads\/2021\/03\/9-copy-1024x630.jpg\" width=\"1024\" height=\"630\" srcset=\"https:\/\/www.boratree.organic\/wp-content\/uploads\/2021\/03\/9-copy-1024x630.jpg 1024w, https:\/\/www.boratree.organic\/wp-content\/uploads\/2021\/03\/9-copy-300x185.jpg 300w, https:\/\/www.boratree.organic\/wp-content\/uploads\/2021\/03\/9-copy-768x472.jpg 768w, https:\/\/www.boratree.organic\/wp-content\/uploads\/2021\/03\/9-copy-1536x945.jpg 1536w, https:\/\/www.boratree.organic\/wp-content\/uploads\/2021\/03\/9-copy-2048x1260.jpg 2048w, https:\/\/www.boratree.organic\/wp-content\/uploads\/2021\/03\/9-copy-480x295.jpg 480w, https:\/\/www.boratree.organic\/wp-content\/uploads\/2021\/03\/9-copy-992x610.jpg 992w, https:\/\/www.boratree.organic\/wp-content\/uploads\/2021\/03\/9-copy-1200x738.jpg 1200w, https:\/\/www.boratree.organic\/wp-content\/uploads\/2021\/03\/9-copy-600x369.jpg 600w\" sizes=\"(max-width: 1024px) 100vw, 1024px\" title=\"Serious woman doing relaxation exercise at home\" alt=\"\" loading=\"lazy\" \t\tclass=\"so-widget-image\"\/>\n\t<\/div>\n\n<\/div><\/div><\/div><\/div><\/div>","protected":false},"excerpt":{"rendered":"<p>Berete p\u0159i sv\u00e9m podnik\u00e1n\u00ed ohled na p\u0159\u00edrodu a zaujaly v\u00e1s na\u0161e organick\u00e9 certifikovan\u00e9 produkty? Spole\u010dn\u011b m\u016f\u017eeme lidem nab\u00eddnout v\u00fd\u017eivov\u00e9 dopl\u0148ky pr\u00e9miov\u00e9 kvality, kter\u00e9 jim dodaj\u00ed pot\u0159ebn\u00e9 \u017eiviny.<\/p>\n","protected":false},"author":4,"featured_media":1862,"parent":0,"menu_order":0,"comment_status":"closed","ping_status":"closed","template":"","meta":[],"acf":[],"yoast_head":"<!-- This site is optimized with the Yoast SEO plugin v20.0 - https:\/\/yoast.com\/wordpress\/plugins\/seo\/ -->\n<title>Spolupr\u00e1ce (B2B) - BoraTree<\/title>\n<meta name=\"robots\" content=\"index, follow, max-snippet:-1, max-image-preview:large, max-video-preview:-1\" \/>\n<link rel=\"canonical\" href=\"https:\/\/www.boratree.organic\/cs\/spoluprace-b2b\/\" \/>\n<meta property=\"og:locale\" content=\"cs_CZ\" \/>\n<meta property=\"og:type\" content=\"article\" \/>\n<meta property=\"og:title\" content=\"Spolupr\u00e1ce (B2B) - BoraTree\" \/>\n<meta property=\"og:description\" content=\"Berete p\u0159i sv\u00e9m podnik\u00e1n\u00ed ohled na p\u0159\u00edrodu a zaujaly v\u00e1s na\u0161e organick\u00e9 certifikovan\u00e9 produkty? Spole\u010dn\u011b m\u016f\u017eeme lidem nab\u00eddnout v\u00fd\u017eivov\u00e9 dopl\u0148ky pr\u00e9miov\u00e9 kvality, kter\u00e9 jim dodaj\u00ed pot\u0159ebn\u00e9 \u017eiviny.\" \/>\n<meta property=\"og:url\" content=\"https:\/\/www.boratree.organic\/cs\/spoluprace-b2b\/\" \/>\n<meta property=\"og:site_name\" content=\"BoraTree\" \/>\n<meta property=\"article:modified_time\" content=\"2022-10-06T06:45:30+00:00\" \/>\n<meta property=\"og:image\" content=\"https:\/\/www.boratree.organic\/wp-content\/uploads\/2020\/12\/4-3.jpg\" \/>\n\t<meta property=\"og:image:width\" content=\"2800\" \/>\n\t<meta property=\"og:image:height\" content=\"875\" \/>\n\t<meta property=\"og:image:type\" content=\"image\/jpeg\" \/>\n<meta name=\"twitter:card\" content=\"summary_large_image\" \/>\n<meta name=\"twitter:label1\" content=\"Odhadovan\u00e1 doba \u010dten\u00ed\" \/>\n\t<meta name=\"twitter:data1\" content=\"2 minuty\" \/>\n<script type=\"application\/ld+json\" class=\"yoast-schema-graph\">{\"@context\":\"https:\/\/schema.org\",\"@graph\":[{\"@type\":\"WebPage\",\"@id\":\"https:\/\/www.boratree.organic\/cs\/spoluprace-b2b\/\",\"url\":\"https:\/\/www.boratree.organic\/cs\/spoluprace-b2b\/\",\"name\":\"Spolupr\u00e1ce (B2B) - BoraTree\",\"isPartOf\":{\"@id\":\"https:\/\/www.boratree.organic\/cs\/#website\"},\"datePublished\":\"2020-09-21T14:17:29+00:00\",\"dateModified\":\"2022-10-06T06:45:30+00:00\",\"breadcrumb\":{\"@id\":\"https:\/\/www.boratree.organic\/cs\/spoluprace-b2b\/#breadcrumb\"},\"inLanguage\":\"cs\",\"potentialAction\":[{\"@type\":\"ReadAction\",\"target\":[\"https:\/\/www.boratree.organic\/cs\/spoluprace-b2b\/\"]}]},{\"@type\":\"BreadcrumbList\",\"@id\":\"https:\/\/www.boratree.organic\/cs\/spoluprace-b2b\/#breadcrumb\",\"itemListElement\":[{\"@type\":\"ListItem\",\"position\":1,\"name\":\"Home\",\"item\":\"https:\/\/www.boratree.organic\/cs\/\"},{\"@type\":\"ListItem\",\"position\":2,\"name\":\"Spolupr\u00e1ce (B2B)\"}]},{\"@type\":\"WebSite\",\"@id\":\"https:\/\/www.boratree.organic\/cs\/#website\",\"url\":\"https:\/\/www.boratree.organic\/cs\/\",\"name\":\"BoraTree\",\"description\":\"\",\"potentialAction\":[{\"@type\":\"SearchAction\",\"target\":{\"@type\":\"EntryPoint\",\"urlTemplate\":\"https:\/\/www.boratree.organic\/cs\/?s={search_term_string}\"},\"query-input\":\"required name=search_term_string\"}],\"inLanguage\":\"cs\"}]}<\/script>\n<!-- \/ Yoast SEO plugin. -->","yoast_head_json":{"title":"Spolupr\u00e1ce (B2B) - BoraTree","robots":{"index":"index","follow":"follow","max-snippet":"max-snippet:-1","max-image-preview":"max-image-preview:large","max-video-preview":"max-video-preview:-1"},"canonical":"https:\/\/www.boratree.organic\/cs\/spoluprace-b2b\/","og_locale":"cs_CZ","og_type":"article","og_title":"Spolupr\u00e1ce (B2B) - BoraTree","og_description":"Berete p\u0159i sv\u00e9m podnik\u00e1n\u00ed ohled na p\u0159\u00edrodu a zaujaly v\u00e1s na\u0161e organick\u00e9 certifikovan\u00e9 produkty? Spole\u010dn\u011b m\u016f\u017eeme lidem nab\u00eddnout v\u00fd\u017eivov\u00e9 dopl\u0148ky pr\u00e9miov\u00e9 kvality, kter\u00e9 jim dodaj\u00ed pot\u0159ebn\u00e9 \u017eiviny.","og_url":"https:\/\/www.boratree.organic\/cs\/spoluprace-b2b\/","og_site_name":"BoraTree","article_modified_time":"2022-10-06T06:45:30+00:00","og_image":[{"width":2800,"height":875,"url":"https:\/\/www.boratree.organic\/wp-content\/uploads\/2020\/12\/4-3.jpg","type":"image\/jpeg"}],"twitter_card":"summary_large_image","twitter_misc":{"Odhadovan\u00e1 doba \u010dten\u00ed":"2 minuty"},"schema":{"@context":"https:\/\/schema.org","@graph":[{"@type":"WebPage","@id":"https:\/\/www.boratree.organic\/cs\/spoluprace-b2b\/","url":"https:\/\/www.boratree.organic\/cs\/spoluprace-b2b\/","name":"Spolupr\u00e1ce (B2B) - BoraTree","isPartOf":{"@id":"https:\/\/www.boratree.organic\/cs\/#website"},"datePublished":"2020-09-21T14:17:29+00:00","dateModified":"2022-10-06T06:45:30+00:00","breadcrumb":{"@id":"https:\/\/www.boratree.organic\/cs\/spoluprace-b2b\/#breadcrumb"},"inLanguage":"cs","potentialAction":[{"@type":"ReadAction","target":["https:\/\/www.boratree.organic\/cs\/spoluprace-b2b\/"]}]},{"@type":"BreadcrumbList","@id":"https:\/\/www.boratree.organic\/cs\/spoluprace-b2b\/#breadcrumb","itemListElement":[{"@type":"ListItem","position":1,"name":"Home","item":"https:\/\/www.boratree.organic\/cs\/"},{"@type":"ListItem","position":2,"name":"Spolupr\u00e1ce (B2B)"}]},{"@type":"WebSite","@id":"https:\/\/www.boratree.organic\/cs\/#website","url":"https:\/\/www.boratree.organic\/cs\/","name":"BoraTree","description":"","potentialAction":[{"@type":"SearchAction","target":{"@type":"EntryPoint","urlTemplate":"https:\/\/www.boratree.organic\/cs\/?s={search_term_string}"},"query-input":"required name=search_term_string"}],"inLanguage":"cs"}]}},"_links":{"self":[{"href":"https:\/\/www.boratree.organic\/cs\/wp-json\/wp\/v2\/pages\/1860"}],"collection":[{"href":"https:\/\/www.boratree.organic\/cs\/wp-json\/wp\/v2\/pages"}],"about":[{"href":"https:\/\/www.boratree.organic\/cs\/wp-json\/wp\/v2\/types\/page"}],"author":[{"embeddable":true,"href":"https:\/\/www.boratree.organic\/cs\/wp-json\/wp\/v2\/users\/4"}],"replies":[{"embeddable":true,"href":"https:\/\/www.boratree.organic\/cs\/wp-json\/wp\/v2\/comments?post=1860"}],"version-history":[{"count":14,"href":"https:\/\/www.boratree.organic\/cs\/wp-json\/wp\/v2\/pages\/1860\/revisions"}],"predecessor-version":[{"id":5619,"href":"https:\/\/www.boratree.organic\/cs\/wp-json\/wp\/v2\/pages\/1860\/revisions\/5619"}],"wp:featuredmedia":[{"embeddable":true,"href":"https:\/\/www.boratree.organic\/cs\/wp-json\/wp\/v2\/media\/1862"}],"wp:attachment":[{"href":"https:\/\/www.boratree.organic\/cs\/wp-json\/wp\/v2\/media?parent=1860"}],"curies":[{"name":"wp","href":"https:\/\/api.w.org\/{rel}","templated":true}]}}