{"id":1953,"date":"2021-01-12T09:11:21","date_gmt":"2021-01-12T08:11:21","guid":{"rendered":"https:\/\/www.boratree.organic\/doprava-a-platba\/"},"modified":"2021-04-01T14:29:32","modified_gmt":"2021-04-01T12:29:32","slug":"doprava-a-platba","status":"publish","type":"page","link":"https:\/\/www.boratree.organic\/cs\/doprava-a-platba\/","title":{"rendered":"Doprava a platba"},"content":{"rendered":"<div id=\"pl-1953\"  class=\"panel-layout\" ><div id=\"pg-1953-0\"  class=\"panel-grid panel-no-style\" ><div id=\"pgc-1953-0-0\"  class=\"panel-grid-cell\" ><div id=\"panel-1953-0-0-0\" class=\"so-panel widget widget_sow-editor panel-first-child panel-last-child\" data-index=\"0\" ><div\n\t\t\t\n\t\t\tclass=\"so-widget-sow-editor so-widget-sow-editor-base\"\n\t\t\t\n\t\t>\n<div class=\"siteorigin-widget-tinymce textwidget\">\n\t<h2>Doprava<\/h2>\n<ul>\n<li>Zbo\u017e\u00ed standardn\u011b dod\u00e1v\u00e1me na \u00fazem\u00ed st\u00e1t\u016f Evropsk\u00e9 unie krom\u011b Malty a Kypru.<\/li>\n<li>Seznam p\u0159epravc\u016f a cen naleznete v \u010d\u00e1sti ko\u0161\u00edk - pokladna.<\/li>\n<li><span style=\"font-weight: 400\">Zbo\u017e\u00ed odes\u00edl\u00e1me do 24 hodin od p\u0159ijet\u00ed objedn\u00e1vky. <\/span><\/li>\n<li>P\u0159i objedn\u00e1vce nad 100 eur, kter\u00e1 se doru\u010duje na Slovensko, do \u010cesk\u00e9 republiky, Rakouska, N\u011bmecka, Polska a Ma\u010farska, je doprava zdarma.<\/li>\n<\/ul>\n<h2>Platba<\/h2>\n<p>Za zbo\u017e\u00ed m\u016f\u017eete platit n\u00e1sledovn\u011b:<\/p>\n<p><strong>1. P\u0159i p\u0159evzet\u00ed zbo\u017e\u00ed na dob\u00edrku<\/strong><\/p>\n<p>Tento zp\u016fsob platby je mo\u017en\u00fd pouze p\u0159i doru\u010dov\u00e1n\u00ed zbo\u017e\u00ed na Slovensko, do \u010cesk\u00e9 republiky, Polska a Ma\u010farska. Zbo\u017e\u00ed zaplat\u00edte p\u0159epravci v hotovosti nebo kartou p\u0159i p\u0159evzet\u00ed z\u00e1silky na v\u00e1mi uveden\u00e9 adrese. Administrativn\u00ed poplatek za platbu na dob\u00edrku naleznete v \u010d\u00e1sti ko\u0161\u00edk - pokladna.<\/p>\n<p><strong>2. Bankovn\u00edm p\u0159evodem<\/strong><\/p>\n<p>Platbu za zbo\u017e\u00ed m\u016f\u017eete realizovat i prost\u0159ednictv\u00edm elektronick\u00e9ho bankovnictv\u00ed. Po odesl\u00e1n\u00ed objedn\u00e1vky v\u00e1m na va\u0161i e-mailovou adresu za\u0161leme informace pot\u0159ebn\u00e9 pro uskute\u010dn\u011bn\u00ed platby p\u0159es elektronick\u00e9 bankovnictv\u00ed. Pros\u00edm vypl\u0148te v\u0161echny pot\u0159ebn\u00e9 \u00fadaje, zejm\u00e9na variabiln\u00ed symbol uveden\u00fd na z\u00e1lohov\u00e9 faktu\u0159e, aby se platba spr\u00e1vn\u011b zaevidovala. Po zaevidov\u00e1n\u00ed platby na na\u0161em \u00fa\u010dtu v\u00e1m ode\u0161leme zbo\u017e\u00ed na adresu uvedenou v objedn\u00e1vce.<\/p>\n<p><strong>3. Platebn\u00ed kartou prost\u0159ednictv\u00edm platebn\u00ed br\u00e1ny Global Payments<\/strong><\/p>\n<p>Zbo\u017e\u00ed m\u016f\u017eete uhradit po vytvo\u0159en\u00ed objedn\u00e1vky prost\u0159ednictv\u00edm platebn\u00ed karty. Moment\u00e1ln\u011b akceptujeme platebn\u00ed karty VISA, VISA Electron, Maestro a MasterCard.<\/p>\n<\/div>\n<\/div><\/div><\/div><\/div><\/div>","protected":false},"excerpt":{"rendered":"<p>Doprava Zbo\u017e\u00ed standardn\u011b dod\u00e1v\u00e1me na \u00fazem\u00ed st\u00e1t\u016f Evropsk\u00e9 unie krom\u011b Malty a Kypru. Seznam p\u0159epravc\u016f a cen naleznete v \u010d\u00e1sti ko\u0161\u00edk &#8211; pokladna. Zbo\u017e\u00ed odes\u00edl\u00e1me do 24 hodin od p\u0159ijet\u00ed objedn\u00e1vky. P\u0159i objedn\u00e1vce nad 100 eur, kter\u00e1 se doru\u010duje na Slovensko, do \u010cesk\u00e9 republiky, Rakouska, N\u011bmecka, Polska a Ma\u010farska, je doprava zdarma. Platba Za zbo\u017e\u00ed [&hellip;]<\/p>\n","protected":false},"author":2,"featured_media":1880,"parent":0,"menu_order":0,"comment_status":"closed","ping_status":"closed","template":"","meta":[],"acf":[],"yoast_head":"<!-- This site is optimized with the Yoast SEO plugin v20.0 - https:\/\/yoast.com\/wordpress\/plugins\/seo\/ -->\n<title>Doprava a platba - BoraTree<\/title>\n<meta name=\"robots\" content=\"index, follow, max-snippet:-1, max-image-preview:large, max-video-preview:-1\" \/>\n<link rel=\"canonical\" href=\"https:\/\/www.boratree.organic\/cs\/doprava-a-platba\/\" \/>\n<meta property=\"og:locale\" content=\"cs_CZ\" \/>\n<meta property=\"og:type\" content=\"article\" \/>\n<meta property=\"og:title\" content=\"Doprava a platba - BoraTree\" \/>\n<meta property=\"og:description\" content=\"Doprava Zbo\u017e\u00ed standardn\u011b dod\u00e1v\u00e1me na \u00fazem\u00ed st\u00e1t\u016f Evropsk\u00e9 unie krom\u011b Malty a Kypru. Seznam p\u0159epravc\u016f a cen naleznete v \u010d\u00e1sti ko\u0161\u00edk - pokladna. Zbo\u017e\u00ed odes\u00edl\u00e1me do 24 hodin od p\u0159ijet\u00ed objedn\u00e1vky. P\u0159i objedn\u00e1vce nad 100 eur, kter\u00e1 se doru\u010duje na Slovensko, do \u010cesk\u00e9 republiky, Rakouska, N\u011bmecka, Polska a Ma\u010farska, je doprava zdarma. Platba Za zbo\u017e\u00ed [&hellip;]\" \/>\n<meta property=\"og:url\" content=\"https:\/\/www.boratree.organic\/cs\/doprava-a-platba\/\" \/>\n<meta property=\"og:site_name\" content=\"BoraTree\" \/>\n<meta property=\"article:modified_time\" content=\"2021-04-01T12:29:32+00:00\" \/>\n<meta property=\"og:image\" content=\"https:\/\/www.boratree.organic\/wp-content\/uploads\/2020\/09\/pexels-quang-nguyen-vinh-2166711.jpg\" \/>\n\t<meta property=\"og:image:width\" content=\"2500\" \/>\n\t<meta property=\"og:image:height\" content=\"780\" \/>\n\t<meta property=\"og:image:type\" content=\"image\/jpeg\" \/>\n<meta name=\"twitter:card\" content=\"summary_large_image\" \/>\n<meta name=\"twitter:label1\" content=\"Odhadovan\u00e1 doba \u010dten\u00ed\" \/>\n\t<meta name=\"twitter:data1\" content=\"1 minuta\" \/>\n<script type=\"application\/ld+json\" class=\"yoast-schema-graph\">{\"@context\":\"https:\/\/schema.org\",\"@graph\":[{\"@type\":\"WebPage\",\"@id\":\"https:\/\/www.boratree.organic\/cs\/doprava-a-platba\/\",\"url\":\"https:\/\/www.boratree.organic\/cs\/doprava-a-platba\/\",\"name\":\"Doprava a platba - BoraTree\",\"isPartOf\":{\"@id\":\"https:\/\/www.boratree.organic\/cs\/#website\"},\"datePublished\":\"2021-01-12T08:11:21+00:00\",\"dateModified\":\"2021-04-01T12:29:32+00:00\",\"breadcrumb\":{\"@id\":\"https:\/\/www.boratree.organic\/cs\/doprava-a-platba\/#breadcrumb\"},\"inLanguage\":\"cs\",\"potentialAction\":[{\"@type\":\"ReadAction\",\"target\":[\"https:\/\/www.boratree.organic\/cs\/doprava-a-platba\/\"]}]},{\"@type\":\"BreadcrumbList\",\"@id\":\"https:\/\/www.boratree.organic\/cs\/doprava-a-platba\/#breadcrumb\",\"itemListElement\":[{\"@type\":\"ListItem\",\"position\":1,\"name\":\"Home\",\"item\":\"https:\/\/www.boratree.organic\/cs\/\"},{\"@type\":\"ListItem\",\"position\":2,\"name\":\"Doprava a platba\"}]},{\"@type\":\"WebSite\",\"@id\":\"https:\/\/www.boratree.organic\/cs\/#website\",\"url\":\"https:\/\/www.boratree.organic\/cs\/\",\"name\":\"BoraTree\",\"description\":\"\",\"potentialAction\":[{\"@type\":\"SearchAction\",\"target\":{\"@type\":\"EntryPoint\",\"urlTemplate\":\"https:\/\/www.boratree.organic\/cs\/?s={search_term_string}\"},\"query-input\":\"required name=search_term_string\"}],\"inLanguage\":\"cs\"}]}<\/script>\n<!-- \/ Yoast SEO plugin. -->","yoast_head_json":{"title":"Doprava a platba - BoraTree","robots":{"index":"index","follow":"follow","max-snippet":"max-snippet:-1","max-image-preview":"max-image-preview:large","max-video-preview":"max-video-preview:-1"},"canonical":"https:\/\/www.boratree.organic\/cs\/doprava-a-platba\/","og_locale":"cs_CZ","og_type":"article","og_title":"Doprava a platba - BoraTree","og_description":"Doprava Zbo\u017e\u00ed standardn\u011b dod\u00e1v\u00e1me na \u00fazem\u00ed st\u00e1t\u016f Evropsk\u00e9 unie krom\u011b Malty a Kypru. Seznam p\u0159epravc\u016f a cen naleznete v \u010d\u00e1sti ko\u0161\u00edk - pokladna. Zbo\u017e\u00ed odes\u00edl\u00e1me do 24 hodin od p\u0159ijet\u00ed objedn\u00e1vky. P\u0159i objedn\u00e1vce nad 100 eur, kter\u00e1 se doru\u010duje na Slovensko, do \u010cesk\u00e9 republiky, Rakouska, N\u011bmecka, Polska a Ma\u010farska, je doprava zdarma. Platba Za zbo\u017e\u00ed [&hellip;]","og_url":"https:\/\/www.boratree.organic\/cs\/doprava-a-platba\/","og_site_name":"BoraTree","article_modified_time":"2021-04-01T12:29:32+00:00","og_image":[{"width":2500,"height":780,"url":"https:\/\/www.boratree.organic\/wp-content\/uploads\/2020\/09\/pexels-quang-nguyen-vinh-2166711.jpg","type":"image\/jpeg"}],"twitter_card":"summary_large_image","twitter_misc":{"Odhadovan\u00e1 doba \u010dten\u00ed":"1 minuta"},"schema":{"@context":"https:\/\/schema.org","@graph":[{"@type":"WebPage","@id":"https:\/\/www.boratree.organic\/cs\/doprava-a-platba\/","url":"https:\/\/www.boratree.organic\/cs\/doprava-a-platba\/","name":"Doprava a platba - BoraTree","isPartOf":{"@id":"https:\/\/www.boratree.organic\/cs\/#website"},"datePublished":"2021-01-12T08:11:21+00:00","dateModified":"2021-04-01T12:29:32+00:00","breadcrumb":{"@id":"https:\/\/www.boratree.organic\/cs\/doprava-a-platba\/#breadcrumb"},"inLanguage":"cs","potentialAction":[{"@type":"ReadAction","target":["https:\/\/www.boratree.organic\/cs\/doprava-a-platba\/"]}]},{"@type":"BreadcrumbList","@id":"https:\/\/www.boratree.organic\/cs\/doprava-a-platba\/#breadcrumb","itemListElement":[{"@type":"ListItem","position":1,"name":"Home","item":"https:\/\/www.boratree.organic\/cs\/"},{"@type":"ListItem","position":2,"name":"Doprava a platba"}]},{"@type":"WebSite","@id":"https:\/\/www.boratree.organic\/cs\/#website","url":"https:\/\/www.boratree.organic\/cs\/","name":"BoraTree","description":"","potentialAction":[{"@type":"SearchAction","target":{"@type":"EntryPoint","urlTemplate":"https:\/\/www.boratree.organic\/cs\/?s={search_term_string}"},"query-input":"required name=search_term_string"}],"inLanguage":"cs"}]}},"_links":{"self":[{"href":"https:\/\/www.boratree.organic\/cs\/wp-json\/wp\/v2\/pages\/1953"}],"collection":[{"href":"https:\/\/www.boratree.organic\/cs\/wp-json\/wp\/v2\/pages"}],"about":[{"href":"https:\/\/www.boratree.organic\/cs\/wp-json\/wp\/v2\/types\/page"}],"author":[{"embeddable":true,"href":"https:\/\/www.boratree.organic\/cs\/wp-json\/wp\/v2\/users\/2"}],"replies":[{"embeddable":true,"href":"https:\/\/www.boratree.organic\/cs\/wp-json\/wp\/v2\/comments?post=1953"}],"version-history":[{"count":8,"href":"https:\/\/www.boratree.organic\/cs\/wp-json\/wp\/v2\/pages\/1953\/revisions"}],"predecessor-version":[{"id":3338,"href":"https:\/\/www.boratree.organic\/cs\/wp-json\/wp\/v2\/pages\/1953\/revisions\/3338"}],"wp:featuredmedia":[{"embeddable":true,"href":"https:\/\/www.boratree.organic\/cs\/wp-json\/wp\/v2\/media\/1880"}],"wp:attachment":[{"href":"https:\/\/www.boratree.organic\/cs\/wp-json\/wp\/v2\/media?parent=1953"}],"curies":[{"name":"wp","href":"https:\/\/api.w.org\/{rel}","templated":true}]}}