{"id":1659,"date":"2022-10-29T07:55:13","date_gmt":"2020-08-06T05:55:13","guid":{"rendered":"https:\/\/www.boratree.organic\/produkt\/bio-bora-reborn-360-g\/"},"modified":"2024-08-01T01:28:54","modified_gmt":"2024-07-31T23:28:54","slug":"bio-bora-reborn","status":"publish","type":"product","link":"https:\/\/www.boratree.organic\/cs\/produkt\/bio-bora-reborn\/","title":{"rendered":"Bio bora Reborn"},"content":{"rendered":"<div id=\"pl-1659\"  class=\"panel-layout\" ><div id=\"pg-1659-0\"  class=\"panel-grid panel-no-style\" ><div id=\"pgc-1659-0-0\"  class=\"panel-grid-cell\" ><div id=\"panel-1659-0-0-0\" class=\"so-panel widget widget_sow-editor panel-first-child panel-last-child\" data-index=\"0\" ><div\n\t\t\t\n\t\t\tclass=\"so-widget-sow-editor so-widget-sow-editor-base\"\n\t\t\t\n\t\t>\n<div class=\"siteorigin-widget-tinymce textwidget\">\n\t<p>Bu\u010fte ka\u017ed\u00fd den jako <strong>znovuzrozen\u00ed <\/strong>a\u00a0vyu\u017eijte <strong>naplno sv\u016fj potenci\u00e1l<\/strong>. Bio bora Reborn je v\u00fd\u017eivov\u00fdm dopl\u0148kem, kter\u00fd v\u00e1m k tomu dopom\u016f\u017ee. Unik\u00e1tn\u00ed sm\u011bs ingredienc\u00ed v <strong>100% BIO<\/strong> kvalit\u011b obsahuje <strong>vitam\u00edny, miner\u00e1ln\u00ed l\u00e1tky, aminokyseliny<\/strong> a\u00a0dal\u0161\u00ed cenn\u00e9 pigmenty jako <a href=\"https:\/\/www.medicalnewstoday.com\/articles\/322361\">chlorofyl<\/a>, kter\u00e9 maj\u00ed \u0159adu p\u0159\u00edzniv\u00fdch \u00fa\u010dink\u016f pro podporu va\u0161eho zdrav\u00ed. \u017delezo p\u0159isp\u00edv\u00e1 ke <strong>sn\u00ed\u017een\u00ed \u00fanavy<\/strong>, norm\u00e1ln\u00ed<strong> kognitivn\u00ed funkci<\/strong>, norm\u00e1ln\u00ed funkci<strong> imunitn\u00edho syst\u00e9mu<\/strong> a norm\u00e1ln\u00edmu<strong> energetick\u00e9mu metabolismu<\/strong>. Mangan podporuje <strong>ochranu bun\u011bk p\u0159ed oxida\u010dn\u00edm stresem<\/strong>. Pokud hled\u00e1te<strong>\u00a0<\/strong><strong>bohat<\/strong><strong>\u00fd<\/strong><strong> zdroj <\/strong><a href=\"https:\/\/www.healthline.com\/nutrition\/22-high-fiber-foods#What-is-fiber?\">vl\u00e1kniny<\/a><strong>, <\/strong>denn\u00ed d\u00e1vka tohoto zelen\u00e9ho elix\u00edru by u v\u00e1s nem\u011bla chyb\u011bt.<\/p>\n<p>Bio bora Reborn tak\u00e9 ocen\u00ed ka\u017ed\u00fd, kdo vyzn\u00e1v\u00e1 aktivn\u00ed \u017eivotn\u00ed styl. Pokud d\u00e1te sv\u00e9mu t\u011blu po\u0159\u00e1dn\u011b zabrat sportovn\u00edm v\u00fdkonem, odm\u011b\u0148te ho d\u00e1vkou tohoto zelen\u00e9ho \u017eivotabudi\u010de. Obsahuje toti\u017e vysok\u00e9 mno\u017estv\u00ed b\u00edlkovin, kter\u00e9 podporuj\u00ed <strong>r\u016fst<\/strong> a\u00a0<strong>udr\u017een\u00ed svalov\u00e9 hmoty<\/strong>.<\/p>\n<p>Slo\u017een\u00ed Bio bora Reborn jsme pe\u010dliv\u011b sestavili ve spolupr\u00e1ci s odborn\u00edky na v\u00fd\u017eivu tak, abyste v r\u00e1mci <strong>12g denn\u00ed d\u00e1vky<\/strong> dostali do t\u011bla <strong>pot\u0159ebn\u00e9 \u017eiviny<\/strong> v optim\u00e1ln\u00edm mno\u017estv\u00ed. Spolehn\u011bte se tak na <strong>maxim\u00e1ln\u00ed efekt<\/strong>!<\/p>\n<\/div>\n<\/div><\/div><\/div><\/div><div id=\"pg-1659-1\"  class=\"panel-grid panel-no-style\" ><div id=\"pgc-1659-1-0\"  class=\"panel-grid-cell\" ><div id=\"panel-1659-1-0-0\" class=\"so-panel widget widget_sow-image panel-first-child\" data-index=\"1\" ><div class=\"panel-widget-style panel-widget-style-for-1659-1-0-0\" ><div\n\t\t\t\n\t\t\tclass=\"so-widget-sow-image so-widget-sow-image-default-d6014b76747a-1659\"\n\t\t\t\n\t\t>\n\n<div class=\"sow-image-container\">\n\t\t<img src=\"https:\/\/www.boratree.organic\/wp-content\/uploads\/2020\/08\/9e40dd676311962928107f801f3989dd-1.jpg\" width=\"1097\" height=\"737\" srcset=\"https:\/\/www.boratree.organic\/wp-content\/uploads\/2020\/08\/9e40dd676311962928107f801f3989dd-1.jpg 1097w, https:\/\/www.boratree.organic\/wp-content\/uploads\/2020\/08\/9e40dd676311962928107f801f3989dd-1-300x202.jpg 300w, https:\/\/www.boratree.organic\/wp-content\/uploads\/2020\/08\/9e40dd676311962928107f801f3989dd-1-1024x688.jpg 1024w, https:\/\/www.boratree.organic\/wp-content\/uploads\/2020\/08\/9e40dd676311962928107f801f3989dd-1-768x516.jpg 768w, https:\/\/www.boratree.organic\/wp-content\/uploads\/2020\/08\/9e40dd676311962928107f801f3989dd-1-480x322.jpg 480w, https:\/\/www.boratree.organic\/wp-content\/uploads\/2020\/08\/9e40dd676311962928107f801f3989dd-1-992x666.jpg 992w, https:\/\/www.boratree.organic\/wp-content\/uploads\/2020\/08\/9e40dd676311962928107f801f3989dd-1-600x403.jpg 600w, https:\/\/www.boratree.organic\/wp-content\/uploads\/2020\/08\/9e40dd676311962928107f801f3989dd-1-272x182.jpg 272w\" sizes=\"(max-width: 1097px) 100vw, 1097px\" title=\"9e40dd676311962928107f801f3989dd\" alt=\"\" loading=\"lazy\" \t\tclass=\"so-widget-image\"\/>\n\t<\/div>\n\n<\/div><\/div><\/div><div id=\"panel-1659-1-0-1\" class=\"so-panel widget widget_sow-editor panel-last-child\" data-index=\"2\" ><div\n\t\t\t\n\t\t\tclass=\"so-widget-sow-editor so-widget-sow-editor-base\"\n\t\t\t\n\t\t>\n<div class=\"siteorigin-widget-tinymce textwidget\">\n\t<h3>Mlad\u00fd je\u010dme\u0148<\/h3>\n<p>Mlad\u00fd je\u010dmen byl jednou z prvn\u00edch potravin v d\u011bjin\u00e1ch lidstva. S\u00edlu, energii a vytrvalost toti\u017e dod\u00e1val ji\u017e gladi\u00e1tor\u016fm ve star\u00e9m \u0158\u00edm\u011b. Pr\u00e1\u0161ek ze zelen\u00e9ho je\u010dmene je ide\u00e1ln\u00edm p\u0159\u00edrodn\u00edm zdrojem vl\u00e1kniny, enzym\u016f a miner\u00e1ln\u00edch l\u00e1tek, jako jsou v\u00e1pn\u00edk, ho\u0159\u010d\u00edk, \u017eelezo a zinek. Mlad\u00fd je\u010dmen t\u011blu dod\u00e1 energii a mno\u017estv\u00ed snadno vst\u0159ebateln\u00fdch \u017eivin.<\/p>\n<\/div>\n<\/div><\/div><\/div><div id=\"pgc-1659-1-1\"  class=\"panel-grid-cell\" ><div id=\"panel-1659-1-1-0\" class=\"so-panel widget widget_sow-image panel-first-child\" data-index=\"3\" ><div class=\"panel-widget-style panel-widget-style-for-1659-1-1-0\" ><div\n\t\t\t\n\t\t\tclass=\"so-widget-sow-image so-widget-sow-image-default-d6014b76747a-1659\"\n\t\t\t\n\t\t>\n\n<div class=\"sow-image-container\">\n\t\t<img src=\"https:\/\/www.boratree.organic\/wp-content\/uploads\/2020\/08\/lucuma-5c5682d6.jpg\" width=\"1097\" height=\"737\" srcset=\"https:\/\/www.boratree.organic\/wp-content\/uploads\/2020\/08\/lucuma-5c5682d6.jpg 1097w, https:\/\/www.boratree.organic\/wp-content\/uploads\/2020\/08\/lucuma-5c5682d6-300x202.jpg 300w, https:\/\/www.boratree.organic\/wp-content\/uploads\/2020\/08\/lucuma-5c5682d6-1024x688.jpg 1024w, https:\/\/www.boratree.organic\/wp-content\/uploads\/2020\/08\/lucuma-5c5682d6-768x516.jpg 768w, https:\/\/www.boratree.organic\/wp-content\/uploads\/2020\/08\/lucuma-5c5682d6-480x322.jpg 480w, https:\/\/www.boratree.organic\/wp-content\/uploads\/2020\/08\/lucuma-5c5682d6-992x666.jpg 992w, https:\/\/www.boratree.organic\/wp-content\/uploads\/2020\/08\/lucuma-5c5682d6-600x403.jpg 600w, https:\/\/www.boratree.organic\/wp-content\/uploads\/2020\/08\/lucuma-5c5682d6-272x182.jpg 272w\" sizes=\"(max-width: 1097px) 100vw, 1097px\" alt=\"\" loading=\"lazy\" \t\tclass=\"so-widget-image\"\/>\n\t<\/div>\n\n<\/div><\/div><\/div><div id=\"panel-1659-1-1-1\" class=\"so-panel widget widget_sow-editor panel-last-child\" data-index=\"4\" ><div\n\t\t\t\n\t\t\tclass=\"so-widget-sow-editor so-widget-sow-editor-base\"\n\t\t\t\n\t\t>\n<div class=\"siteorigin-widget-tinymce textwidget\">\n\t<h3>Lucuma<\/h3>\n<p>Poch\u00e1z\u00ed ze srdce Ji\u017en\u00ed Ameriky a naz\u00fdv\u00e1 se tak\u00e9 \u201ezlato Ink\u016f\u201c. A nen\u00ed to n\u00e1hoda. Lucuma je sladk\u00fd plod s p\u0159\u00edchut\u00ed karamelu obohacen\u00fd o esenci\u00e1ln\u00ed \u017eiviny. D\u00edky sv\u00e9mu v\u00fd\u017eivn\u00e9mu obsahu a\u00a0<a href=\"https:\/\/www.healthline.com\/nutrition\/low-glycemic-diet#the-glycemic-index-gi\">n\u00edzk\u00e9mu glykemick\u00e9mu indexu<\/a> je toto \u017elut\u00e9 ovoce zdravou alternativou sladidla. V\u00a0plodech lucumy tak\u00e9 najdeme rostlinn\u00e9 slou\u010deniny <a href=\"https:\/\/www.sciencedirect.com\/topics\/chemistry\/polyphenol\">polyfenoly<\/a> a\u00a0<a href=\"https:\/\/www.sciencedirect.com\/topics\/chemistry\/carotenoid\">karotenoidy<\/a>, kter\u00e9 se zkoumaj\u00ed pro sv\u00e9 antioxida\u010dn\u00ed vlastnosti.<\/p>\n<\/div>\n<\/div><\/div><\/div><div id=\"pgc-1659-1-2\"  class=\"panel-grid-cell\" ><div id=\"panel-1659-1-2-0\" class=\"so-panel widget widget_sow-image panel-first-child\" data-index=\"5\" ><div class=\"panel-widget-style panel-widget-style-for-1659-1-2-0\" ><div\n\t\t\t\n\t\t\tclass=\"so-widget-sow-image so-widget-sow-image-default-d6014b76747a-1659\"\n\t\t\t\n\t\t>\n\n<div class=\"sow-image-container\">\n\t\t<img src=\"https:\/\/www.boratree.organic\/wp-content\/uploads\/2020\/08\/wheat-grass-1.jpg\" width=\"1097\" height=\"737\" srcset=\"https:\/\/www.boratree.organic\/wp-content\/uploads\/2020\/08\/wheat-grass-1.jpg 1097w, https:\/\/www.boratree.organic\/wp-content\/uploads\/2020\/08\/wheat-grass-1-300x202.jpg 300w, https:\/\/www.boratree.organic\/wp-content\/uploads\/2020\/08\/wheat-grass-1-1024x688.jpg 1024w, https:\/\/www.boratree.organic\/wp-content\/uploads\/2020\/08\/wheat-grass-1-768x516.jpg 768w, https:\/\/www.boratree.organic\/wp-content\/uploads\/2020\/08\/wheat-grass-1-480x322.jpg 480w, https:\/\/www.boratree.organic\/wp-content\/uploads\/2020\/08\/wheat-grass-1-992x666.jpg 992w, https:\/\/www.boratree.organic\/wp-content\/uploads\/2020\/08\/wheat-grass-1-600x403.jpg 600w, https:\/\/www.boratree.organic\/wp-content\/uploads\/2020\/08\/wheat-grass-1-272x182.jpg 272w\" sizes=\"(max-width: 1097px) 100vw, 1097px\" title=\"wheat-grass\" alt=\"\" loading=\"lazy\" \t\tclass=\"so-widget-image\"\/>\n\t<\/div>\n\n<\/div><\/div><\/div><div id=\"panel-1659-1-2-1\" class=\"so-panel widget widget_sow-editor panel-last-child\" data-index=\"6\" ><div\n\t\t\t\n\t\t\tclass=\"so-widget-sow-editor so-widget-sow-editor-base\"\n\t\t\t\n\t\t>\n<div class=\"siteorigin-widget-tinymce textwidget\">\n\t<h3>P\u0161enice<\/h3>\n<p>Jedna z plodin, kterou lidstvo zn\u00e1 ji\u017e tis\u00edce let, je i p\u0161enice. Obl\u00edbenou formou je pr\u00e1v\u011b p\u0161eni\u010dn\u00e1 tr\u00e1va sklizen\u00e1 v obdob\u00ed, kdy je je\u0161t\u011b mlad\u00e1 a z\u00e1rove\u0148 nejv\u00edce v\u00fd\u017eivn\u00e1. D\u00edky <a href=\"https:\/\/www.ncbi.nlm.nih.gov\/pmc\/articles\/PMC5534514\/\">vysok\u00e9mu obsahu chlorofylu<\/a> je zn\u00e1m\u00e1 tak\u00e9 jako \u201ezelen\u00e1 krev\u201c. Je p\u0159\u00edrodn\u00edm zdrojem vl\u00e1kniny, vitam\u00edn\u016f A, C a miner\u00e1ln\u00edch l\u00e1tek jako \u017eelezo, zinek, v\u00e1pn\u00edk a m\u011b\u010f. Zelen\u00e1 p\u0161eni\u010dn\u00e1 tr\u00e1va je tak\u00e9 vhodnou volbou pro podporu detoxikace t\u011bla, proto\u017ee obsahuje <a href=\"https:\/\/www.ncbi.nlm.nih.gov\/pmc\/articles\/PMC5534514\/\">antioxida\u010dn\u00ed enzymy<\/a>.<\/p>\n<\/div>\n<\/div><\/div><\/div><\/div><div id=\"pg-1659-2\"  class=\"panel-grid panel-no-style\" ><div id=\"pgc-1659-2-0\"  class=\"panel-grid-cell\" ><div id=\"panel-1659-2-0-0\" class=\"so-panel widget widget_sow-image panel-first-child\" data-index=\"7\" ><div class=\"panel-widget-style panel-widget-style-for-1659-2-0-0\" ><div\n\t\t\t\n\t\t\tclass=\"so-widget-sow-image so-widget-sow-image-default-d6014b76747a-1659\"\n\t\t\t\n\t\t>\n\n<div class=\"sow-image-container\">\n\t\t<img src=\"https:\/\/www.boratree.organic\/wp-content\/uploads\/2020\/08\/shutterstock_1410728030-1024x683-1.jpg\" width=\"1097\" height=\"737\" srcset=\"https:\/\/www.boratree.organic\/wp-content\/uploads\/2020\/08\/shutterstock_1410728030-1024x683-1.jpg 1097w, https:\/\/www.boratree.organic\/wp-content\/uploads\/2020\/08\/shutterstock_1410728030-1024x683-1-300x202.jpg 300w, https:\/\/www.boratree.organic\/wp-content\/uploads\/2020\/08\/shutterstock_1410728030-1024x683-1-1024x688.jpg 1024w, https:\/\/www.boratree.organic\/wp-content\/uploads\/2020\/08\/shutterstock_1410728030-1024x683-1-768x516.jpg 768w, https:\/\/www.boratree.organic\/wp-content\/uploads\/2020\/08\/shutterstock_1410728030-1024x683-1-480x322.jpg 480w, https:\/\/www.boratree.organic\/wp-content\/uploads\/2020\/08\/shutterstock_1410728030-1024x683-1-992x666.jpg 992w, https:\/\/www.boratree.organic\/wp-content\/uploads\/2020\/08\/shutterstock_1410728030-1024x683-1-600x403.jpg 600w, https:\/\/www.boratree.organic\/wp-content\/uploads\/2020\/08\/shutterstock_1410728030-1024x683-1-272x182.jpg 272w\" sizes=\"(max-width: 1097px) 100vw, 1097px\" title=\"shutterstock_1410728030-1024&#215;683\" alt=\"\" loading=\"lazy\" \t\tclass=\"so-widget-image\"\/>\n\t<\/div>\n\n<\/div><\/div><\/div><div id=\"panel-1659-2-0-1\" class=\"so-panel widget widget_sow-editor panel-last-child\" data-index=\"8\" ><div\n\t\t\t\n\t\t\tclass=\"so-widget-sow-editor so-widget-sow-editor-base\"\n\t\t\t\n\t\t>\n<div class=\"siteorigin-widget-tinymce textwidget\">\n\t<h3>Moringa<\/h3>\n<p>Strom Moringa, jinak naz\u00fdvan\u00fd i \u201estrom elix\u00edru\u201c, poch\u00e1z\u00ed z tropick\u00fdch oblast\u00ed Afriky a Indie. Je nepostradatelnou sou\u010d\u00e1st\u00ed ajurv\u00e9dsk\u00e9 medic\u00edny u\u017e n\u011bkolik tis\u00edcilet\u00ed. Listy t\u00e9to z\u00e1zra\u010dn\u00e9 zelen\u00e9 rostliny jsou zdrojem kl\u00ed\u010dov\u00fdch vitam\u00edn\u016f, miner\u00e1ln\u00edch l\u00e1tek jako v\u00e1pn\u00edk, drasl\u00edk, fosfor, \u017eelezo \u010di ho\u0159\u010d\u00edk. Moringa je tak\u00e9 vhodnou volbou do detoxika\u010dn\u00edch program\u016f, proto\u017ee obsahuje vitam\u00edny E a B2, kter\u00e9 p\u0159isp\u00edvaj\u00ed k ochran\u011b bun\u011bk p\u0159ed oxida\u010dn\u00edm stresem.<\/p>\n<\/div>\n<\/div><\/div><\/div><div id=\"pgc-1659-2-1\"  class=\"panel-grid-cell\" ><div id=\"panel-1659-2-1-0\" class=\"so-panel widget widget_sow-image panel-first-child\" data-index=\"9\" ><div class=\"panel-widget-style panel-widget-style-for-1659-2-1-0\" ><div\n\t\t\t\n\t\t\tclass=\"so-widget-sow-image so-widget-sow-image-default-d6014b76747a-1659\"\n\t\t\t\n\t\t>\n\n<div class=\"sow-image-container\">\n\t\t<img src=\"https:\/\/www.boratree.organic\/wp-content\/uploads\/2020\/08\/spirulina.jpg\" width=\"1097\" height=\"737\" srcset=\"https:\/\/www.boratree.organic\/wp-content\/uploads\/2020\/08\/spirulina.jpg 1097w, https:\/\/www.boratree.organic\/wp-content\/uploads\/2020\/08\/spirulina-300x202.jpg 300w, https:\/\/www.boratree.organic\/wp-content\/uploads\/2020\/08\/spirulina-1024x688.jpg 1024w, https:\/\/www.boratree.organic\/wp-content\/uploads\/2020\/08\/spirulina-768x516.jpg 768w, https:\/\/www.boratree.organic\/wp-content\/uploads\/2020\/08\/spirulina-480x322.jpg 480w, https:\/\/www.boratree.organic\/wp-content\/uploads\/2020\/08\/spirulina-992x666.jpg 992w, https:\/\/www.boratree.organic\/wp-content\/uploads\/2020\/08\/spirulina-600x403.jpg 600w, https:\/\/www.boratree.organic\/wp-content\/uploads\/2020\/08\/spirulina-272x182.jpg 272w\" sizes=\"(max-width: 1097px) 100vw, 1097px\" alt=\"\" loading=\"lazy\" \t\tclass=\"so-widget-image\"\/>\n\t<\/div>\n\n<\/div><\/div><\/div><div id=\"panel-1659-2-1-1\" class=\"so-panel widget widget_sow-editor panel-last-child\" data-index=\"10\" ><div\n\t\t\t\n\t\t\tclass=\"so-widget-sow-editor so-widget-sow-editor-base\"\n\t\t\t\n\t\t>\n<div class=\"siteorigin-widget-tinymce textwidget\">\n\t<h3>Spirulina<\/h3>\n<p>Drobnou zelenou \u0159asu znali ji\u017e sta\u0159\u00ed Azt\u00e9kov\u00e9 a pro jej\u00ed vitalitu podporuj\u00edc\u00ed \u00fa\u010dinky ji vyu\u017e\u00edvali i kosmonauti NASA. Spirulina je nabit\u00e1 vitam\u00edny skupiny B a miner\u00e1ln\u00edmi l\u00e1tkami jako \u017eelezo, ho\u0159\u010d\u00edk, v\u00e1pn\u00edk. Jednou z jej\u00edch aktivn\u00edch slo\u017eek je <a href=\"https:\/\/pubmed.ncbi.nlm.nih.gov\/12769719\/\">fykocyanin<\/a>, kter\u00fd se zkoum\u00e1 pro mo\u017en\u00e9 antioxida\u010dn\u00ed a protiz\u00e1n\u011btliv\u00e9 \u00fa\u010dinky. Spirulinu ocen\u00ed i sportovci pro jej\u00ed vysok\u00fd obsah rostlinn\u00fdch b\u00edlkovin, kter\u00e9 podporuj\u00ed r\u016fst a udr\u017een\u00ed svalov\u00e9 hmoty.<\/p>\n<\/div>\n<\/div><\/div><\/div><div id=\"pgc-1659-2-2\"  class=\"panel-grid-cell\" ><div id=\"panel-1659-2-2-0\" class=\"so-panel widget widget_sow-image panel-first-child\" data-index=\"11\" ><div class=\"panel-widget-style panel-widget-style-for-1659-2-2-0\" ><div\n\t\t\t\n\t\t\tclass=\"so-widget-sow-image so-widget-sow-image-default-d6014b76747a-1659\"\n\t\t\t\n\t\t>\n\n<div class=\"sow-image-container\">\n\t\t<img src=\"https:\/\/www.boratree.organic\/wp-content\/uploads\/2020\/08\/chlorella.jpg\" width=\"1097\" height=\"737\" srcset=\"https:\/\/www.boratree.organic\/wp-content\/uploads\/2020\/08\/chlorella.jpg 1097w, https:\/\/www.boratree.organic\/wp-content\/uploads\/2020\/08\/chlorella-300x202.jpg 300w, https:\/\/www.boratree.organic\/wp-content\/uploads\/2020\/08\/chlorella-1024x688.jpg 1024w, https:\/\/www.boratree.organic\/wp-content\/uploads\/2020\/08\/chlorella-768x516.jpg 768w, https:\/\/www.boratree.organic\/wp-content\/uploads\/2020\/08\/chlorella-480x322.jpg 480w, https:\/\/www.boratree.organic\/wp-content\/uploads\/2020\/08\/chlorella-992x666.jpg 992w, https:\/\/www.boratree.organic\/wp-content\/uploads\/2020\/08\/chlorella-600x403.jpg 600w, https:\/\/www.boratree.organic\/wp-content\/uploads\/2020\/08\/chlorella-272x182.jpg 272w\" sizes=\"(max-width: 1097px) 100vw, 1097px\" alt=\"\" loading=\"lazy\" \t\tclass=\"so-widget-image\"\/>\n\t<\/div>\n\n<\/div><\/div><\/div><div id=\"panel-1659-2-2-1\" class=\"so-panel widget widget_sow-editor panel-last-child\" data-index=\"12\" ><div\n\t\t\t\n\t\t\tclass=\"so-widget-sow-editor so-widget-sow-editor-base\"\n\t\t\t\n\t\t>\n<div class=\"siteorigin-widget-tinymce textwidget\">\n\t<h3>Chlorella<\/h3>\n<div>\n<p>Tato jednobun\u011b\u010dn\u00e1 modro-zelen\u00e1 \u0159asa je p\u0159\u00edrodn\u00edm zdrojem chlorofylu, vitam\u00edn\u016f C, B12 a miner\u00e1ln\u00edch l\u00e1tek v\u010detn\u011b \u017eeleza, fosforu a drasl\u00edku. Chlorella je bohat\u00e1 na antioxidanty a je z\u00e1kladem detoxika\u010dn\u00edch program\u016f. Touto v\u00fd\u017eivnou \u0159asou nepohrdnou ani sportovn\u00ed nad\u0161enci po t\u011b\u017ek\u00e9m tr\u00e9ninku, proto\u017ee d\u00edky vysok\u00e9mu obsahu b\u00edlkovin p\u0159isp\u00edv\u00e1 k r\u016fstu a udr\u017een\u00ed svalov\u00e9 hmoty.<\/p>\n<\/div>\n<\/div>\n<\/div><\/div><\/div><\/div><\/div>","protected":false},"excerpt":{"rendered":"<p>Unik\u00e1tn\u00ed sm\u011bs ve form\u011b pr\u00e1\u0161ku z mlad\u00e9ho je\u010dmene, lucumy, p\u0161enice set\u00e9, moringy olejod\u00e1rn\u00e9, spiruliny a chlorelly.<\/p>\n<ul>\n<li>Je p\u0159\u00edrodn\u00edm zdrojem chlorofylu, aminokyselin, vitam\u00ednu B12, \u017eeleza a manganu<\/li>\n<li>M\u00e1 bohat\u00fd obsah vl\u00e1kniny a b\u00edlkovin<\/li>\n<li>\u017delezo p\u0159isp\u00edv\u00e1 k norm\u00e1ln\u00ed funkci imunitn\u00edho syst\u00e9mu, norm\u00e1ln\u00edmu energetick\u00e9mu metabolismu a ke sni\u017eov\u00e1n\u00ed \u00fanavy<\/li>\n<li>Sest\u00e1v\u00e1 z \u010dist\u011b rostlinn\u00fdch ingredienc\u00ed v 100% BIO kvalit\u011b bez GMO, um\u011bl\u00fdch sladidel, um\u011bl\u00fdch p\u0159ichut\u00ed a konzervant\u016f<\/li>\n<li>Pravideln\u011b testujeme v\u0161echny suroviny na p\u0159\u00edtomnost ne\u017e\u00e1douc\u00edch l\u00e1tek (toxin\u016f, pesticid\u016f, t\u011b\u017ek\u00fdch kov\u016f)<\/li>\n<\/ul>\n<p><img decoding=\"async\" loading=\"lazy\" class=\"alignnone wp-image-892\" src=\"https:\/\/www.boratree.organic\/wp-content\/uploads\/2020\/08\/Screenshot-2020-10-14-at-13.03.27.jpg\" alt=\"\" width=\"56\" height=\"37\" \/><br \/>\nNL-BIO-01<br \/>\nVyroben\u00e9 v Nizozemsku<\/p>\n","protected":false},"featured_media":3439,"comment_status":"open","ping_status":"closed","template":"","meta":[],"product_cat":[69,70,71,72,73],"product_tag":[],"acf":[],"yoast_head":"<!-- This site is optimized with the Yoast SEO plugin v20.0 - https:\/\/yoast.com\/wordpress\/plugins\/seo\/ -->\n<title>Bio bora Reborn - BoraTree<\/title>\n<meta name=\"robots\" content=\"index, follow, max-snippet:-1, max-image-preview:large, max-video-preview:-1\" \/>\n<link rel=\"canonical\" href=\"https:\/\/www.boratree.organic\/cs\/produkt\/bio-bora-reborn\/\" \/>\n<meta property=\"og:locale\" content=\"cs_CZ\" \/>\n<meta property=\"og:type\" content=\"article\" \/>\n<meta property=\"og:title\" content=\"Bio bora Reborn - BoraTree\" \/>\n<meta property=\"og:description\" content=\"Unik\u00e1tn\u00ed sm\u011bs ve form\u011b pr\u00e1\u0161ku z mlad\u00e9ho je\u010dmene, lucumy, p\u0161enice set\u00e9, moringy olejod\u00e1rn\u00e9, spiruliny a chlorelly.   Je p\u0159\u00edrodn\u00edm zdrojem chlorofylu, aminokyselin, vitam\u00ednu B12, \u017eeleza a manganu  M\u00e1 bohat\u00fd obsah vl\u00e1kniny a b\u00edlkovin  \u017delezo p\u0159isp\u00edv\u00e1 k norm\u00e1ln\u00ed funkci imunitn\u00edho syst\u00e9mu, norm\u00e1ln\u00edmu energetick\u00e9mu metabolismu a ke sni\u017eov\u00e1n\u00ed \u00fanavy  Sest\u00e1v\u00e1 z \u010dist\u011b rostlinn\u00fdch ingredienc\u00ed v 100% BIO kvalit\u011b bez GMO, um\u011bl\u00fdch sladidel, um\u011bl\u00fdch p\u0159ichut\u00ed a konzervant\u016f  Pravideln\u011b testujeme v\u0161echny suroviny na p\u0159\u00edtomnost ne\u017e\u00e1douc\u00edch l\u00e1tek (toxin\u016f, pesticid\u016f, t\u011b\u017ek\u00fdch kov\u016f)   NL-BIO-01 Vyroben\u00e9 v Nizozemsku\" \/>\n<meta property=\"og:url\" content=\"https:\/\/www.boratree.organic\/cs\/produkt\/bio-bora-reborn\/\" \/>\n<meta property=\"og:site_name\" content=\"BoraTree\" \/>\n<meta property=\"article:modified_time\" content=\"2024-07-31T23:28:54+00:00\" \/>\n<meta property=\"og:image\" content=\"https:\/\/www.boratree.organic\/wp-content\/uploads\/2020\/08\/Reborn-1.png\" \/>\n\t<meta property=\"og:image:width\" content=\"1300\" \/>\n\t<meta property=\"og:image:height\" content=\"1242\" \/>\n\t<meta property=\"og:image:type\" content=\"image\/png\" \/>\n<meta name=\"twitter:card\" content=\"summary_large_image\" \/>\n<meta name=\"twitter:label1\" content=\"Odhadovan\u00e1 doba \u010dten\u00ed\" \/>\n\t<meta name=\"twitter:data1\" content=\"4 minuty\" \/>\n<script type=\"application\/ld+json\" class=\"yoast-schema-graph\">{\"@context\":\"https:\/\/schema.org\",\"@graph\":[{\"@type\":\"WebPage\",\"@id\":\"https:\/\/www.boratree.organic\/cs\/produkt\/bio-bora-reborn\/\",\"url\":\"https:\/\/www.boratree.organic\/cs\/produkt\/bio-bora-reborn\/\",\"name\":\"Bio bora Reborn - BoraTree\",\"isPartOf\":{\"@id\":\"https:\/\/www.boratree.organic\/cs\/#website\"},\"datePublished\":\"2020-08-06T05:55:13+00:00\",\"dateModified\":\"2024-07-31T23:28:54+00:00\",\"breadcrumb\":{\"@id\":\"https:\/\/www.boratree.organic\/cs\/produkt\/bio-bora-reborn\/#breadcrumb\"},\"inLanguage\":\"cs\",\"potentialAction\":[{\"@type\":\"ReadAction\",\"target\":[\"https:\/\/www.boratree.organic\/cs\/produkt\/bio-bora-reborn\/\"]}]},{\"@type\":\"BreadcrumbList\",\"@id\":\"https:\/\/www.boratree.organic\/cs\/produkt\/bio-bora-reborn\/#breadcrumb\",\"itemListElement\":[{\"@type\":\"ListItem\",\"position\":1,\"name\":\"Home\",\"item\":\"https:\/\/www.boratree.organic\/cs\/\"},{\"@type\":\"ListItem\",\"position\":2,\"name\":\"Obchod\",\"item\":\"https:\/\/www.boratree.organic\/cs\/obchod\/\"},{\"@type\":\"ListItem\",\"position\":3,\"name\":\"Bio bora Reborn\"}]},{\"@type\":\"WebSite\",\"@id\":\"https:\/\/www.boratree.organic\/cs\/#website\",\"url\":\"https:\/\/www.boratree.organic\/cs\/\",\"name\":\"BoraTree\",\"description\":\"\",\"potentialAction\":[{\"@type\":\"SearchAction\",\"target\":{\"@type\":\"EntryPoint\",\"urlTemplate\":\"https:\/\/www.boratree.organic\/cs\/?s={search_term_string}\"},\"query-input\":\"required name=search_term_string\"}],\"inLanguage\":\"cs\"}]}<\/script>\n<!-- \/ Yoast SEO plugin. -->","yoast_head_json":{"title":"Bio bora Reborn - BoraTree","robots":{"index":"index","follow":"follow","max-snippet":"max-snippet:-1","max-image-preview":"max-image-preview:large","max-video-preview":"max-video-preview:-1"},"canonical":"https:\/\/www.boratree.organic\/cs\/produkt\/bio-bora-reborn\/","og_locale":"cs_CZ","og_type":"article","og_title":"Bio bora Reborn - BoraTree","og_description":"Unik\u00e1tn\u00ed sm\u011bs ve form\u011b pr\u00e1\u0161ku z mlad\u00e9ho je\u010dmene, lucumy, p\u0161enice set\u00e9, moringy olejod\u00e1rn\u00e9, spiruliny a chlorelly.   Je p\u0159\u00edrodn\u00edm zdrojem chlorofylu, aminokyselin, vitam\u00ednu B12, \u017eeleza a manganu  M\u00e1 bohat\u00fd obsah vl\u00e1kniny a b\u00edlkovin  \u017delezo p\u0159isp\u00edv\u00e1 k norm\u00e1ln\u00ed funkci imunitn\u00edho syst\u00e9mu, norm\u00e1ln\u00edmu energetick\u00e9mu metabolismu a ke sni\u017eov\u00e1n\u00ed \u00fanavy  Sest\u00e1v\u00e1 z \u010dist\u011b rostlinn\u00fdch ingredienc\u00ed v 100% BIO kvalit\u011b bez GMO, um\u011bl\u00fdch sladidel, um\u011bl\u00fdch p\u0159ichut\u00ed a konzervant\u016f  Pravideln\u011b testujeme v\u0161echny suroviny na p\u0159\u00edtomnost ne\u017e\u00e1douc\u00edch l\u00e1tek (toxin\u016f, pesticid\u016f, t\u011b\u017ek\u00fdch kov\u016f)   NL-BIO-01 Vyroben\u00e9 v Nizozemsku","og_url":"https:\/\/www.boratree.organic\/cs\/produkt\/bio-bora-reborn\/","og_site_name":"BoraTree","article_modified_time":"2024-07-31T23:28:54+00:00","og_image":[{"width":1300,"height":1242,"url":"https:\/\/www.boratree.organic\/wp-content\/uploads\/2020\/08\/Reborn-1.png","type":"image\/png"}],"twitter_card":"summary_large_image","twitter_misc":{"Odhadovan\u00e1 doba \u010dten\u00ed":"4 minuty"},"schema":{"@context":"https:\/\/schema.org","@graph":[{"@type":"WebPage","@id":"https:\/\/www.boratree.organic\/cs\/produkt\/bio-bora-reborn\/","url":"https:\/\/www.boratree.organic\/cs\/produkt\/bio-bora-reborn\/","name":"Bio bora Reborn - BoraTree","isPartOf":{"@id":"https:\/\/www.boratree.organic\/cs\/#website"},"datePublished":"2020-08-06T05:55:13+00:00","dateModified":"2024-07-31T23:28:54+00:00","breadcrumb":{"@id":"https:\/\/www.boratree.organic\/cs\/produkt\/bio-bora-reborn\/#breadcrumb"},"inLanguage":"cs","potentialAction":[{"@type":"ReadAction","target":["https:\/\/www.boratree.organic\/cs\/produkt\/bio-bora-reborn\/"]}]},{"@type":"BreadcrumbList","@id":"https:\/\/www.boratree.organic\/cs\/produkt\/bio-bora-reborn\/#breadcrumb","itemListElement":[{"@type":"ListItem","position":1,"name":"Home","item":"https:\/\/www.boratree.organic\/cs\/"},{"@type":"ListItem","position":2,"name":"Obchod","item":"https:\/\/www.boratree.organic\/cs\/obchod\/"},{"@type":"ListItem","position":3,"name":"Bio bora Reborn"}]},{"@type":"WebSite","@id":"https:\/\/www.boratree.organic\/cs\/#website","url":"https:\/\/www.boratree.organic\/cs\/","name":"BoraTree","description":"","potentialAction":[{"@type":"SearchAction","target":{"@type":"EntryPoint","urlTemplate":"https:\/\/www.boratree.organic\/cs\/?s={search_term_string}"},"query-input":"required name=search_term_string"}],"inLanguage":"cs"}]}},"_links":{"self":[{"href":"https:\/\/www.boratree.organic\/cs\/wp-json\/wp\/v2\/product\/1659"}],"collection":[{"href":"https:\/\/www.boratree.organic\/cs\/wp-json\/wp\/v2\/product"}],"about":[{"href":"https:\/\/www.boratree.organic\/cs\/wp-json\/wp\/v2\/types\/product"}],"replies":[{"embeddable":true,"href":"https:\/\/www.boratree.organic\/cs\/wp-json\/wp\/v2\/comments?post=1659"}],"wp:featuredmedia":[{"embeddable":true,"href":"https:\/\/www.boratree.organic\/cs\/wp-json\/wp\/v2\/media\/3439"}],"wp:attachment":[{"href":"https:\/\/www.boratree.organic\/cs\/wp-json\/wp\/v2\/media?parent=1659"}],"wp:term":[{"taxonomy":"product_cat","embeddable":true,"href":"https:\/\/www.boratree.organic\/cs\/wp-json\/wp\/v2\/product_cat?post=1659"},{"taxonomy":"product_tag","embeddable":true,"href":"https:\/\/www.boratree.organic\/cs\/wp-json\/wp\/v2\/product_tag?post=1659"}],"curies":[{"name":"wp","href":"https:\/\/api.w.org\/{rel}","templated":true}]}}