{"id":4775,"date":"2022-10-18T14:52:43","date_gmt":"2021-12-10T13:52:43","guid":{"rendered":"https:\/\/www.boratree.organic\/produkt\/darcekovy-poukaz-v-hodnote-100e\/"},"modified":"2022-12-05T15:09:17","modified_gmt":"2022-12-05T14:09:17","slug":"darkovy-poukaz-v-hodnote-3000kc","status":"publish","type":"product","link":"https:\/\/www.boratree.organic\/cs\/produkt\/darkovy-poukaz-v-hodnote-3000kc\/","title":{"rendered":"D\u00e1rkov\u00fd poukaz v hodnot\u011b 3000K\u010d"},"content":{"rendered":"<p><span style=\"font-weight: 400;\">Rozhodli jste se obdarovat sv\u00e9 bl\u00edzk\u00e9, ale l\u00e1mete si hlavu nad t\u00edm, kter\u00fd z mix\u016f BoraTree bude ten prav\u00fd? M\u00e1te ve sv\u00e9m okol\u00ed p\u0159\u00edvr\u017eence zdrav\u00e9ho \u017eivotn\u00edho stylu a nev\u00edte, \u010d\u00edm byste ho pot\u011b\u0161ili? Vy\u0159e\u0161te tyto dilemata d\u00e1rkov\u00fdm poukazem, kter\u00fd obdarovan\u00e9ho pot\u011b\u0161\u00ed hned dvakr\u00e1t! Poprv\u00e9, kdy\u017e ho dostane a podruh\u00e9, kdy\u017e si pro sebe vybere chutn\u00fd a v\u00fd\u017eivn\u00fd mix BoraTree!<\/span><\/p>\n<p><span style=\"font-weight: 400;\">N\u00e1kup d\u00e1rkov\u00e9ho poukazu se vyplat\u00ed pro ka\u017ed\u00e9ho, kdo v\u00fdb\u011br BoraTree produkt\u016f rad\u011bji nech\u00e1 na osobn\u00ed preference po\u017eadovan\u00fdch benefit\u016f pro zdrav\u00ed a chuti obdarovan\u00e9ho. K tomuto \u00fa\u010delu jsme pro v\u00e1s p\u0159ipravili d\u00e1rkov\u00e9 poukazy s atraktivn\u00edm designem, kter\u00e9 m\u016f\u017eete m\u00edt b\u011bhem p\u00e1r minut po \u00fahrad\u011b p\u0159ipraven\u00e9 k pou\u017eit\u00ed. D\u00e1rkov\u00e9 poukazy jsou ide\u00e1ln\u00ed nejen pro nerozhodn\u00e9, ale tak\u00e9 pro zanepr\u00e1zdn\u011bn\u00e9 sh\u00e1n\u011bj\u00edc\u00ed d\u00e1rek na posledn\u00ed chv\u00edli, kte\u0159\u00ed cht\u011bj\u00ed zabodovat n\u011b\u010d\u00edm origin\u00e1ln\u00edm.<\/span><\/p>\n","protected":false},"excerpt":{"rendered":"<ul>\n<li style=\"font-weight: 400;\" aria-level=\"1\"><span style=\"font-weight: 400;\">Ide\u00e1ln\u00ed d\u00e1rek pro ka\u017edou p\u0159\u00edle\u017eitost<\/span><\/li>\n<li style=\"font-weight: 400;\" aria-level=\"1\"><span style=\"font-weight: 400;\">D\u00e1rkov\u00fd poukaz lze pou\u017e\u00edt hned po \u00fahrad\u011b<\/span><\/li>\n<li style=\"font-weight: 400;\" aria-level=\"1\"><span style=\"font-weight: 400;\">Mo\u017enost vybrat si kter\u00fdkoli produkt nebo zv\u00fdhodn\u011bn\u00fd bal\u00ed\u010dek BoraTree<\/span><\/li>\n<li style=\"font-weight: 400;\" aria-level=\"1\"><span style=\"font-weight: 400;\">Jednoduch\u00e9 pou\u017eit\u00ed \u2013 sta\u010d\u00ed zadat k\u00f3d z poukazu p\u0159i objedn\u00e1vce<\/span><\/li>\n<li style=\"font-weight: 400;\" aria-level=\"1\"><span style=\"font-weight: 400;\">Poukaz plat\u00ed a\u017e 12 m\u011bs\u00edc\u016f od \u00fahrady<\/span><\/li>\n<\/ul>\n","protected":false},"featured_media":5001,"comment_status":"open","ping_status":"closed","template":"","meta":[],"product_cat":[139],"product_tag":[],"acf":[],"yoast_head":"<!-- This site is optimized with the Yoast SEO plugin v20.0 - https:\/\/yoast.com\/wordpress\/plugins\/seo\/ -->\n<title>D\u00e1rkov\u00fd poukaz v hodnot\u011b 3000K\u010d - BoraTree<\/title>\n<meta name=\"robots\" content=\"index, follow, max-snippet:-1, max-image-preview:large, max-video-preview:-1\" \/>\n<link rel=\"canonical\" href=\"https:\/\/www.boratree.organic\/cs\/produkt\/darkovy-poukaz-v-hodnote-3000kc\/\" \/>\n<meta property=\"og:locale\" content=\"cs_CZ\" \/>\n<meta property=\"og:type\" content=\"article\" \/>\n<meta property=\"og:title\" content=\"D\u00e1rkov\u00fd poukaz v hodnot\u011b 3000K\u010d - BoraTree\" \/>\n<meta property=\"og:description\" content=\"Ide\u00e1ln\u00ed d\u00e1rek pro ka\u017edou p\u0159\u00edle\u017eitost  D\u00e1rkov\u00fd poukaz lze pou\u017e\u00edt hned po \u00fahrad\u011b  Mo\u017enost vybrat si kter\u00fdkoli produkt nebo zv\u00fdhodn\u011bn\u00fd bal\u00ed\u010dek BoraTree  Jednoduch\u00e9 pou\u017eit\u00ed \u2013 sta\u010d\u00ed zadat k\u00f3d z poukazu p\u0159i objedn\u00e1vce  Poukaz plat\u00ed a\u017e 12 m\u011bs\u00edc\u016f od \u00fahrady\" \/>\n<meta property=\"og:url\" content=\"https:\/\/www.boratree.organic\/cs\/produkt\/darkovy-poukaz-v-hodnote-3000kc\/\" \/>\n<meta property=\"og:site_name\" content=\"BoraTree\" \/>\n<meta property=\"article:modified_time\" content=\"2022-12-05T14:09:17+00:00\" \/>\n<meta property=\"og:image\" content=\"https:\/\/www.boratree.organic\/wp-content\/uploads\/2021\/11\/cz-3000.png\" \/>\n\t<meta property=\"og:image:width\" content=\"1000\" \/>\n\t<meta property=\"og:image:height\" content=\"1000\" \/>\n\t<meta property=\"og:image:type\" content=\"image\/png\" \/>\n<meta name=\"twitter:card\" content=\"summary_large_image\" \/>\n<meta name=\"twitter:label1\" content=\"Odhadovan\u00e1 doba \u010dten\u00ed\" \/>\n\t<meta name=\"twitter:data1\" content=\"1 minuta\" \/>\n<script type=\"application\/ld+json\" class=\"yoast-schema-graph\">{\"@context\":\"https:\/\/schema.org\",\"@graph\":[{\"@type\":\"WebPage\",\"@id\":\"https:\/\/www.boratree.organic\/cs\/produkt\/darkovy-poukaz-v-hodnote-3000kc\/\",\"url\":\"https:\/\/www.boratree.organic\/cs\/produkt\/darkovy-poukaz-v-hodnote-3000kc\/\",\"name\":\"D\u00e1rkov\u00fd poukaz v hodnot\u011b 3000K\u010d - BoraTree\",\"isPartOf\":{\"@id\":\"https:\/\/www.boratree.organic\/cs\/#website\"},\"datePublished\":\"2021-12-10T13:52:43+00:00\",\"dateModified\":\"2022-12-05T14:09:17+00:00\",\"breadcrumb\":{\"@id\":\"https:\/\/www.boratree.organic\/cs\/produkt\/darkovy-poukaz-v-hodnote-3000kc\/#breadcrumb\"},\"inLanguage\":\"cs\",\"potentialAction\":[{\"@type\":\"ReadAction\",\"target\":[\"https:\/\/www.boratree.organic\/cs\/produkt\/darkovy-poukaz-v-hodnote-3000kc\/\"]}]},{\"@type\":\"BreadcrumbList\",\"@id\":\"https:\/\/www.boratree.organic\/cs\/produkt\/darkovy-poukaz-v-hodnote-3000kc\/#breadcrumb\",\"itemListElement\":[{\"@type\":\"ListItem\",\"position\":1,\"name\":\"Home\",\"item\":\"https:\/\/www.boratree.organic\/cs\/\"},{\"@type\":\"ListItem\",\"position\":2,\"name\":\"Obchod\",\"item\":\"https:\/\/www.boratree.organic\/cs\/obchod\/\"},{\"@type\":\"ListItem\",\"position\":3,\"name\":\"D\u00e1rkov\u00fd poukaz v hodnot\u011b 3000K\u010d\"}]},{\"@type\":\"WebSite\",\"@id\":\"https:\/\/www.boratree.organic\/cs\/#website\",\"url\":\"https:\/\/www.boratree.organic\/cs\/\",\"name\":\"BoraTree\",\"description\":\"\",\"potentialAction\":[{\"@type\":\"SearchAction\",\"target\":{\"@type\":\"EntryPoint\",\"urlTemplate\":\"https:\/\/www.boratree.organic\/cs\/?s={search_term_string}\"},\"query-input\":\"required name=search_term_string\"}],\"inLanguage\":\"cs\"}]}<\/script>\n<!-- \/ Yoast SEO plugin. -->","yoast_head_json":{"title":"D\u00e1rkov\u00fd poukaz v hodnot\u011b 3000K\u010d - BoraTree","robots":{"index":"index","follow":"follow","max-snippet":"max-snippet:-1","max-image-preview":"max-image-preview:large","max-video-preview":"max-video-preview:-1"},"canonical":"https:\/\/www.boratree.organic\/cs\/produkt\/darkovy-poukaz-v-hodnote-3000kc\/","og_locale":"cs_CZ","og_type":"article","og_title":"D\u00e1rkov\u00fd poukaz v hodnot\u011b 3000K\u010d - BoraTree","og_description":"Ide\u00e1ln\u00ed d\u00e1rek pro ka\u017edou p\u0159\u00edle\u017eitost  D\u00e1rkov\u00fd poukaz lze pou\u017e\u00edt hned po \u00fahrad\u011b  Mo\u017enost vybrat si kter\u00fdkoli produkt nebo zv\u00fdhodn\u011bn\u00fd bal\u00ed\u010dek BoraTree  Jednoduch\u00e9 pou\u017eit\u00ed \u2013 sta\u010d\u00ed zadat k\u00f3d z poukazu p\u0159i objedn\u00e1vce  Poukaz plat\u00ed a\u017e 12 m\u011bs\u00edc\u016f od \u00fahrady","og_url":"https:\/\/www.boratree.organic\/cs\/produkt\/darkovy-poukaz-v-hodnote-3000kc\/","og_site_name":"BoraTree","article_modified_time":"2022-12-05T14:09:17+00:00","og_image":[{"width":1000,"height":1000,"url":"https:\/\/www.boratree.organic\/wp-content\/uploads\/2021\/11\/cz-3000.png","type":"image\/png"}],"twitter_card":"summary_large_image","twitter_misc":{"Odhadovan\u00e1 doba \u010dten\u00ed":"1 minuta"},"schema":{"@context":"https:\/\/schema.org","@graph":[{"@type":"WebPage","@id":"https:\/\/www.boratree.organic\/cs\/produkt\/darkovy-poukaz-v-hodnote-3000kc\/","url":"https:\/\/www.boratree.organic\/cs\/produkt\/darkovy-poukaz-v-hodnote-3000kc\/","name":"D\u00e1rkov\u00fd poukaz v hodnot\u011b 3000K\u010d - BoraTree","isPartOf":{"@id":"https:\/\/www.boratree.organic\/cs\/#website"},"datePublished":"2021-12-10T13:52:43+00:00","dateModified":"2022-12-05T14:09:17+00:00","breadcrumb":{"@id":"https:\/\/www.boratree.organic\/cs\/produkt\/darkovy-poukaz-v-hodnote-3000kc\/#breadcrumb"},"inLanguage":"cs","potentialAction":[{"@type":"ReadAction","target":["https:\/\/www.boratree.organic\/cs\/produkt\/darkovy-poukaz-v-hodnote-3000kc\/"]}]},{"@type":"BreadcrumbList","@id":"https:\/\/www.boratree.organic\/cs\/produkt\/darkovy-poukaz-v-hodnote-3000kc\/#breadcrumb","itemListElement":[{"@type":"ListItem","position":1,"name":"Home","item":"https:\/\/www.boratree.organic\/cs\/"},{"@type":"ListItem","position":2,"name":"Obchod","item":"https:\/\/www.boratree.organic\/cs\/obchod\/"},{"@type":"ListItem","position":3,"name":"D\u00e1rkov\u00fd poukaz v hodnot\u011b 3000K\u010d"}]},{"@type":"WebSite","@id":"https:\/\/www.boratree.organic\/cs\/#website","url":"https:\/\/www.boratree.organic\/cs\/","name":"BoraTree","description":"","potentialAction":[{"@type":"SearchAction","target":{"@type":"EntryPoint","urlTemplate":"https:\/\/www.boratree.organic\/cs\/?s={search_term_string}"},"query-input":"required name=search_term_string"}],"inLanguage":"cs"}]}},"_links":{"self":[{"href":"https:\/\/www.boratree.organic\/cs\/wp-json\/wp\/v2\/product\/4775"}],"collection":[{"href":"https:\/\/www.boratree.organic\/cs\/wp-json\/wp\/v2\/product"}],"about":[{"href":"https:\/\/www.boratree.organic\/cs\/wp-json\/wp\/v2\/types\/product"}],"replies":[{"embeddable":true,"href":"https:\/\/www.boratree.organic\/cs\/wp-json\/wp\/v2\/comments?post=4775"}],"wp:featuredmedia":[{"embeddable":true,"href":"https:\/\/www.boratree.organic\/cs\/wp-json\/wp\/v2\/media\/5001"}],"wp:attachment":[{"href":"https:\/\/www.boratree.organic\/cs\/wp-json\/wp\/v2\/media?parent=4775"}],"wp:term":[{"taxonomy":"product_cat","embeddable":true,"href":"https:\/\/www.boratree.organic\/cs\/wp-json\/wp\/v2\/product_cat?post=4775"},{"taxonomy":"product_tag","embeddable":true,"href":"https:\/\/www.boratree.organic\/cs\/wp-json\/wp\/v2\/product_tag?post=4775"}],"curies":[{"name":"wp","href":"https:\/\/api.w.org\/{rel}","templated":true}]}}