{"id":5868,"date":"2022-11-08T16:01:06","date_gmt":"2022-11-08T15:01:06","guid":{"rendered":"https:\/\/www.boratree.organic\/?post_type=product&#038;p=5868"},"modified":"2022-12-05T15:10:08","modified_gmt":"2022-12-05T14:10:08","slug":"bio-bora-nourish-power-compact-package","status":"publish","type":"product","link":"https:\/\/www.boratree.organic\/cs\/produkt\/bio-bora-nourish-power-compact-package\/","title":{"rendered":"Bio bora Nourish Power Compact"},"content":{"rendered":"<div id=\"pl-5868\"  class=\"panel-layout\" ><div id=\"pg-5868-0\"  class=\"panel-grid panel-no-style\" ><div id=\"pgc-5868-0-0\"  class=\"panel-grid-cell\" ><div id=\"panel-5868-0-0-0\" class=\"so-panel widget widget_sow-editor panel-first-child panel-last-child\" data-index=\"0\" ><div\n\t\t\t\n\t\t\tclass=\"so-widget-sow-editor so-widget-sow-editor-base\"\n\t\t\t\n\t\t>\n<div class=\"siteorigin-widget-tinymce textwidget\">\n\t<p>Kombinace produkt\u016f\u00a0<strong>Bio bora Reborn<\/strong>\u00a0a\u00a0<strong>Bio bora Relish<\/strong>\u00a0je bohat\u00e1 na v\u00fd\u017eivn\u00e9 l\u00e1tky, kter\u00e9 p\u0159isp\u00edvaj\u00ed k tomu, abyste se\u00a0<strong>b\u00e1je\u010dn\u011b nejen c\u00edtili, ale tak\u00e9 vypadaly<\/strong>. Zat\u00edmco m\u011b\u010f v Bio bora Relish p\u0159isp\u00edv\u00e1 k <strong>pigmentaci vlas\u016f<\/strong> a <strong>poko\u017eky<\/strong>, vitamin C v tomto kakaov\u00e9m mixu zase podporuje <strong>tvorbu kolagenu<\/strong> d\u016fle\u017eit\u00e9ho pro norm\u00e1ln\u00ed funkci poko\u017eky. Benefity t\u011bchto mikro\u017eivin vlasy, \u010di poko\u017ekou nekon\u010d\u00ed. Spolu se \u017eelezem v\u00a0Bio bora Reborn p\u0159isp\u00edvaj\u00ed k <strong>norm\u00e1ln\u00ed funkci imunitn\u00edho syst\u00e9mu<\/strong> a <strong>norm\u00e1ln\u00edmu energetick\u00e9mu metabolismu<\/strong>. V\u00fdhodn\u00fd bal\u00ed\u010dek <strong>Bio bora Nourish Power<\/strong> je d\u016fkazem toho, \u017ee <strong>\"zdrav\u00e9\"<\/strong> a <strong>\"chutn\u00e9\"<\/strong> se nevylu\u010duj\u00ed. Pokud zbo\u017e\u0148ujete \u010dokol\u00e1du, pak si snadno obl\u00edb\u00edte chu\u0165 Bio bora Relish sm\u011bsi. Jednou z v\u00fdrazn\u011bj\u0161\u00edch slo\u017eek pr\u00e1v\u011b magick\u00e9 kakao. Jednou z jej\u00edch v\u00fdrazn\u011bj\u0161\u00edch slo\u017eek je pr\u00e1v\u011b magick\u00e9 kakao zkombinovan\u00e9 se sladk\u00fdm jakonen, exotickou macou a camu camu. Na p\u0159\u00edjemnou chu\u0165 jsme nezapomn\u011bli ani p\u0159i tvorb\u011b <a href=\"https:\/\/www.boratree.organic\/produkt\/bio-bora-reborn-360-g\/\">mixu ze zelen\u00fdch superpotravin<\/a>, kter\u00fd jsme obohatili o v\u00fd\u017eivnou lucumu s podt\u00f3ny karamelu.<\/p>\n<\/div>\n<\/div><\/div><\/div><\/div><div id=\"pg-5868-1\"  class=\"panel-grid panel-no-style\" ><div id=\"pgc-5868-1-0\"  class=\"panel-grid-cell\" ><div id=\"panel-5868-1-0-0\" class=\"so-panel widget widget_sow-editor panel-first-child panel-last-child\" data-index=\"1\" ><div\n\t\t\t\n\t\t\tclass=\"so-widget-sow-editor so-widget-sow-editor-base\"\n\t\t\t\n\t\t>\n<div class=\"siteorigin-widget-tinymce textwidget\">\n\t<div class=\"accordion-component\">\n<div class=\"item\">\n<div class=\"header\">\n<div class=\"title\">Charakteristika Bio bora Reborn 84g\/7 porci\u00ed<\/div>\n<\/div>\n<div class=\"body\">\n<div class=\"content\">\n<p>Bu\u010fte ka\u017ed\u00fd den jako <strong>znovuzrozen\u00ed <\/strong>a\u00a0vyu\u017eijte <strong>naplno sv\u016fj potenci\u00e1l<\/strong>. Bio bora Reborn je v\u00fd\u017eivov\u00fdm dopl\u0148kem, kter\u00fd v\u00e1m k tomu dopom\u016f\u017ee. Unik\u00e1tn\u00ed sm\u011bs ingredienc\u00ed v <strong>100% BIO<\/strong> kvalit\u011b obsahuje <strong>vitam\u00edny, miner\u00e1ln\u00ed l\u00e1tky, aminokyseliny<\/strong> a\u00a0dal\u0161\u00ed cenn\u00e9 pigmenty jako <a href=\"https:\/\/www.medicalnewstoday.com\/articles\/322361\">chlorofyl<\/a>, kter\u00e9 maj\u00ed \u0159adu p\u0159\u00edzniv\u00fdch \u00fa\u010dink\u016f pro podporu va\u0161eho zdrav\u00ed. \u017delezo p\u0159isp\u00edv\u00e1 ke <strong>sn\u00ed\u017een\u00ed \u00fanavy<\/strong>, norm\u00e1ln\u00ed<strong> kognitivn\u00ed funkci<\/strong>, norm\u00e1ln\u00ed funkci<strong> imunitn\u00edho syst\u00e9mu<\/strong> a norm\u00e1ln\u00edmu<strong> energetick\u00e9mu metabolismu<\/strong>. Mangan podporuje <strong>ochranu bun\u011bk p\u0159ed oxida\u010dn\u00edm stresem<\/strong>. Pokud hled\u00e1te<strong>\u00a0<\/strong><strong>bohat<\/strong><strong>\u00fd<\/strong><strong> zdroj <\/strong><a href=\"https:\/\/www.healthline.com\/nutrition\/22-high-fiber-foods#What-is-fiber?\">vl\u00e1kniny<\/a><strong>, <\/strong>denn\u00ed d\u00e1vka tohoto zelen\u00e9ho elix\u00edru by u v\u00e1s nem\u011bla chyb\u011bt.<\/p>\n<p>Bio bora Reborn tak\u00e9 ocen\u00ed ka\u017ed\u00fd, kdo vyzn\u00e1v\u00e1 aktivn\u00ed \u017eivotn\u00ed styl. Pokud d\u00e1te sv\u00e9mu t\u011blu po\u0159\u00e1dn\u011b zabrat sportovn\u00edm v\u00fdkonem, odm\u011b\u0148te ho d\u00e1vkou tohoto zelen\u00e9ho \u017eivotabudi\u010de. Obsahuje toti\u017e vysok\u00e9 mno\u017estv\u00ed b\u00edlkovin, kter\u00e9 podporuj\u00ed <strong>r\u016fst<\/strong> a\u00a0<strong>udr\u017een\u00ed svalov\u00e9 hmoty<\/strong>.<\/p>\n<p>Slo\u017een\u00ed Bio bora Reborn jsme pe\u010dliv\u011b sestavili ve spolupr\u00e1ci s odborn\u00edky na v\u00fd\u017eivu tak, abyste v r\u00e1mci <strong>12g denn\u00ed d\u00e1vky<\/strong> dostali do t\u011bla <strong>pot\u0159ebn\u00e9 \u017eiviny<\/strong> v optim\u00e1ln\u00edm mno\u017estv\u00ed. Spolehn\u011bte se tak na <strong>maxim\u00e1ln\u00ed efekt<\/strong>!<\/p>\n<p>&nbsp;<\/p>\n<\/div>\n<\/div>\n<\/div>\n<div class=\"item\">\n<div class=\"header\">\n<div class=\"title\">Charakteristika Bio bora Relish 70g\/7 porc\u00ed<\/div>\n<\/div>\n<div class=\"body\">\n<div class=\"content\">\n<div class=\"siteorigin-widget-tinymce textwidget\">\n<p>Bio bora Relish je <strong>kakaov\u00e1 delikatesa<\/strong>, kterou si m\u016f\u017eete dop\u0159\u00e1t <strong>bez jak\u00fdchkoliv v\u00fd\u010ditek<\/strong>. Je d\u016fkazem toho, \u017ee p\u0159\u00edvlastky jako \u201ezdrav\u00e9\u201c a \u201echutn\u00e9\u201c se navz\u00e1jem nevylu\u010duj\u00ed. Dop\u0159ejte si mix chut\u00ed blahod\u00e1rn\u00e9ho kakaa, v\u00fd\u017eivn\u00e9 quinoy, \u200b\u200bsladk\u00e9ho jakonu, exotick\u00e9 macy a camu camu. Tato unik\u00e1tn\u00ed sm\u011bs synergicky slad\u011bn\u00fdch ingredienc\u00ed v <strong>100% BIO<\/strong> kvalit\u011b je p\u0159\u00edrodn\u00edm zdrojem<strong> vitam\u00ednu C, miner\u00e1ln\u00edch l\u00e1tek <\/strong>a je <strong>bohat\u00e1 na vl\u00e1kninu<\/strong>.<\/p>\n<p><strong>P\u0159irozen\u011b kr\u00e1sn\u00e1 poko\u017eka<\/strong> a\u00a0<strong>vlasy<\/strong> nemus\u00ed b\u00fdt ni\u010d\u00edm nedosa\u017eiteln\u00fdm. V\u00a0Bio bora Relish je zastoupeno n\u011bkolik slo\u017eek, kter\u00e9 jejich stav pozitivn\u011b ovliv\u0148uj\u00ed. Ze v\u0161ech zmi\u0148me zejm\u00e9na vitam\u00edn C a m\u011b\u010f. Zat\u00edmco m\u011b\u010f p\u0159isp\u00edv\u00e1 k\u00a0<strong>pigmentaci vlas\u016f<\/strong> a\u00a0<strong>poko\u017eky<\/strong>, vitam\u00edn C zase podporuje <strong>tvorbu kolagenu<\/strong> d\u016fle\u017eit\u00e9ho pro norm\u00e1ln\u00ed funkci poko\u017eky<strong>.<\/strong> Benefity t\u011bchto mikro\u017eivin vlasy \u010di poko\u017ekou nekon\u010d\u00ed. P\u0159isp\u00edvaj\u00ed tak\u00e9 k\u00a0norm\u00e1ln\u00ed funkci <strong>imunitn<\/strong><strong>\u00ed<\/strong><strong>ho syst\u00e9mu<\/strong>, norm\u00e1ln\u00edmu <strong>energetick\u00e9mu metabolismu<\/strong> a\u00a0k\u00a0<strong>ochran\u011b bun\u011bk p\u0159ed oxida\u010dn\u00edm stresem<\/strong>. D\u00edky vitam\u00ednu C se i b\u011bhem n\u00e1ro\u010dn\u00fdch dn\u00ed m\u016f\u017eete <strong>c\u00edtit fit<\/strong>, proto\u017ee podporuje sni\u017eovat \u00fanavu.<\/p>\n<p>V\u011b\u0159\u00edme, \u017ee pro <strong>nutri\u010dn\u011b bohat\u00fd obsah<\/strong> bez pot\u0159eby kompromis\u016f k\u00a0<strong>v\u00fdborn\u00e9 chuti<\/strong> se Bio bora Relish stane nenahraditeln\u00fdm dopl\u0148kem k va\u0161\u00ed pestr\u00e9 a\u00a0vyv\u00e1\u017een\u00e9 strav\u011b, a rovn\u011b\u017e podpo\u0159\u00ed v\u00e1\u0161 zdrav\u00fd \u017eivotn\u00ed styl!<\/p>\n<\/div>\n<\/div>\n<\/div>\n<\/div>\n<\/div>\n<\/div>\n<\/div><\/div><\/div><\/div><\/div>","protected":false},"excerpt":{"rendered":"<p><strong>Bio bora Nourish Power<\/strong> bal\u00ed\u010dek zostaven\u00fd z produktov <a href=\"https:\/\/www.boratree.organic\/produkt\/bio-bora-reborn-compact-package\/\" target=\"_blank\" rel=\"noopener noreferrer\">Bio bora Reborn<\/a> a <a href=\"https:\/\/www.boratree.organic\/produkt\/bio-bora-relish-compact-package\/\" target=\"_blank\" rel=\"noopener noreferrer\">Bio bora Relish<\/a> v\u00e1s svoj\u00edm v\u00fd\u017eivn\u00fdm zlo\u017een\u00edm roz\u017eiari zvn\u00fatra aj navonok.<\/p>\n<ul>\n<li>Bio bora Reborn je pr\u00edrodn\u00fdm zdrojom chlorofylu, vitam\u00ednu B12, \u017eeleza a mang\u00e1nu<\/li>\n<li>Bio bora Relish poskytuje vitam\u00edn C, me\u010f a\u00a0chr\u00f3m<\/li>\n<li>V\u010faka Bio bora Reborn nech\u00fdbaj\u00fa aminokyseliny a vysok\u00fd obsah bielkov\u00edn<\/li>\n<li>Bio bora Relish je kakaov\u00e1 poch\u00fa\u0165ka bohat\u00e1 na vl\u00e1kninu<\/li>\n<li>Pozost\u00e1va z \u010disto rastlinn\u00fdch ingredienci\u00ed v 100% BIO kvalite bez GMO, umel\u00fdch sladidiel, umel\u00fdch pr\u00edchut\u00ed a konzervantov<\/li>\n<\/ul>\n<p><img decoding=\"async\" loading=\"lazy\" class=\"alignnone wp-image-892\" src=\"https:\/\/www.boratree.organic\/wp-content\/uploads\/2020\/08\/Screenshot-2020-10-14-at-13.03.27.jpg\" alt=\"\" width=\"56\" height=\"37\" \/><\/p>\n","protected":false},"featured_media":5885,"comment_status":"open","ping_status":"closed","template":"","meta":[],"product_cat":[69,148,70,71,72,73,68],"product_tag":[],"acf":[],"yoast_head":"<!-- This site is optimized with the Yoast SEO plugin v20.0 - https:\/\/yoast.com\/wordpress\/plugins\/seo\/ -->\n<title>Bio bora Nourish Power Compact - BoraTree<\/title>\n<meta name=\"robots\" content=\"index, follow, max-snippet:-1, max-image-preview:large, max-video-preview:-1\" \/>\n<link rel=\"canonical\" href=\"https:\/\/www.boratree.organic\/cs\/produkt\/bio-bora-nourish-power-compact-package\/\" \/>\n<meta property=\"og:locale\" content=\"cs_CZ\" \/>\n<meta property=\"og:type\" content=\"article\" \/>\n<meta property=\"og:title\" content=\"Bio bora Nourish Power Compact - BoraTree\" \/>\n<meta property=\"og:description\" content=\"Bio bora Nourish Power bal\u00ed\u010dek zostaven\u00fd z produktov Bio bora Reborn a Bio bora Relish v\u00e1s svoj\u00edm v\u00fd\u017eivn\u00fdm zlo\u017een\u00edm roz\u017eiari zvn\u00fatra aj navonok.   Bio bora Reborn je pr\u00edrodn\u00fdm zdrojom chlorofylu, vitam\u00ednu B12, \u017eeleza a mang\u00e1nu  Bio bora Relish poskytuje vitam\u00edn C, me\u010f a\u00a0chr\u00f3m  V\u010faka Bio bora Reborn nech\u00fdbaj\u00fa aminokyseliny a vysok\u00fd obsah bielkov\u00edn  Bio bora Relish je kakaov\u00e1 poch\u00fa\u0165ka bohat\u00e1 na vl\u00e1kninu  Pozost\u00e1va z \u010disto rastlinn\u00fdch ingredienci\u00ed v 100% BIO kvalite bez GMO, umel\u00fdch sladidiel, umel\u00fdch pr\u00edchut\u00ed a konzervantov\" \/>\n<meta property=\"og:url\" content=\"https:\/\/www.boratree.organic\/cs\/produkt\/bio-bora-nourish-power-compact-package\/\" \/>\n<meta property=\"og:site_name\" content=\"BoraTree\" \/>\n<meta property=\"article:modified_time\" content=\"2022-12-05T14:10:08+00:00\" \/>\n<meta property=\"og:image\" content=\"https:\/\/www.boratree.organic\/wp-content\/uploads\/2022\/11\/reborn-relish-1.png\" \/>\n\t<meta property=\"og:image:width\" content=\"1300\" \/>\n\t<meta property=\"og:image:height\" content=\"1300\" \/>\n\t<meta property=\"og:image:type\" content=\"image\/png\" \/>\n<meta name=\"twitter:card\" content=\"summary_large_image\" \/>\n<meta name=\"twitter:label1\" content=\"Odhadovan\u00e1 doba \u010dten\u00ed\" \/>\n\t<meta name=\"twitter:data1\" content=\"3 minuty\" \/>\n<script type=\"application\/ld+json\" class=\"yoast-schema-graph\">{\"@context\":\"https:\/\/schema.org\",\"@graph\":[{\"@type\":\"WebPage\",\"@id\":\"https:\/\/www.boratree.organic\/cs\/produkt\/bio-bora-nourish-power-compact-package\/\",\"url\":\"https:\/\/www.boratree.organic\/cs\/produkt\/bio-bora-nourish-power-compact-package\/\",\"name\":\"Bio bora Nourish Power Compact - BoraTree\",\"isPartOf\":{\"@id\":\"https:\/\/www.boratree.organic\/cs\/#website\"},\"datePublished\":\"2022-11-08T15:01:06+00:00\",\"dateModified\":\"2022-12-05T14:10:08+00:00\",\"breadcrumb\":{\"@id\":\"https:\/\/www.boratree.organic\/cs\/produkt\/bio-bora-nourish-power-compact-package\/#breadcrumb\"},\"inLanguage\":\"cs\",\"potentialAction\":[{\"@type\":\"ReadAction\",\"target\":[\"https:\/\/www.boratree.organic\/cs\/produkt\/bio-bora-nourish-power-compact-package\/\"]}]},{\"@type\":\"BreadcrumbList\",\"@id\":\"https:\/\/www.boratree.organic\/cs\/produkt\/bio-bora-nourish-power-compact-package\/#breadcrumb\",\"itemListElement\":[{\"@type\":\"ListItem\",\"position\":1,\"name\":\"Home\",\"item\":\"https:\/\/www.boratree.organic\/cs\/\"},{\"@type\":\"ListItem\",\"position\":2,\"name\":\"Obchod\",\"item\":\"https:\/\/www.boratree.organic\/cs\/obchod\/\"},{\"@type\":\"ListItem\",\"position\":3,\"name\":\"Bio bora Nourish Power Compact\"}]},{\"@type\":\"WebSite\",\"@id\":\"https:\/\/www.boratree.organic\/cs\/#website\",\"url\":\"https:\/\/www.boratree.organic\/cs\/\",\"name\":\"BoraTree\",\"description\":\"\",\"potentialAction\":[{\"@type\":\"SearchAction\",\"target\":{\"@type\":\"EntryPoint\",\"urlTemplate\":\"https:\/\/www.boratree.organic\/cs\/?s={search_term_string}\"},\"query-input\":\"required name=search_term_string\"}],\"inLanguage\":\"cs\"}]}<\/script>\n<!-- \/ Yoast SEO plugin. -->","yoast_head_json":{"title":"Bio bora Nourish Power Compact - BoraTree","robots":{"index":"index","follow":"follow","max-snippet":"max-snippet:-1","max-image-preview":"max-image-preview:large","max-video-preview":"max-video-preview:-1"},"canonical":"https:\/\/www.boratree.organic\/cs\/produkt\/bio-bora-nourish-power-compact-package\/","og_locale":"cs_CZ","og_type":"article","og_title":"Bio bora Nourish Power Compact - BoraTree","og_description":"Bio bora Nourish Power bal\u00ed\u010dek zostaven\u00fd z produktov Bio bora Reborn a Bio bora Relish v\u00e1s svoj\u00edm v\u00fd\u017eivn\u00fdm zlo\u017een\u00edm roz\u017eiari zvn\u00fatra aj navonok.   Bio bora Reborn je pr\u00edrodn\u00fdm zdrojom chlorofylu, vitam\u00ednu B12, \u017eeleza a mang\u00e1nu  Bio bora Relish poskytuje vitam\u00edn C, me\u010f a\u00a0chr\u00f3m  V\u010faka Bio bora Reborn nech\u00fdbaj\u00fa aminokyseliny a vysok\u00fd obsah bielkov\u00edn  Bio bora Relish je kakaov\u00e1 poch\u00fa\u0165ka bohat\u00e1 na vl\u00e1kninu  Pozost\u00e1va z \u010disto rastlinn\u00fdch ingredienci\u00ed v 100% BIO kvalite bez GMO, umel\u00fdch sladidiel, umel\u00fdch pr\u00edchut\u00ed a konzervantov","og_url":"https:\/\/www.boratree.organic\/cs\/produkt\/bio-bora-nourish-power-compact-package\/","og_site_name":"BoraTree","article_modified_time":"2022-12-05T14:10:08+00:00","og_image":[{"width":1300,"height":1300,"url":"https:\/\/www.boratree.organic\/wp-content\/uploads\/2022\/11\/reborn-relish-1.png","type":"image\/png"}],"twitter_card":"summary_large_image","twitter_misc":{"Odhadovan\u00e1 doba \u010dten\u00ed":"3 minuty"},"schema":{"@context":"https:\/\/schema.org","@graph":[{"@type":"WebPage","@id":"https:\/\/www.boratree.organic\/cs\/produkt\/bio-bora-nourish-power-compact-package\/","url":"https:\/\/www.boratree.organic\/cs\/produkt\/bio-bora-nourish-power-compact-package\/","name":"Bio bora Nourish Power Compact - BoraTree","isPartOf":{"@id":"https:\/\/www.boratree.organic\/cs\/#website"},"datePublished":"2022-11-08T15:01:06+00:00","dateModified":"2022-12-05T14:10:08+00:00","breadcrumb":{"@id":"https:\/\/www.boratree.organic\/cs\/produkt\/bio-bora-nourish-power-compact-package\/#breadcrumb"},"inLanguage":"cs","potentialAction":[{"@type":"ReadAction","target":["https:\/\/www.boratree.organic\/cs\/produkt\/bio-bora-nourish-power-compact-package\/"]}]},{"@type":"BreadcrumbList","@id":"https:\/\/www.boratree.organic\/cs\/produkt\/bio-bora-nourish-power-compact-package\/#breadcrumb","itemListElement":[{"@type":"ListItem","position":1,"name":"Home","item":"https:\/\/www.boratree.organic\/cs\/"},{"@type":"ListItem","position":2,"name":"Obchod","item":"https:\/\/www.boratree.organic\/cs\/obchod\/"},{"@type":"ListItem","position":3,"name":"Bio bora Nourish Power Compact"}]},{"@type":"WebSite","@id":"https:\/\/www.boratree.organic\/cs\/#website","url":"https:\/\/www.boratree.organic\/cs\/","name":"BoraTree","description":"","potentialAction":[{"@type":"SearchAction","target":{"@type":"EntryPoint","urlTemplate":"https:\/\/www.boratree.organic\/cs\/?s={search_term_string}"},"query-input":"required name=search_term_string"}],"inLanguage":"cs"}]}},"_links":{"self":[{"href":"https:\/\/www.boratree.organic\/cs\/wp-json\/wp\/v2\/product\/5868"}],"collection":[{"href":"https:\/\/www.boratree.organic\/cs\/wp-json\/wp\/v2\/product"}],"about":[{"href":"https:\/\/www.boratree.organic\/cs\/wp-json\/wp\/v2\/types\/product"}],"replies":[{"embeddable":true,"href":"https:\/\/www.boratree.organic\/cs\/wp-json\/wp\/v2\/comments?post=5868"}],"wp:featuredmedia":[{"embeddable":true,"href":"https:\/\/www.boratree.organic\/cs\/wp-json\/wp\/v2\/media\/5885"}],"wp:attachment":[{"href":"https:\/\/www.boratree.organic\/cs\/wp-json\/wp\/v2\/media?parent=5868"}],"wp:term":[{"taxonomy":"product_cat","embeddable":true,"href":"https:\/\/www.boratree.organic\/cs\/wp-json\/wp\/v2\/product_cat?post=5868"},{"taxonomy":"product_tag","embeddable":true,"href":"https:\/\/www.boratree.organic\/cs\/wp-json\/wp\/v2\/product_tag?post=5868"}],"curies":[{"name":"wp","href":"https:\/\/api.w.org\/{rel}","templated":true}]}}