{"id":5896,"date":"2022-11-05T09:23:31","date_gmt":"2022-11-09T08:23:31","guid":{"rendered":"https:\/\/www.boratree.organic\/?post_type=product&#038;p=5896"},"modified":"2024-11-11T14:53:47","modified_gmt":"2024-11-11T13:53:47","slug":"bio-bora-supreme-fusion-compact-package","status":"publish","type":"product","link":"https:\/\/www.boratree.organic\/cs\/produkt\/bio-bora-supreme-fusion-compact-package\/","title":{"rendered":"Bio bora Supreme Fusion Compact"},"content":{"rendered":"<div id=\"pl-5896\"  class=\"panel-layout\" ><div id=\"pg-5896-0\"  class=\"panel-grid panel-no-style\" ><div id=\"pgc-5896-0-0\"  class=\"panel-grid-cell\" ><div id=\"panel-5896-0-0-0\" class=\"so-panel widget widget_sow-editor panel-first-child panel-last-child\" data-index=\"0\" ><div\n\t\t\t\n\t\t\tclass=\"so-widget-sow-editor so-widget-sow-editor-base\"\n\t\t\t\n\t\t>\n<div class=\"siteorigin-widget-tinymce textwidget\">\n\t<p><strong>Bio bora Reborn, Bio bora Refresh<\/strong> a <strong>Bio bora Relish<\/strong> spolu tvo\u0159\u00ed <strong>synergick\u00e9 trio<\/strong> pln\u00e9 \u017eivin, jejich\u017e \u00fa\u010dinky na sob\u011b poc\u00edt\u00edte zevnit\u0159 i navenek. Vitamin C v Bio bora Refresh a Bio bora Relish p\u0159isp\u00edv\u00e1 k norm\u00e1ln\u00ed funkci <strong>imunitn\u00edho syst\u00e9mu<\/strong>, <strong>norm\u00e1ln\u00edmu energetick\u00e9mu metabolismu<\/strong> a k tvorb\u011b kolagenu d\u016fle\u017eit\u00e9ho pro <strong>norm\u00e1ln\u00ed funkci poko\u017eky<\/strong>. Pozitivn\u00ed vliv na ni m\u00e1 tak\u00e9 m\u011b\u010f v Bio bora Relish. V\u0161echny t\u0159i produkty jsou zdrojem mikro\u017eivin, kter\u00e9 p\u016fsob\u00ed jako <strong>antioxidanty<\/strong> a p\u0159isp\u00edvaj\u00ed k ochran\u011b bun\u011bk p\u0159ed oxidativn\u00edm stresem - vitamin C v <a href=\"https:\/\/www.boratree.organic\/produkt\/bio-bora-refresh-300-g\/\">sv\u011b\u017e\u00edm ovocn\u00e9m mixu<\/a>, vitamin C s m\u011bd\u00ed v <a href=\"https:\/\/www.boratree.organic\/produkt\/bio-bora-relish-300-g\/\">kakaov\u00e9 pochoutce<\/a> a mangan ve <a href=\"https:\/\/www.boratree.organic\/produkt\/bio-bora-reborn-360-g\/\">sm\u011bsi zelen\u00fdch superportav\u00edn s lucumou.<\/a> Pokud hled\u00e1te <strong>bohat\u00fd zdroj vl\u00e1kniny<\/strong>, tento bal\u00ed\u010dek by u v\u00e1s v kuchyni na poli\u010dce nem\u011bl chyb\u011bt. Trojice produkt\u016f v <strong>Bio bora Supreme Fusion<\/strong> je mimo\u0159\u00e1dn\u00e1 nejen pro sv\u016fj v\u00fdjime\u010dn\u00fd mix vitam\u00edn\u016f a antioxidant\u016f, ale tak\u00e9 <strong>lahodnou chu\u0165<\/strong>, kterou si zamilujete. Bio bora Supreme Fusion je komplexn\u00ed kombinace dopl\u0148k\u016f stravy, kter\u00e9 va\u0161e t\u011blo povzbud\u00ed po v\u00edcer\u00fdch str\u00e1nk\u00e1ch.<\/p>\n<\/div>\n<\/div><\/div><\/div><\/div><div id=\"pg-5896-1\"  class=\"panel-grid panel-no-style\" ><div id=\"pgc-5896-1-0\"  class=\"panel-grid-cell\" ><div id=\"panel-5896-1-0-0\" class=\"so-panel widget widget_sow-editor panel-first-child panel-last-child\" data-index=\"1\" ><div\n\t\t\t\n\t\t\tclass=\"so-widget-sow-editor so-widget-sow-editor-base\"\n\t\t\t\n\t\t>\n<div class=\"siteorigin-widget-tinymce textwidget\">\n\t<div class=\"accordion-component\">\n<div class=\"item\">\n<div class=\"header\">\n<div class=\"title\">Charakteristika Bio bora Reborn 84g\/7 porc\u00ed<\/div>\n<\/div>\n<div class=\"body\">\n<div class=\"content\">\n<p>Bu\u010fte ka\u017ed\u00fd den jako <strong>znovuzrozen\u00ed <\/strong>a\u00a0vyu\u017eijte <strong>naplno sv\u016fj potenci\u00e1l<\/strong>. Bio bora Reborn je v\u00fd\u017eivov\u00fdm dopl\u0148kem, kter\u00fd v\u00e1m k tomu dopom\u016f\u017ee. Unik\u00e1tn\u00ed sm\u011bs ingredienc\u00ed v <strong>100% BIO<\/strong> kvalit\u011b obsahuje <strong>vitam\u00edny, miner\u00e1ln\u00ed l\u00e1tky, aminokyseliny<\/strong> a\u00a0dal\u0161\u00ed cenn\u00e9 pigmenty jako <a href=\"https:\/\/www.medicalnewstoday.com\/articles\/322361\">chlorofyl<\/a>, kter\u00e9 maj\u00ed \u0159adu p\u0159\u00edzniv\u00fdch \u00fa\u010dink\u016f pro podporu va\u0161eho zdrav\u00ed. \u017delezo p\u0159isp\u00edv\u00e1 ke <strong>sn\u00ed\u017een\u00ed \u00fanavy<\/strong>, norm\u00e1ln\u00ed<strong> kognitivn\u00ed funkci<\/strong>, norm\u00e1ln\u00ed funkci<strong> imunitn\u00edho syst\u00e9mu<\/strong> a norm\u00e1ln\u00edmu<strong> energetick\u00e9mu metabolismu<\/strong>. Mangan podporuje <strong>ochranu bun\u011bk p\u0159ed oxida\u010dn\u00edm stresem<\/strong>. Pokud hled\u00e1te<strong>\u00a0<\/strong><strong>bohat<\/strong><strong>\u00fd<\/strong><strong> zdroj <\/strong><a href=\"https:\/\/www.healthline.com\/nutrition\/22-high-fiber-foods#What-is-fiber?\">vl\u00e1kniny<\/a><strong>, <\/strong>denn\u00ed d\u00e1vka tohoto zelen\u00e9ho elix\u00edru by u v\u00e1s nem\u011bla chyb\u011bt.<\/p>\n<p>Bio bora Reborn tak\u00e9 ocen\u00ed ka\u017ed\u00fd, kdo vyzn\u00e1v\u00e1 aktivn\u00ed \u017eivotn\u00ed styl. Pokud d\u00e1te sv\u00e9mu t\u011blu po\u0159\u00e1dn\u011b zabrat sportovn\u00edm v\u00fdkonem, odm\u011b\u0148te ho d\u00e1vkou tohoto zelen\u00e9ho \u017eivotabudi\u010de. Obsahuje toti\u017e vysok\u00e9 mno\u017estv\u00ed b\u00edlkovin, kter\u00e9 podporuj\u00ed <strong>r\u016fst<\/strong> a\u00a0<strong>udr\u017een\u00ed svalov\u00e9 hmoty<\/strong>.<\/p>\n<p>Slo\u017een\u00ed Bio bora Reborn jsme pe\u010dliv\u011b sestavili ve spolupr\u00e1ci s odborn\u00edky na v\u00fd\u017eivu tak, abyste v r\u00e1mci <strong>12g denn\u00ed d\u00e1vky<\/strong> dostali do t\u011bla <strong>pot\u0159ebn\u00e9 \u017eiviny<\/strong> v optim\u00e1ln\u00edm mno\u017estv\u00ed. Spolehn\u011bte se tak na <strong>maxim\u00e1ln\u00ed efekt<\/strong>!<\/p>\n<\/div>\n<\/div>\n<\/div>\n<div class=\"item\">\n<div class=\"header\">\n<div class=\"title\">Charakteristika Bio bora Refresh 70g\/7 porc\u00ed<\/div>\n<\/div>\n<div class=\"body\">\n<div class=\"content\">\n<p>Bio bora Refresh se snadno stane va\u0161\u00ed <strong>ka\u017edodenn\u00ed d\u00e1vkou exotick\u00e9ho ovoce<\/strong>. Je bohat\u00fdm p\u0159\u00edrodn\u00edm zdrojem vl\u00e1kniny a vitam\u00ednu C. Ingredience tohoto produktu jsme sesb\u00edrali doslova z cel\u00e9ho sv\u011bta. Vyb\u00edrali jsme m\u00edsta, na kter\u00fdch se jednotliv\u00e9mu ovoci da\u0159\u00ed nejv\u00edce. M\u016f\u017eete se proto spolehnout na jeho <strong>100% BIO <\/strong>kvalitu a\u00a0<strong>v\u00fd\u017eivnost<\/strong>. Dop\u0159ejte si <strong>sv\u011b\u017e\u00ed mix exotick\u00fdch chut\u00ed<\/strong> jemn\u011b kysel\u00fdch maqui, citrusov\u00fdch t\u00f3n\u016f baobabu obohacen\u00e9 o lahodn\u011b sladkou lucumu, jemn\u011b zv\u00fdrazn\u011bnou ban\u00e1ny.<\/p>\n<p>Maqui a\u00a0acai jsme c\u00edlen\u011b p\u0159idali do Bio bora Refresh, aby krom\u011b jin\u00fdch benefit\u016f pro zdrav\u00ed zajistili i vysokou hodnotu <a href=\"https:\/\/www.scientificamerican.com\/article\/what-are-orac-values\/\">ORAC.<\/a> Ta vyjad\u0159uje <strong>antioxida\u010dn\u00ed kapacitu<\/strong> potravin bojovat proti voln\u00fdm radik\u00e1l\u016fm. <strong>Ochranu bun\u011bk p\u0159ed oxida\u010dn\u00edm stresem <\/strong>v tomto produktu podporuje i vitam\u00edn C. Vysok\u00e9 mno\u017estv\u00ed t\u00e9to mikro\u017eiviny okrem toho t\u00e9\u017e p\u0159isp\u00edv\u00e1 k <strong>tvorb\u011b kolagenu<\/strong>, jako i norm\u00e1ln\u00ed funkci <strong>imunitn\u00edho syst\u00e9mu<\/strong>, <strong>nervov\u00e9ho syst\u00e9mu <\/strong>a\u00a0k\u00a0norm\u00e1ln\u00edmu <strong>energetick\u00e9mu metabolizmu<\/strong>.<\/p>\n<p>Bio bora Refresh jsme ve spolupr\u00e1ci s nutri\u010dn\u00edmi experty sestavili tak, aby se jednotliv\u00e9 slo\u017eky vz\u00e1jemn\u011b podporovali a z\u00e1rove\u0148 jejich <strong>\u00fa\u010dinn\u00e9 l\u00e1tky<\/strong> byly pro t\u011blo <strong>snadno vyu\u017eiteln\u00e9<\/strong>. Bio bora Refresh je zkr\u00e1tka <strong>chutnou<\/strong> a <strong>v\u00fd\u017eivnou bombou<\/strong> na ka\u017ed\u00fd den!<\/p>\n<\/div>\n<\/div>\n<\/div>\n<div class=\"item\">\n<div class=\"header\">\n<div class=\"title\">Charakteristika Bio bora Relish 70g\/7 porc\u00ed<\/div>\n<\/div>\n<div class=\"body\">\n<div class=\"content\">\n<p>Bio bora Relish je <strong>kakaov\u00e1 delikatesa<\/strong>, kterou si m\u016f\u017eete dop\u0159\u00e1t <strong>bez jak\u00fdchkoliv v\u00fd\u010ditek<\/strong>. Je d\u016fkazem toho, \u017ee p\u0159\u00edvlastky jako \u201ezdrav\u00e9\u201c a \u201echutn\u00e9\u201c se navz\u00e1jem nevylu\u010duj\u00ed. Dop\u0159ejte si mix chut\u00ed blahod\u00e1rn\u00e9ho kakaa, v\u00fd\u017eivn\u00e9 quinoy, \u200b\u200bsladk\u00e9ho jakonu, exotick\u00e9 macy a camu camu. Tato unik\u00e1tn\u00ed sm\u011bs synergicky slad\u011bn\u00fdch ingredienc\u00ed v <strong>100% BIO<\/strong> kvalit\u011b je p\u0159\u00edrodn\u00edm zdrojem<strong> vitam\u00ednu C, miner\u00e1ln\u00edch l\u00e1tek <\/strong>a je <strong>bohat\u00e1 na vl\u00e1kninu<\/strong>.<\/p>\n<p><strong>P\u0159irozen\u011b kr\u00e1sn\u00e1 poko\u017eka<\/strong> a\u00a0<strong>vlasy<\/strong> nemus\u00ed b\u00fdt ni\u010d\u00edm nedosa\u017eiteln\u00fdm. V\u00a0Bio bora Relish je zastoupeno n\u011bkolik slo\u017eek, kter\u00e9 jejich stav pozitivn\u011b ovliv\u0148uj\u00ed. Ze v\u0161ech zmi\u0148me zejm\u00e9na vitam\u00edn C a m\u011b\u010f. Zat\u00edmco m\u011b\u010f p\u0159isp\u00edv\u00e1 k\u00a0<strong>pigmentaci vlas\u016f<\/strong> a\u00a0<strong>poko\u017eky<\/strong>, vitam\u00edn C zase podporuje <strong>tvorbu kolagenu<\/strong> d\u016fle\u017eit\u00e9ho pro norm\u00e1ln\u00ed funkci poko\u017eky<strong>.<\/strong> Benefity t\u011bchto mikro\u017eivin vlasy \u010di poko\u017ekou nekon\u010d\u00ed. P\u0159isp\u00edvaj\u00ed tak\u00e9 k\u00a0norm\u00e1ln\u00ed funkci <strong>imunitn<\/strong><strong>\u00ed<\/strong><strong>ho syst\u00e9mu<\/strong>, norm\u00e1ln\u00edmu <strong>energetick\u00e9mu metabolismu<\/strong> a\u00a0k\u00a0<strong>ochran\u011b bun\u011bk p\u0159ed oxida\u010dn\u00edm stresem<\/strong>. D\u00edky vitam\u00ednu C se i b\u011bhem n\u00e1ro\u010dn\u00fdch dn\u00ed m\u016f\u017eete <strong>c\u00edtit fit<\/strong>, proto\u017ee podporuje sni\u017eovat \u00fanavu.<\/p>\n<p>V\u011b\u0159\u00edme, \u017ee pro <strong>nutri\u010dn\u011b bohat\u00fd obsah<\/strong> bez pot\u0159eby kompromis\u016f k\u00a0<strong>v\u00fdborn\u00e9 chuti<\/strong> se Bio bora Relish stane nenahraditeln\u00fdm dopl\u0148kem k va\u0161\u00ed pestr\u00e9 a\u00a0vyv\u00e1\u017een\u00e9 strav\u011b, a rovn\u011b\u017e podpo\u0159\u00ed v\u00e1\u0161 zdrav\u00fd \u017eivotn\u00ed styl!<\/p>\n<\/div>\n<\/div>\n<\/div>\n<\/div>\n<\/div>\n<\/div><\/div><\/div><\/div><\/div>","protected":false},"excerpt":{"rendered":"<p><strong>Bio bora Supreme Fusion<\/strong> bal\u00ed\u010dek zostaven\u00fd z produktov <a href=\"https:\/\/www.boratree.organic\/cs\/produkt\/bio-bora-reborn-compact-package\/\"><strong>Bio bora Reborn<\/strong><\/a>, <a href=\"https:\/\/www.boratree.organic\/cs\/produkt\/bio-bora-refresh-compact-package\/\"><strong>Bio bora Refresh<\/strong><\/a> a <a href=\"https:\/\/www.boratree.organic\/cs\/produkt\/bio-bora-relish-compact-package\/\"><strong>Bio bora Relish<\/strong><\/a> obsahuje synergick\u00fd mix \u010disto pr\u00edrodn\u00fdch zlo\u017eiek, ktor\u00e9 povzbudia va\u0161e telo po viacer\u00fdch str\u00e1nkach.<strong>\u00a0<\/strong><\/p>\n<ul>\n<li>Bio bora Reborn je pr\u00edrodn\u00fdm zdrojom chlorofylu, aminokysel\u00edn, vitam\u00ednu B12, \u017eeleza a mang\u00e1nu<\/li>\n<li>Maqui a acai v Bio bora Refresh s\u00fa v\u00fdzna\u010dn\u00e9 vysokou antioxida\u010dnou kapacitou (ORAC)<\/li>\n<li>Bio bora Relish je kakaov\u00e1 poch\u00fa\u0165ka nabit\u00e1 vitam\u00ednom C<\/li>\n<li>Obsahuje\u00a0\u0161tedr\u00fa d\u00e1vku vl\u00e1kniny<\/li>\n<li>Pozost\u00e1va z \u010disto rastlinn\u00fdch ingredienci\u00ed v 100% BIO kvalite bez GMO, umel\u00fdch sladidiel, umel\u00fdch pr\u00edchut\u00ed a konzervantov<\/li>\n<\/ul>\n<p><img decoding=\"async\" loading=\"lazy\" class=\"alignnone wp-image-892\" src=\"https:\/\/www.boratree.organic\/wp-content\/uploads\/2020\/08\/Screenshot-2020-10-14-at-13.03.27.jpg\" alt=\"\" width=\"56\" height=\"37\" \/><\/p>\n","protected":false},"featured_media":5922,"comment_status":"open","ping_status":"closed","template":"","meta":[],"product_cat":[69,148,68],"product_tag":[],"acf":[],"yoast_head":"<!-- This site is optimized with the Yoast SEO plugin v20.0 - https:\/\/yoast.com\/wordpress\/plugins\/seo\/ -->\n<title>Bio bora Supreme Fusion Compact - BoraTree<\/title>\n<meta name=\"robots\" content=\"index, follow, max-snippet:-1, max-image-preview:large, max-video-preview:-1\" \/>\n<link rel=\"canonical\" href=\"https:\/\/www.boratree.organic\/cs\/produkt\/bio-bora-supreme-fusion-compact-package\/\" \/>\n<meta property=\"og:locale\" content=\"cs_CZ\" \/>\n<meta property=\"og:type\" content=\"article\" \/>\n<meta property=\"og:title\" content=\"Bio bora Supreme Fusion Compact - BoraTree\" \/>\n<meta property=\"og:description\" content=\"Bio bora Supreme Fusion bal\u00ed\u010dek zostaven\u00fd z produktov Bio bora Reborn, Bio bora Refresh a Bio bora Relish obsahuje synergick\u00fd mix \u010disto pr\u00edrodn\u00fdch zlo\u017eiek, ktor\u00e9 povzbudia va\u0161e telo po viacer\u00fdch str\u00e1nkach.\u00a0   Bio bora Reborn je pr\u00edrodn\u00fdm zdrojom chlorofylu, aminokysel\u00edn, vitam\u00ednu B12, \u017eeleza a mang\u00e1nu  Maqui a acai v Bio bora Refresh s\u00fa v\u00fdzna\u010dn\u00e9 vysokou antioxida\u010dnou kapacitou (ORAC)  Bio bora Relish je kakaov\u00e1 poch\u00fa\u0165ka nabit\u00e1 vitam\u00ednom C  Obsahuje\u00a0\u0161tedr\u00fa d\u00e1vku vl\u00e1kniny  Pozost\u00e1va z \u010disto rastlinn\u00fdch ingredienci\u00ed v 100% BIO kvalite bez GMO, umel\u00fdch sladidiel, umel\u00fdch pr\u00edchut\u00ed a konzervantov\" \/>\n<meta property=\"og:url\" content=\"https:\/\/www.boratree.organic\/cs\/produkt\/bio-bora-supreme-fusion-compact-package\/\" \/>\n<meta property=\"og:site_name\" content=\"BoraTree\" \/>\n<meta property=\"article:modified_time\" content=\"2024-11-11T13:53:47+00:00\" \/>\n<meta property=\"og:image\" content=\"https:\/\/www.boratree.organic\/wp-content\/uploads\/2022\/11\/nourish-2.png\" \/>\n\t<meta property=\"og:image:width\" content=\"1300\" \/>\n\t<meta property=\"og:image:height\" content=\"1300\" \/>\n\t<meta property=\"og:image:type\" content=\"image\/png\" \/>\n<meta name=\"twitter:card\" content=\"summary_large_image\" \/>\n<meta name=\"twitter:label1\" content=\"Odhadovan\u00e1 doba \u010dten\u00ed\" \/>\n\t<meta name=\"twitter:data1\" content=\"4 minuty\" \/>\n<script type=\"application\/ld+json\" class=\"yoast-schema-graph\">{\"@context\":\"https:\/\/schema.org\",\"@graph\":[{\"@type\":\"WebPage\",\"@id\":\"https:\/\/www.boratree.organic\/cs\/produkt\/bio-bora-supreme-fusion-compact-package\/\",\"url\":\"https:\/\/www.boratree.organic\/cs\/produkt\/bio-bora-supreme-fusion-compact-package\/\",\"name\":\"Bio bora Supreme Fusion Compact - BoraTree\",\"isPartOf\":{\"@id\":\"https:\/\/www.boratree.organic\/cs\/#website\"},\"datePublished\":\"2022-11-09T08:23:31+00:00\",\"dateModified\":\"2024-11-11T13:53:47+00:00\",\"breadcrumb\":{\"@id\":\"https:\/\/www.boratree.organic\/cs\/produkt\/bio-bora-supreme-fusion-compact-package\/#breadcrumb\"},\"inLanguage\":\"cs\",\"potentialAction\":[{\"@type\":\"ReadAction\",\"target\":[\"https:\/\/www.boratree.organic\/cs\/produkt\/bio-bora-supreme-fusion-compact-package\/\"]}]},{\"@type\":\"BreadcrumbList\",\"@id\":\"https:\/\/www.boratree.organic\/cs\/produkt\/bio-bora-supreme-fusion-compact-package\/#breadcrumb\",\"itemListElement\":[{\"@type\":\"ListItem\",\"position\":1,\"name\":\"Home\",\"item\":\"https:\/\/www.boratree.organic\/cs\/\"},{\"@type\":\"ListItem\",\"position\":2,\"name\":\"Obchod\",\"item\":\"https:\/\/www.boratree.organic\/cs\/obchod\/\"},{\"@type\":\"ListItem\",\"position\":3,\"name\":\"Bio bora Supreme Fusion Compact\"}]},{\"@type\":\"WebSite\",\"@id\":\"https:\/\/www.boratree.organic\/cs\/#website\",\"url\":\"https:\/\/www.boratree.organic\/cs\/\",\"name\":\"BoraTree\",\"description\":\"\",\"potentialAction\":[{\"@type\":\"SearchAction\",\"target\":{\"@type\":\"EntryPoint\",\"urlTemplate\":\"https:\/\/www.boratree.organic\/cs\/?s={search_term_string}\"},\"query-input\":\"required name=search_term_string\"}],\"inLanguage\":\"cs\"}]}<\/script>\n<!-- \/ Yoast SEO plugin. -->","yoast_head_json":{"title":"Bio bora Supreme Fusion Compact - BoraTree","robots":{"index":"index","follow":"follow","max-snippet":"max-snippet:-1","max-image-preview":"max-image-preview:large","max-video-preview":"max-video-preview:-1"},"canonical":"https:\/\/www.boratree.organic\/cs\/produkt\/bio-bora-supreme-fusion-compact-package\/","og_locale":"cs_CZ","og_type":"article","og_title":"Bio bora Supreme Fusion Compact - BoraTree","og_description":"Bio bora Supreme Fusion bal\u00ed\u010dek zostaven\u00fd z produktov Bio bora Reborn, Bio bora Refresh a Bio bora Relish obsahuje synergick\u00fd mix \u010disto pr\u00edrodn\u00fdch zlo\u017eiek, ktor\u00e9 povzbudia va\u0161e telo po viacer\u00fdch str\u00e1nkach.\u00a0   Bio bora Reborn je pr\u00edrodn\u00fdm zdrojom chlorofylu, aminokysel\u00edn, vitam\u00ednu B12, \u017eeleza a mang\u00e1nu  Maqui a acai v Bio bora Refresh s\u00fa v\u00fdzna\u010dn\u00e9 vysokou antioxida\u010dnou kapacitou (ORAC)  Bio bora Relish je kakaov\u00e1 poch\u00fa\u0165ka nabit\u00e1 vitam\u00ednom C  Obsahuje\u00a0\u0161tedr\u00fa d\u00e1vku vl\u00e1kniny  Pozost\u00e1va z \u010disto rastlinn\u00fdch ingredienci\u00ed v 100% BIO kvalite bez GMO, umel\u00fdch sladidiel, umel\u00fdch pr\u00edchut\u00ed a konzervantov","og_url":"https:\/\/www.boratree.organic\/cs\/produkt\/bio-bora-supreme-fusion-compact-package\/","og_site_name":"BoraTree","article_modified_time":"2024-11-11T13:53:47+00:00","og_image":[{"width":1300,"height":1300,"url":"https:\/\/www.boratree.organic\/wp-content\/uploads\/2022\/11\/nourish-2.png","type":"image\/png"}],"twitter_card":"summary_large_image","twitter_misc":{"Odhadovan\u00e1 doba \u010dten\u00ed":"4 minuty"},"schema":{"@context":"https:\/\/schema.org","@graph":[{"@type":"WebPage","@id":"https:\/\/www.boratree.organic\/cs\/produkt\/bio-bora-supreme-fusion-compact-package\/","url":"https:\/\/www.boratree.organic\/cs\/produkt\/bio-bora-supreme-fusion-compact-package\/","name":"Bio bora Supreme Fusion Compact - BoraTree","isPartOf":{"@id":"https:\/\/www.boratree.organic\/cs\/#website"},"datePublished":"2022-11-09T08:23:31+00:00","dateModified":"2024-11-11T13:53:47+00:00","breadcrumb":{"@id":"https:\/\/www.boratree.organic\/cs\/produkt\/bio-bora-supreme-fusion-compact-package\/#breadcrumb"},"inLanguage":"cs","potentialAction":[{"@type":"ReadAction","target":["https:\/\/www.boratree.organic\/cs\/produkt\/bio-bora-supreme-fusion-compact-package\/"]}]},{"@type":"BreadcrumbList","@id":"https:\/\/www.boratree.organic\/cs\/produkt\/bio-bora-supreme-fusion-compact-package\/#breadcrumb","itemListElement":[{"@type":"ListItem","position":1,"name":"Home","item":"https:\/\/www.boratree.organic\/cs\/"},{"@type":"ListItem","position":2,"name":"Obchod","item":"https:\/\/www.boratree.organic\/cs\/obchod\/"},{"@type":"ListItem","position":3,"name":"Bio bora Supreme Fusion Compact"}]},{"@type":"WebSite","@id":"https:\/\/www.boratree.organic\/cs\/#website","url":"https:\/\/www.boratree.organic\/cs\/","name":"BoraTree","description":"","potentialAction":[{"@type":"SearchAction","target":{"@type":"EntryPoint","urlTemplate":"https:\/\/www.boratree.organic\/cs\/?s={search_term_string}"},"query-input":"required name=search_term_string"}],"inLanguage":"cs"}]}},"_links":{"self":[{"href":"https:\/\/www.boratree.organic\/cs\/wp-json\/wp\/v2\/product\/5896"}],"collection":[{"href":"https:\/\/www.boratree.organic\/cs\/wp-json\/wp\/v2\/product"}],"about":[{"href":"https:\/\/www.boratree.organic\/cs\/wp-json\/wp\/v2\/types\/product"}],"replies":[{"embeddable":true,"href":"https:\/\/www.boratree.organic\/cs\/wp-json\/wp\/v2\/comments?post=5896"}],"wp:featuredmedia":[{"embeddable":true,"href":"https:\/\/www.boratree.organic\/cs\/wp-json\/wp\/v2\/media\/5922"}],"wp:attachment":[{"href":"https:\/\/www.boratree.organic\/cs\/wp-json\/wp\/v2\/media?parent=5896"}],"wp:term":[{"taxonomy":"product_cat","embeddable":true,"href":"https:\/\/www.boratree.organic\/cs\/wp-json\/wp\/v2\/product_cat?post=5896"},{"taxonomy":"product_tag","embeddable":true,"href":"https:\/\/www.boratree.organic\/cs\/wp-json\/wp\/v2\/product_tag?post=5896"}],"curies":[{"name":"wp","href":"https:\/\/api.w.org\/{rel}","templated":true}]}}