{"id":5933,"date":"2022-11-06T10:19:25","date_gmt":"2022-11-09T09:19:25","guid":{"rendered":"https:\/\/www.boratree.organic\/?post_type=product&#038;p=5933"},"modified":"2024-11-18T10:11:32","modified_gmt":"2024-11-18T09:11:32","slug":"bio-bora-boost-elixir-compact-package","status":"publish","type":"product","link":"https:\/\/www.boratree.organic\/cs\/produkt\/bio-bora-boost-elixir-compact-package\/","title":{"rendered":"Bio bora Boost Elixir Compact"},"content":{"rendered":"<div id=\"pl-5933\"  class=\"panel-layout\" ><div id=\"pg-5933-0\"  class=\"panel-grid panel-no-style\" ><div id=\"pgc-5933-0-0\"  class=\"panel-grid-cell\" ><div id=\"panel-5933-0-0-0\" class=\"so-panel widget widget_sow-editor panel-first-child panel-last-child\" data-index=\"0\" ><div\n\t\t\t\n\t\t\tclass=\"so-widget-sow-editor so-widget-sow-editor-base\"\n\t\t\t\n\t\t>\n<div class=\"siteorigin-widget-tinymce textwidget\">\n\t<p>Kombinace produkt\u016f <strong>Bio bora Reborn<\/strong> a <strong>Bio bora Refresh<\/strong> obsahuje <strong>perfektn\u00ed pom\u011br \u017eivin<\/strong>, kter\u00e9 maj\u00ed synergick\u00e9 \u00fa\u010dinky. Celkovou <strong>obranyschopnost t\u011bla<\/strong> podpo\u0159\u00ed \u017eelezo v Bio bora Reborn a vitam\u00edn C v Bio bora Refresh, proto\u017ee p\u0159isp\u00edvaj\u00ed k norm\u00e1ln\u00ed funkci imunitn\u00edho syst\u00e9mu. Nebojte se vrhnout do koloto\u010de ka\u017edodenn\u00edch ud\u00e1lost\u00ed, proto\u017ee tyto mikro\u017eiviny tak\u00e9 p\u0159isp\u011bj\u00ed ke <strong>sn\u00ed\u017een\u00ed \u00fanavy.<\/strong> Na podpo\u0159e <strong>ochrany bun\u011bk p\u0159ed oxida\u010dn\u00edm stresem<\/strong> se pod\u00edl\u00ed d\u00e1vka antioxidant\u016f v cel\u00e9m bal\u00ed\u010dku \u2013 vitamin C v <a href=\"https:\/\/www.boratree.organic\/produkt\/bio-bora-refresh-300-g\/\">sv\u011b\u017e\u00edm mixu exotick\u00e9ho ovoce<\/a> a mangan v <a href=\"https:\/\/www.boratree.organic\/produkt\/bio-bora-reborn-360-g\/\">mixu zelen\u00fdch superpotravin s v\u00fd\u017eivnou lucumou.<\/a> Na tomto bal\u00ed\u010dku ur\u010dit\u011b ocen\u00edte nejen p\u0159\u00edzniv\u00e9 \u00fa\u010dinky, ale i <strong>v\u00fdbornou chu\u0165<\/strong>. Krom\u011b t\u00f3n\u016f exotick\u00e9ho ovoce va\u0161e chu\u0165ov\u00e9 poh\u00e1rky uspokoj\u00ed tak\u00e9 lucuma, kter\u00e1 dod\u00e1v\u00e1 karamelov\u00fd n\u00e1dech i mixu ze zelen\u00fdch superpotravin. Pokud chcete do sv\u00e9ho j\u00eddeln\u00ed\u010dku za\u0159adit <strong>v\u00fd\u017eivn\u00e9, chutn\u00e9, syt\u00e9<\/strong> a vyv\u00e1\u017een\u00e9 dopl\u0148ky stravy, bal\u00ed\u010dek <strong>Bio bora Boost Elixir<\/strong> je tou spr\u00e1vnou volbou.<\/p>\n<p>&nbsp;<\/p>\n<\/div>\n<\/div><\/div><\/div><\/div><div id=\"pg-5933-1\"  class=\"panel-grid panel-no-style\" ><div id=\"pgc-5933-1-0\"  class=\"panel-grid-cell\" ><div id=\"panel-5933-1-0-0\" class=\"so-panel widget widget_sow-editor panel-first-child panel-last-child\" data-index=\"1\" ><div\n\t\t\t\n\t\t\tclass=\"so-widget-sow-editor so-widget-sow-editor-base\"\n\t\t\t\n\t\t>\n<div class=\"siteorigin-widget-tinymce textwidget\">\n\t<div class=\"accordion-component\">\n<div class=\"item\">\n<div class=\"header\">\n<div class=\"title\">Charakteristika Bio bora Reborn 84g\/7 porc\u00ed<\/div>\n<\/div>\n<div class=\"body\">\n<div class=\"content\">\n<p>Bu\u010fte ka\u017ed\u00fd den jako <strong>znovuzrozen\u00ed <\/strong>a\u00a0vyu\u017eijte <strong>naplno sv\u016fj potenci\u00e1l<\/strong>. Bio bora Reborn je v\u00fd\u017eivov\u00fdm dopl\u0148kem, kter\u00fd v\u00e1m k tomu dopom\u016f\u017ee. Unik\u00e1tn\u00ed sm\u011bs ingredienc\u00ed v <strong>100% BIO<\/strong> kvalit\u011b obsahuje <strong>vitam\u00edny, miner\u00e1ln\u00ed l\u00e1tky, aminokyseliny<\/strong> a\u00a0dal\u0161\u00ed cenn\u00e9 pigmenty jako <a href=\"https:\/\/www.medicalnewstoday.com\/articles\/322361\">chlorofyl<\/a>, kter\u00e9 maj\u00ed \u0159adu p\u0159\u00edzniv\u00fdch \u00fa\u010dink\u016f pro podporu va\u0161eho zdrav\u00ed. \u017delezo p\u0159isp\u00edv\u00e1 ke <strong>sn\u00ed\u017een\u00ed \u00fanavy<\/strong>, norm\u00e1ln\u00ed<strong> kognitivn\u00ed funkci<\/strong>, norm\u00e1ln\u00ed funkci<strong> imunitn\u00edho syst\u00e9mu<\/strong> a norm\u00e1ln\u00edmu<strong> energetick\u00e9mu metabolismu<\/strong>. Mangan podporuje <strong>ochranu bun\u011bk p\u0159ed oxida\u010dn\u00edm stresem<\/strong>. Pokud hled\u00e1te<strong>\u00a0<\/strong><strong>bohat<\/strong><strong>\u00fd<\/strong><strong> zdroj <\/strong><a href=\"https:\/\/www.healthline.com\/nutrition\/22-high-fiber-foods#What-is-fiber?\">vl\u00e1kniny<\/a><strong>, <\/strong>denn\u00ed d\u00e1vka tohoto zelen\u00e9ho elix\u00edru by u v\u00e1s nem\u011bla chyb\u011bt.<\/p>\n<p>Bio bora Reborn tak\u00e9 ocen\u00ed ka\u017ed\u00fd, kdo vyzn\u00e1v\u00e1 aktivn\u00ed \u017eivotn\u00ed styl. Pokud d\u00e1te sv\u00e9mu t\u011blu po\u0159\u00e1dn\u011b zabrat sportovn\u00edm v\u00fdkonem, odm\u011b\u0148te ho d\u00e1vkou tohoto zelen\u00e9ho \u017eivotabudi\u010de. Obsahuje toti\u017e vysok\u00e9 mno\u017estv\u00ed b\u00edlkovin, kter\u00e9 podporuj\u00ed <strong>r\u016fst<\/strong> a\u00a0<strong>udr\u017een\u00ed svalov\u00e9 hmoty<\/strong>.<\/p>\n<p>Slo\u017een\u00ed Bio bora Reborn jsme pe\u010dliv\u011b sestavili ve spolupr\u00e1ci s odborn\u00edky na v\u00fd\u017eivu tak, abyste v r\u00e1mci <strong>12g denn\u00ed d\u00e1vky<\/strong> dostali do t\u011bla <strong>pot\u0159ebn\u00e9 \u017eiviny<\/strong> v optim\u00e1ln\u00edm mno\u017estv\u00ed. Spolehn\u011bte se tak na <strong>maxim\u00e1ln\u00ed efekt<\/strong>!<\/p>\n<\/div>\n<\/div>\n<\/div>\n<div class=\"item\">\n<div class=\"header\">\n<div class=\"title\">Charakteristika Bio bora Refresh 70g\/7 porc\u00ed<\/div>\n<\/div>\n<div class=\"body\">\n<div class=\"content\">\n<p>Bio bora Refresh se snadno stane va\u0161\u00ed <strong>ka\u017edodenn\u00ed d\u00e1vkou exotick\u00e9ho ovoce<\/strong>. Je bohat\u00fdm p\u0159\u00edrodn\u00edm zdrojem vl\u00e1kniny a vitam\u00ednu C. Ingredience tohoto produktu jsme sesb\u00edrali doslova z cel\u00e9ho sv\u011bta. Vyb\u00edrali jsme m\u00edsta, na kter\u00fdch se jednotliv\u00e9mu ovoci da\u0159\u00ed nejv\u00edce. M\u016f\u017eete se proto spolehnout na jeho <strong>100% BIO <\/strong>kvalitu a\u00a0<strong>v\u00fd\u017eivnost<\/strong>. Dop\u0159ejte si <strong>sv\u011b\u017e\u00ed mix exotick\u00fdch chut\u00ed<\/strong> jemn\u011b kysel\u00fdch maqui, citrusov\u00fdch t\u00f3n\u016f baobabu obohacen\u00e9 o lahodn\u011b sladkou lucumu, jemn\u011b zv\u00fdrazn\u011bnou ban\u00e1ny.<\/p>\n<p>Maqui a\u00a0acai jsme c\u00edlen\u011b p\u0159idali do Bio bora Refresh, aby krom\u011b jin\u00fdch benefit\u016f pro zdrav\u00ed zajistili i vysokou hodnotu <a href=\"https:\/\/www.scientificamerican.com\/article\/what-are-orac-values\/\">ORAC.<\/a> Ta vyjad\u0159uje <strong>antioxida\u010dn\u00ed kapacitu<\/strong> potravin bojovat proti voln\u00fdm radik\u00e1l\u016fm. <strong>Ochranu bun\u011bk p\u0159ed oxida\u010dn\u00edm stresem <\/strong>v tomto produktu podporuje i vitam\u00edn C. Vysok\u00e9 mno\u017estv\u00ed t\u00e9to mikro\u017eiviny okrem toho t\u00e9\u017e p\u0159isp\u00edv\u00e1 k <strong>tvorb\u011b kolagenu<\/strong>, jako i norm\u00e1ln\u00ed funkci <strong>imunitn\u00edho syst\u00e9mu<\/strong>, <strong>nervov\u00e9ho syst\u00e9mu <\/strong>a\u00a0k\u00a0norm\u00e1ln\u00edmu <strong>energetick\u00e9mu metabolizmu<\/strong>.<\/p>\n<p>Bio bora Refresh jsme ve spolupr\u00e1ci s nutri\u010dn\u00edmi experty sestavili tak, aby se jednotliv\u00e9 slo\u017eky vz\u00e1jemn\u011b podporovali a z\u00e1rove\u0148 jejich <strong>\u00fa\u010dinn\u00e9 l\u00e1tky<\/strong> byly pro t\u011blo <strong>snadno vyu\u017eiteln\u00e9<\/strong>. Bio bora Refresh je zkr\u00e1tka <strong>chutnou<\/strong> a <strong>v\u00fd\u017eivnou bombou<\/strong> na ka\u017ed\u00fd den!<\/p>\n<\/div>\n<\/div>\n<\/div>\n<\/div>\n<\/div>\n<\/div><\/div><\/div><\/div><\/div>","protected":false},"excerpt":{"rendered":"<p><strong>Bio bora Boost Elixir<\/strong> bal\u00ed\u010dek zostaven\u00fd z produktov <a href=\"https:\/\/www.boratree.organic\/cs\/produkt\/bio-bora-reborn-compact-package\/\"><strong>Bio bora Reborn<\/strong><\/a> a <a href=\"https:\/\/www.boratree.organic\/cs\/produkt\/bio-bora-refresh-compact-package\/\"><strong>Bio bora Refresh<\/strong><\/a> v\u00e1m dopraje ka\u017edodenn\u00fa d\u00e1vku vitam\u00ednov, antioxidantov a aminokysel\u00edn.<\/p>\n<ul>\n<li>Bio bora Reborn je pr\u00edrodn\u00fdm zdrojom chlorofylu, vitam\u00ednu B12, \u017eeleza a mang\u00e1nu<\/li>\n<li>Maqui a acai v Bio bora Refresh s\u00fa v\u00fdzna\u010dn\u00e9 vysokou antioxida\u010dnou kapacitou (ORAC)<\/li>\n<li>V\u010faka Bio bora Reborn nech\u00fdbaj\u00fa aminokyseliny a bohat\u00fd obsah bielkov\u00edn<\/li>\n<li>Bio bora Refresh poskytuje extra d\u00e1vku pr\u00edrodn\u00e9ho vitam\u00ednu C<\/li>\n<li>Obsahuje\u00a0\u0161tedr\u00fa d\u00e1vku vl\u00e1kniny<\/li>\n<li>Pozost\u00e1va z \u010disto rastlinn\u00fdch ingredienci\u00ed v 100% BIO kvalite bez GMO, umel\u00fdch sladidiel, umel\u00fdch pr\u00edchut\u00ed a konzervantov<\/li>\n<\/ul>\n<p><img decoding=\"async\" loading=\"lazy\" class=\"alignnone wp-image-892\" src=\"https:\/\/www.boratree.organic\/wp-content\/uploads\/2020\/08\/Screenshot-2020-10-14-at-13.03.27.jpg\" alt=\"\" width=\"56\" height=\"37\" \/><\/p>\n","protected":false},"featured_media":5946,"comment_status":"open","ping_status":"closed","template":"","meta":[],"product_cat":[69,148,70,71,72,73,68],"product_tag":[],"acf":[],"yoast_head":"<!-- This site is optimized with the Yoast SEO plugin v20.0 - https:\/\/yoast.com\/wordpress\/plugins\/seo\/ -->\n<title>Bio bora Boost Elixir Compact - BoraTree<\/title>\n<meta name=\"robots\" content=\"index, follow, max-snippet:-1, max-image-preview:large, max-video-preview:-1\" \/>\n<link rel=\"canonical\" href=\"https:\/\/www.boratree.organic\/cs\/produkt\/bio-bora-boost-elixir-compact-package\/\" \/>\n<meta property=\"og:locale\" content=\"cs_CZ\" \/>\n<meta property=\"og:type\" content=\"article\" \/>\n<meta property=\"og:title\" content=\"Bio bora Boost Elixir Compact - BoraTree\" \/>\n<meta property=\"og:description\" content=\"Bio bora Boost Elixir bal\u00ed\u010dek zostaven\u00fd z produktov Bio bora Reborn a Bio bora Refresh v\u00e1m dopraje ka\u017edodenn\u00fa d\u00e1vku vitam\u00ednov, antioxidantov a aminokysel\u00edn.   Bio bora Reborn je pr\u00edrodn\u00fdm zdrojom chlorofylu, vitam\u00ednu B12, \u017eeleza a mang\u00e1nu  Maqui a acai v Bio bora Refresh s\u00fa v\u00fdzna\u010dn\u00e9 vysokou antioxida\u010dnou kapacitou (ORAC)  V\u010faka Bio bora Reborn nech\u00fdbaj\u00fa aminokyseliny a bohat\u00fd obsah bielkov\u00edn  Bio bora Refresh poskytuje extra d\u00e1vku pr\u00edrodn\u00e9ho vitam\u00ednu C  Obsahuje\u00a0\u0161tedr\u00fa d\u00e1vku vl\u00e1kniny  Pozost\u00e1va z \u010disto rastlinn\u00fdch ingredienci\u00ed v 100% BIO kvalite bez GMO, umel\u00fdch sladidiel, umel\u00fdch pr\u00edchut\u00ed a konzervantov\" \/>\n<meta property=\"og:url\" content=\"https:\/\/www.boratree.organic\/cs\/produkt\/bio-bora-boost-elixir-compact-package\/\" \/>\n<meta property=\"og:site_name\" content=\"BoraTree\" \/>\n<meta property=\"article:modified_time\" content=\"2024-11-18T09:11:32+00:00\" \/>\n<meta property=\"og:image\" content=\"https:\/\/www.boratree.organic\/wp-content\/uploads\/2022\/11\/boost-elixir.png\" \/>\n\t<meta property=\"og:image:width\" content=\"1300\" \/>\n\t<meta property=\"og:image:height\" content=\"1300\" \/>\n\t<meta property=\"og:image:type\" content=\"image\/png\" \/>\n<meta name=\"twitter:card\" content=\"summary_large_image\" \/>\n<meta name=\"twitter:label1\" content=\"Odhadovan\u00e1 doba \u010dten\u00ed\" \/>\n\t<meta name=\"twitter:data1\" content=\"3 minuty\" \/>\n<script type=\"application\/ld+json\" class=\"yoast-schema-graph\">{\"@context\":\"https:\/\/schema.org\",\"@graph\":[{\"@type\":\"WebPage\",\"@id\":\"https:\/\/www.boratree.organic\/cs\/produkt\/bio-bora-boost-elixir-compact-package\/\",\"url\":\"https:\/\/www.boratree.organic\/cs\/produkt\/bio-bora-boost-elixir-compact-package\/\",\"name\":\"Bio bora Boost Elixir Compact - BoraTree\",\"isPartOf\":{\"@id\":\"https:\/\/www.boratree.organic\/cs\/#website\"},\"datePublished\":\"2022-11-09T09:19:25+00:00\",\"dateModified\":\"2024-11-18T09:11:32+00:00\",\"breadcrumb\":{\"@id\":\"https:\/\/www.boratree.organic\/cs\/produkt\/bio-bora-boost-elixir-compact-package\/#breadcrumb\"},\"inLanguage\":\"cs\",\"potentialAction\":[{\"@type\":\"ReadAction\",\"target\":[\"https:\/\/www.boratree.organic\/cs\/produkt\/bio-bora-boost-elixir-compact-package\/\"]}]},{\"@type\":\"BreadcrumbList\",\"@id\":\"https:\/\/www.boratree.organic\/cs\/produkt\/bio-bora-boost-elixir-compact-package\/#breadcrumb\",\"itemListElement\":[{\"@type\":\"ListItem\",\"position\":1,\"name\":\"Home\",\"item\":\"https:\/\/www.boratree.organic\/cs\/\"},{\"@type\":\"ListItem\",\"position\":2,\"name\":\"Obchod\",\"item\":\"https:\/\/www.boratree.organic\/cs\/obchod\/\"},{\"@type\":\"ListItem\",\"position\":3,\"name\":\"Bio bora Boost Elixir Compact\"}]},{\"@type\":\"WebSite\",\"@id\":\"https:\/\/www.boratree.organic\/cs\/#website\",\"url\":\"https:\/\/www.boratree.organic\/cs\/\",\"name\":\"BoraTree\",\"description\":\"\",\"potentialAction\":[{\"@type\":\"SearchAction\",\"target\":{\"@type\":\"EntryPoint\",\"urlTemplate\":\"https:\/\/www.boratree.organic\/cs\/?s={search_term_string}\"},\"query-input\":\"required name=search_term_string\"}],\"inLanguage\":\"cs\"}]}<\/script>\n<!-- \/ Yoast SEO plugin. -->","yoast_head_json":{"title":"Bio bora Boost Elixir Compact - BoraTree","robots":{"index":"index","follow":"follow","max-snippet":"max-snippet:-1","max-image-preview":"max-image-preview:large","max-video-preview":"max-video-preview:-1"},"canonical":"https:\/\/www.boratree.organic\/cs\/produkt\/bio-bora-boost-elixir-compact-package\/","og_locale":"cs_CZ","og_type":"article","og_title":"Bio bora Boost Elixir Compact - BoraTree","og_description":"Bio bora Boost Elixir bal\u00ed\u010dek zostaven\u00fd z produktov Bio bora Reborn a Bio bora Refresh v\u00e1m dopraje ka\u017edodenn\u00fa d\u00e1vku vitam\u00ednov, antioxidantov a aminokysel\u00edn.   Bio bora Reborn je pr\u00edrodn\u00fdm zdrojom chlorofylu, vitam\u00ednu B12, \u017eeleza a mang\u00e1nu  Maqui a acai v Bio bora Refresh s\u00fa v\u00fdzna\u010dn\u00e9 vysokou antioxida\u010dnou kapacitou (ORAC)  V\u010faka Bio bora Reborn nech\u00fdbaj\u00fa aminokyseliny a bohat\u00fd obsah bielkov\u00edn  Bio bora Refresh poskytuje extra d\u00e1vku pr\u00edrodn\u00e9ho vitam\u00ednu C  Obsahuje\u00a0\u0161tedr\u00fa d\u00e1vku vl\u00e1kniny  Pozost\u00e1va z \u010disto rastlinn\u00fdch ingredienci\u00ed v 100% BIO kvalite bez GMO, umel\u00fdch sladidiel, umel\u00fdch pr\u00edchut\u00ed a konzervantov","og_url":"https:\/\/www.boratree.organic\/cs\/produkt\/bio-bora-boost-elixir-compact-package\/","og_site_name":"BoraTree","article_modified_time":"2024-11-18T09:11:32+00:00","og_image":[{"width":1300,"height":1300,"url":"https:\/\/www.boratree.organic\/wp-content\/uploads\/2022\/11\/boost-elixir.png","type":"image\/png"}],"twitter_card":"summary_large_image","twitter_misc":{"Odhadovan\u00e1 doba \u010dten\u00ed":"3 minuty"},"schema":{"@context":"https:\/\/schema.org","@graph":[{"@type":"WebPage","@id":"https:\/\/www.boratree.organic\/cs\/produkt\/bio-bora-boost-elixir-compact-package\/","url":"https:\/\/www.boratree.organic\/cs\/produkt\/bio-bora-boost-elixir-compact-package\/","name":"Bio bora Boost Elixir Compact - BoraTree","isPartOf":{"@id":"https:\/\/www.boratree.organic\/cs\/#website"},"datePublished":"2022-11-09T09:19:25+00:00","dateModified":"2024-11-18T09:11:32+00:00","breadcrumb":{"@id":"https:\/\/www.boratree.organic\/cs\/produkt\/bio-bora-boost-elixir-compact-package\/#breadcrumb"},"inLanguage":"cs","potentialAction":[{"@type":"ReadAction","target":["https:\/\/www.boratree.organic\/cs\/produkt\/bio-bora-boost-elixir-compact-package\/"]}]},{"@type":"BreadcrumbList","@id":"https:\/\/www.boratree.organic\/cs\/produkt\/bio-bora-boost-elixir-compact-package\/#breadcrumb","itemListElement":[{"@type":"ListItem","position":1,"name":"Home","item":"https:\/\/www.boratree.organic\/cs\/"},{"@type":"ListItem","position":2,"name":"Obchod","item":"https:\/\/www.boratree.organic\/cs\/obchod\/"},{"@type":"ListItem","position":3,"name":"Bio bora Boost Elixir Compact"}]},{"@type":"WebSite","@id":"https:\/\/www.boratree.organic\/cs\/#website","url":"https:\/\/www.boratree.organic\/cs\/","name":"BoraTree","description":"","potentialAction":[{"@type":"SearchAction","target":{"@type":"EntryPoint","urlTemplate":"https:\/\/www.boratree.organic\/cs\/?s={search_term_string}"},"query-input":"required name=search_term_string"}],"inLanguage":"cs"}]}},"_links":{"self":[{"href":"https:\/\/www.boratree.organic\/cs\/wp-json\/wp\/v2\/product\/5933"}],"collection":[{"href":"https:\/\/www.boratree.organic\/cs\/wp-json\/wp\/v2\/product"}],"about":[{"href":"https:\/\/www.boratree.organic\/cs\/wp-json\/wp\/v2\/types\/product"}],"replies":[{"embeddable":true,"href":"https:\/\/www.boratree.organic\/cs\/wp-json\/wp\/v2\/comments?post=5933"}],"wp:featuredmedia":[{"embeddable":true,"href":"https:\/\/www.boratree.organic\/cs\/wp-json\/wp\/v2\/media\/5946"}],"wp:attachment":[{"href":"https:\/\/www.boratree.organic\/cs\/wp-json\/wp\/v2\/media?parent=5933"}],"wp:term":[{"taxonomy":"product_cat","embeddable":true,"href":"https:\/\/www.boratree.organic\/cs\/wp-json\/wp\/v2\/product_cat?post=5933"},{"taxonomy":"product_tag","embeddable":true,"href":"https:\/\/www.boratree.organic\/cs\/wp-json\/wp\/v2\/product_tag?post=5933"}],"curies":[{"name":"wp","href":"https:\/\/api.w.org\/{rel}","templated":true}]}}