{"id":6035,"date":"2022-11-03T13:23:21","date_gmt":"2022-11-09T12:23:21","guid":{"rendered":"https:\/\/www.boratree.organic\/?post_type=product&#038;p=6035"},"modified":"2024-10-27T06:25:56","modified_gmt":"2024-10-27T05:25:56","slug":"bio-bora-relish-cacao-nibs-box","status":"publish","type":"product","link":"https:\/\/www.boratree.organic\/cs\/produkt\/bio-bora-relish-cacao-nibs-box\/","title":{"rendered":"Bio bora Relish &amp; Cacao nibs box"},"content":{"rendered":"<div id=\"pl-6035\"  class=\"panel-layout\" ><div id=\"pg-6035-0\"  class=\"panel-grid panel-no-style\" ><div id=\"pgc-6035-0-0\"  class=\"panel-grid-cell\" ><div id=\"panel-6035-0-0-0\" class=\"so-panel widget widget_sow-editor panel-first-child panel-last-child\" data-index=\"0\" ><div\n\t\t\t\n\t\t\tclass=\"so-widget-sow-editor so-widget-sow-editor-base\"\n\t\t\t\n\t\t>\n<div class=\"siteorigin-widget-tinymce textwidget\">\n\t<p>Ty\u010dinka Bio bora Relish & Cacao nibs je skv\u011blou pochoutkou pro v\u0161echny milovn\u00edky kakaa a dop\u0159\u00e1t si ji mohou i vegani. Jej\u00ed jedine\u010dnost spo\u010d\u00edv\u00e1 v p\u0159id\u00e1n\u00ed na\u0161\u00ed unik\u00e1tn\u00ed sm\u011bsi Bio bora Relish, kterou jsme vytvo\u0159ili ve spolupr\u00e1ci s nutri\u010dn\u00edmi experty. Obsahuje lahodn\u00fd mix kakaa, v\u00fd\u017eivn\u00e9 quinoy, sladk\u00e9ho jakonu, exotick\u00e9 macy a camu camu ve 100% BIO kvalit\u011b.<\/p>\n<p>Ty\u010dinka Bio bora Relish & Cacao nibs v\u00e1s uchv\u00e1t\u00ed znamenit\u00fdm spojen\u00edm chut\u00ed sm\u011bsi Bio bora Relish s datlemi, kakaem a kousky kakaov\u00fdch bob\u016f. Bio bora Relish & Cacao nibs v\u00fdborn\u011b poslou\u017e\u00ed jako rychl\u00e1 dobrota, na kter\u00e9 si pochutnaj\u00ed prost\u011b v\u0161ichni, nejen nad\u0161enci zdrav\u00e9ho \u017eivotn\u00edho stylu. Ty\u010dinka je ide\u00e1ln\u00ed volba sva\u010diny p\u0159i turistice, cyklistice, \u010di sladk\u00e9 odm\u011bny po sportovn\u00edm v\u00fdkonu. Ocen\u00edte ji i b\u011bhem n\u00e1ro\u010dn\u00fdch dn\u00ed, proto\u017ee peru\u00e1nsk\u00e1 maca ve sm\u011bsi Bio bora Relish p\u0159edstavuje zdroj energie a podporuje fyzickou i du\u0161evn\u00ed v\u00fdkonnost. Spojen\u00ed \u010dist\u011b p\u0159\u00edrodn\u00edch slo\u017eek ty\u010dinky Bio bora Relish & Cacao nibs skv\u011ble dopln\u00ed v\u00e1\u0161 pestr\u00fd a vyv\u00e1\u017een\u00fd j\u00eddeln\u00ed\u010dek.<\/p>\n<\/div>\n<\/div><\/div><\/div><\/div><\/div>","protected":false},"excerpt":{"rendered":"<p style=\"font-weight: 400\">BIO Ty\u010dinka s kakaov\u00fdmi boby a sm\u011bs\u00ed <a href=\"https:\/\/www.boratree.organic\/cs\/produkt\/bio-bora-relish\/\">Bio bora Relish<\/a>.<\/p>\n<ul>\n<li>Znamenit\u00e9 spojen\u00ed Bio bora Relish s datlemi, kakaem a kousky kakaov\u00fdch bob\u016f<\/li>\n<li>Rychl\u00e1 dobrota bohat\u00e1 na vl\u00e1kninu a vhodn\u00e1 i pro vegany<\/li>\n<li>Sest\u00e1v\u00e1 pouze z rostlinn\u00fdch BIO certifikovan\u00fdch slo\u017eek<\/li>\n<li>Bez p\u0159\u00eddavku cukru \u2013 obsahuje p\u0159\u00edrodn\u00ed cukry<\/li>\n<li>Bez lepku, sladidel, barviv, konzerva\u010dn\u00edch l\u00e1tek a aromat<\/li>\n<li>Non-GMO<\/li>\n<\/ul>\n<p><img decoding=\"async\" loading=\"lazy\" class=\"alignnone wp-image-892\" src=\"https:\/\/www.boratree.organic\/wp-content\/uploads\/2020\/08\/Screenshot-2020-10-14-at-13.03.27.jpg\" alt=\"\" width=\"56\" height=\"37\" \/><br \/>\nSK-BIO-002<br \/>\nVyrobeno na Slovensku<\/p>\n","protected":false},"featured_media":6060,"comment_status":"open","ping_status":"closed","template":"","meta":[],"product_cat":[69,144,68],"product_tag":[],"acf":[],"yoast_head":"<!-- This site is optimized with the Yoast SEO plugin v20.0 - https:\/\/yoast.com\/wordpress\/plugins\/seo\/ -->\n<title>Bio bora Relish &amp; Cacao nibs box - BoraTree<\/title>\n<meta name=\"robots\" content=\"index, follow, max-snippet:-1, max-image-preview:large, max-video-preview:-1\" \/>\n<link rel=\"canonical\" href=\"https:\/\/www.boratree.organic\/cs\/produkt\/bio-bora-relish-cacao-nibs-box\/\" \/>\n<meta property=\"og:locale\" content=\"cs_CZ\" \/>\n<meta property=\"og:type\" content=\"article\" \/>\n<meta property=\"og:title\" content=\"Bio bora Relish &amp; Cacao nibs box - BoraTree\" \/>\n<meta property=\"og:description\" content=\"BIO Ty\u010dinka s kakaov\u00fdmi boby a sm\u011bs\u00ed Bio bora Relish.    Znamenit\u00e9 spojen\u00ed Bio bora Relish s datlemi, kakaem a kousky kakaov\u00fdch bob\u016f  Rychl\u00e1 dobrota bohat\u00e1 na vl\u00e1kninu a vhodn\u00e1 i pro vegany  Sest\u00e1v\u00e1 pouze z rostlinn\u00fdch BIO certifikovan\u00fdch slo\u017eek  Bez p\u0159\u00eddavku cukru \u2013 obsahuje p\u0159\u00edrodn\u00ed cukry  Bez lepku, sladidel, barviv, konzerva\u010dn\u00edch l\u00e1tek a aromat  Non-GMO   SK-BIO-002 Vyrobeno na Slovensku\" \/>\n<meta property=\"og:url\" content=\"https:\/\/www.boratree.organic\/cs\/produkt\/bio-bora-relish-cacao-nibs-box\/\" \/>\n<meta property=\"og:site_name\" content=\"BoraTree\" \/>\n<meta property=\"article:modified_time\" content=\"2024-10-27T05:25:56+00:00\" \/>\n<meta property=\"og:image\" content=\"https:\/\/www.boratree.organic\/wp-content\/uploads\/2022\/11\/relish-cacao-nibs.png\" \/>\n\t<meta property=\"og:image:width\" content=\"1381\" \/>\n\t<meta property=\"og:image:height\" content=\"1300\" \/>\n\t<meta property=\"og:image:type\" content=\"image\/png\" \/>\n<meta name=\"twitter:card\" content=\"summary_large_image\" \/>\n<meta name=\"twitter:label1\" content=\"Odhadovan\u00e1 doba \u010dten\u00ed\" \/>\n\t<meta name=\"twitter:data1\" content=\"1 minuta\" \/>\n<script type=\"application\/ld+json\" class=\"yoast-schema-graph\">{\"@context\":\"https:\/\/schema.org\",\"@graph\":[{\"@type\":\"WebPage\",\"@id\":\"https:\/\/www.boratree.organic\/cs\/produkt\/bio-bora-relish-cacao-nibs-box\/\",\"url\":\"https:\/\/www.boratree.organic\/cs\/produkt\/bio-bora-relish-cacao-nibs-box\/\",\"name\":\"Bio bora Relish &amp; Cacao nibs box - BoraTree\",\"isPartOf\":{\"@id\":\"https:\/\/www.boratree.organic\/cs\/#website\"},\"datePublished\":\"2022-11-09T12:23:21+00:00\",\"dateModified\":\"2024-10-27T05:25:56+00:00\",\"breadcrumb\":{\"@id\":\"https:\/\/www.boratree.organic\/cs\/produkt\/bio-bora-relish-cacao-nibs-box\/#breadcrumb\"},\"inLanguage\":\"cs\",\"potentialAction\":[{\"@type\":\"ReadAction\",\"target\":[\"https:\/\/www.boratree.organic\/cs\/produkt\/bio-bora-relish-cacao-nibs-box\/\"]}]},{\"@type\":\"BreadcrumbList\",\"@id\":\"https:\/\/www.boratree.organic\/cs\/produkt\/bio-bora-relish-cacao-nibs-box\/#breadcrumb\",\"itemListElement\":[{\"@type\":\"ListItem\",\"position\":1,\"name\":\"Home\",\"item\":\"https:\/\/www.boratree.organic\/cs\/\"},{\"@type\":\"ListItem\",\"position\":2,\"name\":\"Obchod\",\"item\":\"https:\/\/www.boratree.organic\/cs\/obchod\/\"},{\"@type\":\"ListItem\",\"position\":3,\"name\":\"Bio bora Relish &amp; Cacao nibs box\"}]},{\"@type\":\"WebSite\",\"@id\":\"https:\/\/www.boratree.organic\/cs\/#website\",\"url\":\"https:\/\/www.boratree.organic\/cs\/\",\"name\":\"BoraTree\",\"description\":\"\",\"potentialAction\":[{\"@type\":\"SearchAction\",\"target\":{\"@type\":\"EntryPoint\",\"urlTemplate\":\"https:\/\/www.boratree.organic\/cs\/?s={search_term_string}\"},\"query-input\":\"required name=search_term_string\"}],\"inLanguage\":\"cs\"}]}<\/script>\n<!-- \/ Yoast SEO plugin. -->","yoast_head_json":{"title":"Bio bora Relish &amp; Cacao nibs box - BoraTree","robots":{"index":"index","follow":"follow","max-snippet":"max-snippet:-1","max-image-preview":"max-image-preview:large","max-video-preview":"max-video-preview:-1"},"canonical":"https:\/\/www.boratree.organic\/cs\/produkt\/bio-bora-relish-cacao-nibs-box\/","og_locale":"cs_CZ","og_type":"article","og_title":"Bio bora Relish &amp; Cacao nibs box - BoraTree","og_description":"BIO Ty\u010dinka s kakaov\u00fdmi boby a sm\u011bs\u00ed Bio bora Relish.    Znamenit\u00e9 spojen\u00ed Bio bora Relish s datlemi, kakaem a kousky kakaov\u00fdch bob\u016f  Rychl\u00e1 dobrota bohat\u00e1 na vl\u00e1kninu a vhodn\u00e1 i pro vegany  Sest\u00e1v\u00e1 pouze z rostlinn\u00fdch BIO certifikovan\u00fdch slo\u017eek  Bez p\u0159\u00eddavku cukru \u2013 obsahuje p\u0159\u00edrodn\u00ed cukry  Bez lepku, sladidel, barviv, konzerva\u010dn\u00edch l\u00e1tek a aromat  Non-GMO   SK-BIO-002 Vyrobeno na Slovensku","og_url":"https:\/\/www.boratree.organic\/cs\/produkt\/bio-bora-relish-cacao-nibs-box\/","og_site_name":"BoraTree","article_modified_time":"2024-10-27T05:25:56+00:00","og_image":[{"width":1381,"height":1300,"url":"https:\/\/www.boratree.organic\/wp-content\/uploads\/2022\/11\/relish-cacao-nibs.png","type":"image\/png"}],"twitter_card":"summary_large_image","twitter_misc":{"Odhadovan\u00e1 doba \u010dten\u00ed":"1 minuta"},"schema":{"@context":"https:\/\/schema.org","@graph":[{"@type":"WebPage","@id":"https:\/\/www.boratree.organic\/cs\/produkt\/bio-bora-relish-cacao-nibs-box\/","url":"https:\/\/www.boratree.organic\/cs\/produkt\/bio-bora-relish-cacao-nibs-box\/","name":"Bio bora Relish &amp; Cacao nibs box - BoraTree","isPartOf":{"@id":"https:\/\/www.boratree.organic\/cs\/#website"},"datePublished":"2022-11-09T12:23:21+00:00","dateModified":"2024-10-27T05:25:56+00:00","breadcrumb":{"@id":"https:\/\/www.boratree.organic\/cs\/produkt\/bio-bora-relish-cacao-nibs-box\/#breadcrumb"},"inLanguage":"cs","potentialAction":[{"@type":"ReadAction","target":["https:\/\/www.boratree.organic\/cs\/produkt\/bio-bora-relish-cacao-nibs-box\/"]}]},{"@type":"BreadcrumbList","@id":"https:\/\/www.boratree.organic\/cs\/produkt\/bio-bora-relish-cacao-nibs-box\/#breadcrumb","itemListElement":[{"@type":"ListItem","position":1,"name":"Home","item":"https:\/\/www.boratree.organic\/cs\/"},{"@type":"ListItem","position":2,"name":"Obchod","item":"https:\/\/www.boratree.organic\/cs\/obchod\/"},{"@type":"ListItem","position":3,"name":"Bio bora Relish &amp; Cacao nibs box"}]},{"@type":"WebSite","@id":"https:\/\/www.boratree.organic\/cs\/#website","url":"https:\/\/www.boratree.organic\/cs\/","name":"BoraTree","description":"","potentialAction":[{"@type":"SearchAction","target":{"@type":"EntryPoint","urlTemplate":"https:\/\/www.boratree.organic\/cs\/?s={search_term_string}"},"query-input":"required name=search_term_string"}],"inLanguage":"cs"}]}},"_links":{"self":[{"href":"https:\/\/www.boratree.organic\/cs\/wp-json\/wp\/v2\/product\/6035"}],"collection":[{"href":"https:\/\/www.boratree.organic\/cs\/wp-json\/wp\/v2\/product"}],"about":[{"href":"https:\/\/www.boratree.organic\/cs\/wp-json\/wp\/v2\/types\/product"}],"replies":[{"embeddable":true,"href":"https:\/\/www.boratree.organic\/cs\/wp-json\/wp\/v2\/comments?post=6035"}],"wp:featuredmedia":[{"embeddable":true,"href":"https:\/\/www.boratree.organic\/cs\/wp-json\/wp\/v2\/media\/6060"}],"wp:attachment":[{"href":"https:\/\/www.boratree.organic\/cs\/wp-json\/wp\/v2\/media?parent=6035"}],"wp:term":[{"taxonomy":"product_cat","embeddable":true,"href":"https:\/\/www.boratree.organic\/cs\/wp-json\/wp\/v2\/product_cat?post=6035"},{"taxonomy":"product_tag","embeddable":true,"href":"https:\/\/www.boratree.organic\/cs\/wp-json\/wp\/v2\/product_tag?post=6035"}],"curies":[{"name":"wp","href":"https:\/\/api.w.org\/{rel}","templated":true}]}}