{"id":2177,"date":"2022-11-01T13:40:12","date_gmt":"2020-09-11T11:40:12","guid":{"rendered":"https:\/\/www.boratree.organic\/produkt\/bio-bora-relish\/"},"modified":"2025-04-23T05:25:27","modified_gmt":"2025-04-23T03:25:27","slug":"bio-bora-relish","status":"publish","type":"product","link":"https:\/\/www.boratree.organic\/de\/produkt\/bio-bora-relish\/","title":{"rendered":"Bio bora Relish"},"content":{"rendered":"<div id=\"pl-2177\"  class=\"panel-layout\" ><div id=\"pg-2177-0\"  class=\"panel-grid panel-no-style\" ><div id=\"pgc-2177-0-0\"  class=\"panel-grid-cell\" ><div id=\"panel-2177-0-0-0\" class=\"so-panel widget widget_sow-editor panel-first-child panel-last-child\" data-index=\"0\" ><div\n\t\t\t\n\t\t\tclass=\"so-widget-sow-editor so-widget-sow-editor-base\"\n\t\t\t\n\t\t>\n<div class=\"siteorigin-widget-tinymce textwidget\">\n\t<p>Bio bora Relish ist eine <strong>Kakao-Delikatesse<\/strong>, die man <strong>ohne Reue <\/strong>genie\u00dfen kann. Es ist ein Beweis daf\u00fcr, dass sich Attribute wie \u201egesund\u201c und \u201elecker\u201c nicht gegenseitig ausschlie\u00dfen. G\u00f6nnen Sie sich eine Mischung aus Aromen von n\u00fctzlichem Kakao, nahrhafter Quinoa, s\u00fc\u00dfem Yacon, exotischem Maca und Camu Camu. Der einzigartige Mix von synergistisch abgestimmten Zutaten in <strong>100% Bio-Qualit\u00e4t<\/strong> ist eine nat\u00fcrliche Quelle f\u00fcr<strong> Vitamin C, Mineralstoffe <\/strong>und ist <strong>reich an Ballaststoffe. <\/strong><\/p>\n<p><strong>Nat\u00fcrlich sch\u00f6ne Haut<\/strong> und <strong>Haare<\/strong> m\u00fcssen nicht unerreichbar sein. Bio bora Relish enth\u00e4lt mehrere Komponenten, die sich positiv auf ihren Zustand auswirken. Es geht vor allem um Vitamin C und Kupfer. W\u00e4hrend Kupfer zur <strong>Pigmentierung<\/strong> von <strong>Haaren<\/strong> und <strong>Haut<\/strong> beitr\u00e4gt, f\u00f6rdert Vitamin C wiederum die <strong>Produktion von Kollagen<\/strong>, das f\u00fcr eine normale Hautfunktion wichtig ist. Aber die Vorteile dieser Mikron\u00e4hrstoffe enden nicht bei Haaren oder Haut. Sie tragen auch zur normalen Funktion des<strong> Immunsystems, <\/strong>zum normalen<strong> Energiestoffwechsel<\/strong> und zum <strong>Schutz der Zellen vor oxidativem Stress<\/strong> bei.\u00a0 Dank Vitamin C k\u00f6nnen Sie sich auch an schwierigen Tagen <strong>fit f\u00fchlen<\/strong>, weil es die Verringerung von M\u00fcdigkeit unterst\u00fctzt.<\/p>\n<p>Wir glauben, dass Bio bora Relish f\u00fcr einen <strong>n\u00e4hrstoffreichen Inhalt<\/strong> ohne Kompromisse bei einem <strong>hervorragenden Geschmack<\/strong> ein unersetzliches Erg\u00e4nzungsmittel Ihrer abwechslungsreichen und ausgewogenen Ern\u00e4hrung darstellt und Ihren gesunden Lebensstil unterst\u00fctzt!<\/p>\n<\/div>\n<\/div><\/div><\/div><\/div><div id=\"pg-2177-1\"  class=\"panel-grid panel-no-style\" ><div id=\"pgc-2177-1-0\"  class=\"panel-grid-cell\" ><div id=\"panel-2177-1-0-0\" class=\"so-panel widget widget_sow-image panel-first-child\" data-index=\"1\" ><div class=\"panel-widget-style panel-widget-style-for-2177-1-0-0\" ><div\n\t\t\t\n\t\t\tclass=\"so-widget-sow-image so-widget-sow-image-default-d6014b76747a-2177\"\n\t\t\t\n\t\t>\n\n<div class=\"sow-image-container\">\n\t\t<img src=\"https:\/\/www.boratree.organic\/wp-content\/uploads\/2020\/09\/cacao.jpg\" width=\"1097\" height=\"737\" srcset=\"https:\/\/www.boratree.organic\/wp-content\/uploads\/2020\/09\/cacao.jpg 1097w, https:\/\/www.boratree.organic\/wp-content\/uploads\/2020\/09\/cacao-300x202.jpg 300w, https:\/\/www.boratree.organic\/wp-content\/uploads\/2020\/09\/cacao-1024x688.jpg 1024w, https:\/\/www.boratree.organic\/wp-content\/uploads\/2020\/09\/cacao-768x516.jpg 768w, https:\/\/www.boratree.organic\/wp-content\/uploads\/2020\/09\/cacao-480x322.jpg 480w, https:\/\/www.boratree.organic\/wp-content\/uploads\/2020\/09\/cacao-992x666.jpg 992w, https:\/\/www.boratree.organic\/wp-content\/uploads\/2020\/09\/cacao-600x403.jpg 600w, https:\/\/www.boratree.organic\/wp-content\/uploads\/2020\/09\/cacao-272x182.jpg 272w\" sizes=\"(max-width: 1097px) 100vw, 1097px\" alt=\"\" loading=\"lazy\" \t\tclass=\"so-widget-image\"\/>\n\t<\/div>\n\n<\/div><\/div><\/div><div id=\"panel-2177-1-0-1\" class=\"so-panel widget widget_sow-editor panel-last-child\" data-index=\"2\" ><div\n\t\t\t\n\t\t\tclass=\"so-widget-sow-editor so-widget-sow-editor-base\"\n\t\t\t\n\t\t>\n<div class=\"siteorigin-widget-tinymce textwidget\">\n\t<h3>Kakao<\/h3>\n<p>Kakaobohnen bieten eine ganze Reihe von <a href=\"https:\/\/www.sciencedirect.com\/topics\/chemistry\/polyphenol\">Polyphenolen<\/a>. Forschungen zufolge gelten sie als eine der am weitesten verbreiteten Gruppen von Pflanzenverbindungen mit signifikanten antioxidativen Eigenschaften. Studien zufolge k\u00f6nnte der regelm\u00e4\u00dfige Verzehr von Kakao als reichhaltige <a href=\"https:\/\/pubmed.ncbi.nlm.nih.gov\/19735513\/\">Flavanol-Quelle<\/a> dazu beitragen, die Haut vor Sonnenlicht zu sch\u00fctzen. Dar\u00fcber hinaus ist Kakao eine gute Wahl f\u00fcr emotionales Wohlbefinden und Entspannung. Es enth\u00e4lt n\u00e4mlich <a href=\"https:\/\/www.ncbi.nlm.nih.gov\/pmc\/articles\/PMC3575938\/\">Tryptophan<\/a>, das als Antidepressivum untersucht wird.<\/p>\n<\/div>\n<\/div><\/div><\/div><div id=\"pgc-2177-1-1\"  class=\"panel-grid-cell\" ><div id=\"panel-2177-1-1-0\" class=\"so-panel widget widget_sow-image panel-first-child\" data-index=\"3\" ><div class=\"panel-widget-style panel-widget-style-for-2177-1-1-0\" ><div\n\t\t\t\n\t\t\tclass=\"so-widget-sow-image so-widget-sow-image-default-d6014b76747a-2177\"\n\t\t\t\n\t\t>\n\n<div class=\"sow-image-container\">\n\t\t<img src=\"https:\/\/www.boratree.organic\/wp-content\/uploads\/2020\/09\/quinoa.jpg\" width=\"1097\" height=\"737\" srcset=\"https:\/\/www.boratree.organic\/wp-content\/uploads\/2020\/09\/quinoa.jpg 1097w, https:\/\/www.boratree.organic\/wp-content\/uploads\/2020\/09\/quinoa-300x202.jpg 300w, https:\/\/www.boratree.organic\/wp-content\/uploads\/2020\/09\/quinoa-1024x688.jpg 1024w, https:\/\/www.boratree.organic\/wp-content\/uploads\/2020\/09\/quinoa-768x516.jpg 768w, https:\/\/www.boratree.organic\/wp-content\/uploads\/2020\/09\/quinoa-480x322.jpg 480w, https:\/\/www.boratree.organic\/wp-content\/uploads\/2020\/09\/quinoa-992x666.jpg 992w, https:\/\/www.boratree.organic\/wp-content\/uploads\/2020\/09\/quinoa-600x403.jpg 600w, https:\/\/www.boratree.organic\/wp-content\/uploads\/2020\/09\/quinoa-272x182.jpg 272w\" sizes=\"(max-width: 1097px) 100vw, 1097px\" alt=\"\" loading=\"lazy\" \t\tclass=\"so-widget-image\"\/>\n\t<\/div>\n\n<\/div><\/div><\/div><div id=\"panel-2177-1-1-1\" class=\"so-panel widget widget_sow-editor panel-last-child\" data-index=\"4\" ><div\n\t\t\t\n\t\t\tclass=\"so-widget-sow-editor so-widget-sow-editor-base\"\n\t\t\t\n\t\t>\n<div class=\"siteorigin-widget-tinymce textwidget\">\n\t<h3>Quinoa<\/h3>\n<p>Quinoa<strong>,<\/strong> auch \u201eMutter aller K\u00f6rner\u201c genannt<strong>,<\/strong> ist reich an N\u00e4hrstoffen wie Magnesium, Eisen, Kalzium und Phosphor. Quinoa hat im Vergleich zu anderen K\u00f6rnern einen hohen Anteil an Ballaststoffen.\u00a0 Es enth\u00e4lt kein Gluten und wird daher von Menschen mit Z\u00f6liakie gesch\u00e4tzt. Quinoa ist eine Quelle f\u00fcr Pflanzenverbindungen, einschlie\u00dflich <a href=\"https:\/\/www.healthline.com\/nutrition\/quercetin#what-it-is\">Quercetin<\/a> und <a href=\"https:\/\/www.ncbi.nlm.nih.gov\/pmc\/articles\/PMC3601579\/\">Kaempferol<\/a><u>, <\/u>die auf ihre antioxidativen Eigenschaften untersucht werden.<\/p>\n<\/div>\n<\/div><\/div><\/div><div id=\"pgc-2177-1-2\"  class=\"panel-grid-cell\" ><div id=\"panel-2177-1-2-0\" class=\"so-panel widget widget_sow-image panel-first-child\" data-index=\"5\" ><div class=\"panel-widget-style panel-widget-style-for-2177-1-2-0\" ><div\n\t\t\t\n\t\t\tclass=\"so-widget-sow-image so-widget-sow-image-default-d6014b76747a-2177\"\n\t\t\t\n\t\t>\n\n<div class=\"sow-image-container\">\n\t\t<img src=\"https:\/\/www.boratree.organic\/wp-content\/uploads\/2020\/09\/yacon.jpg\" width=\"1097\" height=\"737\" srcset=\"https:\/\/www.boratree.organic\/wp-content\/uploads\/2020\/09\/yacon.jpg 1097w, https:\/\/www.boratree.organic\/wp-content\/uploads\/2020\/09\/yacon-300x202.jpg 300w, https:\/\/www.boratree.organic\/wp-content\/uploads\/2020\/09\/yacon-1024x688.jpg 1024w, https:\/\/www.boratree.organic\/wp-content\/uploads\/2020\/09\/yacon-768x516.jpg 768w, https:\/\/www.boratree.organic\/wp-content\/uploads\/2020\/09\/yacon-480x322.jpg 480w, https:\/\/www.boratree.organic\/wp-content\/uploads\/2020\/09\/yacon-992x666.jpg 992w, https:\/\/www.boratree.organic\/wp-content\/uploads\/2020\/09\/yacon-600x403.jpg 600w, https:\/\/www.boratree.organic\/wp-content\/uploads\/2020\/09\/yacon-272x182.jpg 272w\" sizes=\"(max-width: 1097px) 100vw, 1097px\" alt=\"\" loading=\"lazy\" \t\tclass=\"so-widget-image\"\/>\n\t<\/div>\n\n<\/div><\/div><\/div><div id=\"panel-2177-1-2-1\" class=\"so-panel widget widget_sow-editor panel-last-child\" data-index=\"6\" ><div\n\t\t\t\n\t\t\tclass=\"so-widget-sow-editor so-widget-sow-editor-base\"\n\t\t\t\n\t\t>\n<div class=\"siteorigin-widget-tinymce textwidget\">\n\t<h3>Yacon<\/h3>\n<p>Eine in S\u00fcdamerika beheimatete Pflanze ist eine ausgezeichnete Wahl, um auch bei strengen Di\u00e4ten einen s\u00fc\u00dfen Geschmack genie\u00dfen zu k\u00f6nnen. Er ist reich an <a href=\"https:\/\/pubmed.ncbi.nlm.nih.gov\/27455312\/\">Fructooligosacchariden<\/a>,\u00a0 die Forschungen zufolge dazu beitragen k\u00f6nnten, den Blutzuckerspiegel sowie das K\u00f6rpergewicht zu senken. Dar\u00fcber hinaus gelten <a href=\"https:\/\/pubmed.ncbi.nlm.nih.gov\/20119826\/\">Fructooligosaccharide<\/a> auch eine l\u00f6sliche Faser. Dank der Vorteile dieser essentiellen N\u00e4hrstoffe betrachtet die moderne Medizin Yac\u00f3n sogar als eines der m\u00f6glichen Mittel im Kampf gegen Fettleibigkeit.<\/p>\n<\/div>\n<\/div><\/div><\/div><\/div><div id=\"pg-2177-2\"  class=\"panel-grid panel-no-style\" ><div id=\"pgc-2177-2-0\"  class=\"panel-grid-cell\" ><div id=\"panel-2177-2-0-0\" class=\"so-panel widget widget_sow-image panel-first-child\" data-index=\"7\" ><div class=\"panel-widget-style panel-widget-style-for-2177-2-0-0\" ><div\n\t\t\t\n\t\t\tclass=\"so-widget-sow-image so-widget-sow-image-default-d6014b76747a-2177\"\n\t\t\t\n\t\t>\n\n<div class=\"sow-image-container\">\n\t\t<img src=\"https:\/\/www.boratree.organic\/wp-content\/uploads\/2020\/09\/maca.jpg\" width=\"600\" height=\"400\" srcset=\"https:\/\/www.boratree.organic\/wp-content\/uploads\/2020\/09\/maca.jpg 600w, https:\/\/www.boratree.organic\/wp-content\/uploads\/2020\/09\/maca-300x200.jpg 300w, https:\/\/www.boratree.organic\/wp-content\/uploads\/2020\/09\/maca-480x320.jpg 480w, https:\/\/www.boratree.organic\/wp-content\/uploads\/2020\/09\/maca-272x182.jpg 272w\" sizes=\"(max-width: 600px) 100vw, 600px\" alt=\"\" loading=\"lazy\" \t\tclass=\"so-widget-image\"\/>\n\t<\/div>\n\n<\/div><\/div><\/div><div id=\"panel-2177-2-0-1\" class=\"so-panel widget widget_sow-editor panel-last-child\" data-index=\"8\" ><div\n\t\t\t\n\t\t\tclass=\"so-widget-sow-editor so-widget-sow-editor-base\"\n\t\t\t\n\t\t>\n<div class=\"siteorigin-widget-tinymce textwidget\">\n\t<h3>Maca<\/h3>\n<p>Obwohl Maca unter den rauen Bedingungen der peruanischen Berge w\u00e4chst, ist es reich an essentiellen N\u00e4hrstoffen und bioaktiven Pflanzenstoffen. Sein Gehalt an Flavonoiden k\u00f6nnte sich positiv auf das psychische Wohlbefinden auswirken. Maca, auch Peru Ginseng genannt, wird in der traditionellen Medizin verwendet, um die Verbesserung der sexuellen Aktivit\u00e4t und Fruchtbarkeit zu unterst\u00fctzen. <a href=\"https:\/\/pubmed.ncbi.nlm.nih.gov\/21840656\/\">Studien<\/a> untersuchen auch die positiven Auswirkungen dieser Ern\u00e4hrungswurzel auf die Behandlung von Wechseljahrsbeschwerden.<\/p>\n<\/div>\n<\/div><\/div><\/div><div id=\"pgc-2177-2-1\"  class=\"panel-grid-cell panel-grid-cell-mobile-last\" ><div id=\"panel-2177-2-1-0\" class=\"so-panel widget widget_sow-image panel-first-child\" data-index=\"9\" ><div class=\"panel-widget-style panel-widget-style-for-2177-2-1-0\" ><div\n\t\t\t\n\t\t\tclass=\"so-widget-sow-image so-widget-sow-image-default-d6014b76747a-2177\"\n\t\t\t\n\t\t>\n\n<div class=\"sow-image-container\">\n\t\t<img src=\"https:\/\/www.boratree.organic\/wp-content\/uploads\/2020\/09\/camu-camu-2.jpg\" width=\"1097\" height=\"737\" srcset=\"https:\/\/www.boratree.organic\/wp-content\/uploads\/2020\/09\/camu-camu-2.jpg 1097w, https:\/\/www.boratree.organic\/wp-content\/uploads\/2020\/09\/camu-camu-2-300x202.jpg 300w, https:\/\/www.boratree.organic\/wp-content\/uploads\/2020\/09\/camu-camu-2-1024x688.jpg 1024w, https:\/\/www.boratree.organic\/wp-content\/uploads\/2020\/09\/camu-camu-2-768x516.jpg 768w, https:\/\/www.boratree.organic\/wp-content\/uploads\/2020\/09\/camu-camu-2-480x322.jpg 480w, https:\/\/www.boratree.organic\/wp-content\/uploads\/2020\/09\/camu-camu-2-992x666.jpg 992w, https:\/\/www.boratree.organic\/wp-content\/uploads\/2020\/09\/camu-camu-2-600x403.jpg 600w, https:\/\/www.boratree.organic\/wp-content\/uploads\/2020\/09\/camu-camu-2-272x182.jpg 272w\" sizes=\"(max-width: 1097px) 100vw, 1097px\" title=\"camu-camu\" alt=\"\" loading=\"lazy\" \t\tclass=\"so-widget-image\"\/>\n\t<\/div>\n\n<\/div><\/div><\/div><div id=\"panel-2177-2-1-1\" class=\"so-panel widget widget_sow-editor panel-last-child\" data-index=\"10\" ><div\n\t\t\t\n\t\t\tclass=\"so-widget-sow-editor so-widget-sow-editor-base\"\n\t\t\t\n\t\t>\n<div class=\"siteorigin-widget-tinymce textwidget\">\n\t<h3>Camu Camu<\/h3>\n<p>Eine kleine Beerenfrucht aus dem Amazonas-Regenwald mit leicht saurem Geschmack ist reich an Vitaminen, Mineralstoffen und komplexen Aminos\u00e4uren. Schon die Amazonas-Indianer bereiteten das wohltuende Elixier <em>refresco de camu camu<\/em> aus diesen Fr\u00fcchten zu. Camu Camu ist eine ausgezeichnete nat\u00fcrliche Quelle f\u00fcr Vitamin C. Seine Aufnahme tr\u00e4gt in erheblichen Mengen zur\u00a0 normalen Funktion des Immunsystems, zum Schutz der Zellen vor oxidativem Stress und zur Verringerung von M\u00fcdigkeit bei.<\/p>\n<\/div>\n<\/div><\/div><\/div><div id=\"pgc-2177-2-2\"  class=\"panel-grid-cell panel-grid-cell-empty\" ><\/div><\/div><\/div>","protected":false},"excerpt":{"rendered":"<p>Eine einzigartige Pflanzenpulvermischung aus Kakao, Quinoa, Yacon, Maca und Camu Camu.<\/p>\n<ul>\n<li>Eine nat\u00fcrliche Quelle f\u00fcr Vitamin C, Kupfer und Chrom<\/li>\n<li>Kupfer unterst\u00fctzt Pigmentierung von Haaren und Haut<\/li>\n<li>Vitamin C tr\u00e4gt zur normalen Funktion des Immunsystems, die Verringerung von M\u00fcdigkeit und Kollagenbildung f\u00fcr die normale Funktion der Haut<\/li>\n<li>Eine Kakaodelikatesse reich an Ballaststoffe<\/li>\n<li>Besteht aus rein pflanzlichen Inhaltsstoffen in 100% BIO-Qualit\u00e4t\u00a0ohne GVO, k\u00fcnstliche S\u00fc\u00dfstoffe, k\u00fcnstliche Aromen und Konservierungsstoffe<\/li>\n<li>Alle Rohstoffe werden regelm\u00e4\u00dfig auf unerw\u00fcnschte Substanzen (Toxine, Pestizide, Schwermetalle) gepr\u00fcft.<\/li>\n<\/ul>\n<p><img decoding=\"async\" loading=\"lazy\" class=\"alignnone wp-image-892\" src=\"https:\/\/www.boratree.organic\/wp-content\/uploads\/2020\/08\/Screenshot-2020-10-14-at-13.03.27.jpg\" alt=\"\" width=\"56\" height=\"37\" \/><br \/>\nAT-BIO-301<br \/>\nHergestellt in \u00d6sterreich<\/p>\n","protected":false},"featured_media":2182,"comment_status":"open","ping_status":"closed","template":"","meta":[],"product_cat":[98,99,100,101,102],"product_tag":[],"acf":[],"yoast_head":"<!-- This site is optimized with the Yoast SEO plugin v20.0 - https:\/\/yoast.com\/wordpress\/plugins\/seo\/ -->\n<title>Bio bora Relish - BoraTree<\/title>\n<meta name=\"robots\" content=\"index, follow, max-snippet:-1, max-image-preview:large, max-video-preview:-1\" \/>\n<link rel=\"canonical\" href=\"https:\/\/www.boratree.organic\/de\/produkt\/bio-bora-relish\/\" \/>\n<meta property=\"og:locale\" content=\"de_DE\" \/>\n<meta property=\"og:type\" content=\"article\" \/>\n<meta property=\"og:title\" content=\"Bio bora Relish - BoraTree\" \/>\n<meta property=\"og:description\" content=\"Eine einzigartige Pflanzenpulvermischung aus Kakao, Quinoa, Yacon, Maca und Camu Camu.   Eine nat\u00fcrliche Quelle f\u00fcr Vitamin C, Kupfer und Chrom  Kupfer unterst\u00fctzt Pigmentierung von Haaren und Haut  Vitamin C tr\u00e4gt zur normalen Funktion des Immunsystems, die Verringerung von M\u00fcdigkeit und Kollagenbildung f\u00fcr die normale Funktion der Haut  Eine Kakaodelikatesse reich an Ballaststoffe  Besteht aus rein pflanzlichen Inhaltsstoffen in 100% BIO-Qualit\u00e4t\u00a0ohne GVO, k\u00fcnstliche S\u00fc\u00dfstoffe, k\u00fcnstliche Aromen und Konservierungsstoffe  Alle Rohstoffe werden regelm\u00e4\u00dfig auf unerw\u00fcnschte Substanzen (Toxine, Pestizide, Schwermetalle) gepr\u00fcft.   AT-BIO-301 Hergestellt in \u00d6sterreich\" \/>\n<meta property=\"og:url\" content=\"https:\/\/www.boratree.organic\/de\/produkt\/bio-bora-relish\/\" \/>\n<meta property=\"og:site_name\" content=\"BoraTree\" \/>\n<meta property=\"article:modified_time\" content=\"2025-04-23T03:25:27+00:00\" \/>\n<meta property=\"og:image\" content=\"https:\/\/www.boratree.organic\/wp-content\/uploads\/2020\/09\/Relish-Recovered_1-3.png\" \/>\n\t<meta property=\"og:image:width\" content=\"1300\" \/>\n\t<meta property=\"og:image:height\" content=\"1200\" \/>\n\t<meta property=\"og:image:type\" content=\"image\/png\" \/>\n<meta name=\"twitter:card\" content=\"summary_large_image\" \/>\n<meta name=\"twitter:label1\" content=\"Gesch\u00e4tzte Lesezeit\" \/>\n\t<meta name=\"twitter:data1\" content=\"3\u00a0Minuten\" \/>\n<script type=\"application\/ld+json\" class=\"yoast-schema-graph\">{\"@context\":\"https:\/\/schema.org\",\"@graph\":[{\"@type\":\"WebPage\",\"@id\":\"https:\/\/www.boratree.organic\/de\/produkt\/bio-bora-relish\/\",\"url\":\"https:\/\/www.boratree.organic\/de\/produkt\/bio-bora-relish\/\",\"name\":\"Bio bora Relish - BoraTree\",\"isPartOf\":{\"@id\":\"https:\/\/www.boratree.organic\/de\/#website\"},\"datePublished\":\"2020-09-11T11:40:12+00:00\",\"dateModified\":\"2025-04-23T03:25:27+00:00\",\"breadcrumb\":{\"@id\":\"https:\/\/www.boratree.organic\/de\/produkt\/bio-bora-relish\/#breadcrumb\"},\"inLanguage\":\"de\",\"potentialAction\":[{\"@type\":\"ReadAction\",\"target\":[\"https:\/\/www.boratree.organic\/de\/produkt\/bio-bora-relish\/\"]}]},{\"@type\":\"BreadcrumbList\",\"@id\":\"https:\/\/www.boratree.organic\/de\/produkt\/bio-bora-relish\/#breadcrumb\",\"itemListElement\":[{\"@type\":\"ListItem\",\"position\":1,\"name\":\"Home\",\"item\":\"https:\/\/www.boratree.organic\/de\/\"},{\"@type\":\"ListItem\",\"position\":2,\"name\":\"Shop\",\"item\":\"https:\/\/www.boratree.organic\/de\/shop\/\"},{\"@type\":\"ListItem\",\"position\":3,\"name\":\"Bio bora Relish\"}]},{\"@type\":\"WebSite\",\"@id\":\"https:\/\/www.boratree.organic\/de\/#website\",\"url\":\"https:\/\/www.boratree.organic\/de\/\",\"name\":\"BoraTree\",\"description\":\"\",\"potentialAction\":[{\"@type\":\"SearchAction\",\"target\":{\"@type\":\"EntryPoint\",\"urlTemplate\":\"https:\/\/www.boratree.organic\/de\/?s={search_term_string}\"},\"query-input\":\"required name=search_term_string\"}],\"inLanguage\":\"de\"}]}<\/script>\n<!-- \/ Yoast SEO plugin. -->","yoast_head_json":{"title":"Bio bora Relish - BoraTree","robots":{"index":"index","follow":"follow","max-snippet":"max-snippet:-1","max-image-preview":"max-image-preview:large","max-video-preview":"max-video-preview:-1"},"canonical":"https:\/\/www.boratree.organic\/de\/produkt\/bio-bora-relish\/","og_locale":"de_DE","og_type":"article","og_title":"Bio bora Relish - BoraTree","og_description":"Eine einzigartige Pflanzenpulvermischung aus Kakao, Quinoa, Yacon, Maca und Camu Camu.   Eine nat\u00fcrliche Quelle f\u00fcr Vitamin C, Kupfer und Chrom  Kupfer unterst\u00fctzt Pigmentierung von Haaren und Haut  Vitamin C tr\u00e4gt zur normalen Funktion des Immunsystems, die Verringerung von M\u00fcdigkeit und Kollagenbildung f\u00fcr die normale Funktion der Haut  Eine Kakaodelikatesse reich an Ballaststoffe  Besteht aus rein pflanzlichen Inhaltsstoffen in 100% BIO-Qualit\u00e4t\u00a0ohne GVO, k\u00fcnstliche S\u00fc\u00dfstoffe, k\u00fcnstliche Aromen und Konservierungsstoffe  Alle Rohstoffe werden regelm\u00e4\u00dfig auf unerw\u00fcnschte Substanzen (Toxine, Pestizide, Schwermetalle) gepr\u00fcft.   AT-BIO-301 Hergestellt in \u00d6sterreich","og_url":"https:\/\/www.boratree.organic\/de\/produkt\/bio-bora-relish\/","og_site_name":"BoraTree","article_modified_time":"2025-04-23T03:25:27+00:00","og_image":[{"width":1300,"height":1200,"url":"https:\/\/www.boratree.organic\/wp-content\/uploads\/2020\/09\/Relish-Recovered_1-3.png","type":"image\/png"}],"twitter_card":"summary_large_image","twitter_misc":{"Gesch\u00e4tzte Lesezeit":"3\u00a0Minuten"},"schema":{"@context":"https:\/\/schema.org","@graph":[{"@type":"WebPage","@id":"https:\/\/www.boratree.organic\/de\/produkt\/bio-bora-relish\/","url":"https:\/\/www.boratree.organic\/de\/produkt\/bio-bora-relish\/","name":"Bio bora Relish - BoraTree","isPartOf":{"@id":"https:\/\/www.boratree.organic\/de\/#website"},"datePublished":"2020-09-11T11:40:12+00:00","dateModified":"2025-04-23T03:25:27+00:00","breadcrumb":{"@id":"https:\/\/www.boratree.organic\/de\/produkt\/bio-bora-relish\/#breadcrumb"},"inLanguage":"de","potentialAction":[{"@type":"ReadAction","target":["https:\/\/www.boratree.organic\/de\/produkt\/bio-bora-relish\/"]}]},{"@type":"BreadcrumbList","@id":"https:\/\/www.boratree.organic\/de\/produkt\/bio-bora-relish\/#breadcrumb","itemListElement":[{"@type":"ListItem","position":1,"name":"Home","item":"https:\/\/www.boratree.organic\/de\/"},{"@type":"ListItem","position":2,"name":"Shop","item":"https:\/\/www.boratree.organic\/de\/shop\/"},{"@type":"ListItem","position":3,"name":"Bio bora Relish"}]},{"@type":"WebSite","@id":"https:\/\/www.boratree.organic\/de\/#website","url":"https:\/\/www.boratree.organic\/de\/","name":"BoraTree","description":"","potentialAction":[{"@type":"SearchAction","target":{"@type":"EntryPoint","urlTemplate":"https:\/\/www.boratree.organic\/de\/?s={search_term_string}"},"query-input":"required name=search_term_string"}],"inLanguage":"de"}]}},"_links":{"self":[{"href":"https:\/\/www.boratree.organic\/de\/wp-json\/wp\/v2\/product\/2177"}],"collection":[{"href":"https:\/\/www.boratree.organic\/de\/wp-json\/wp\/v2\/product"}],"about":[{"href":"https:\/\/www.boratree.organic\/de\/wp-json\/wp\/v2\/types\/product"}],"replies":[{"embeddable":true,"href":"https:\/\/www.boratree.organic\/de\/wp-json\/wp\/v2\/comments?post=2177"}],"wp:featuredmedia":[{"embeddable":true,"href":"https:\/\/www.boratree.organic\/de\/wp-json\/wp\/v2\/media\/2182"}],"wp:attachment":[{"href":"https:\/\/www.boratree.organic\/de\/wp-json\/wp\/v2\/media?parent=2177"}],"wp:term":[{"taxonomy":"product_cat","embeddable":true,"href":"https:\/\/www.boratree.organic\/de\/wp-json\/wp\/v2\/product_cat?post=2177"},{"taxonomy":"product_tag","embeddable":true,"href":"https:\/\/www.boratree.organic\/de\/wp-json\/wp\/v2\/product_tag?post=2177"}],"curies":[{"name":"wp","href":"https:\/\/api.w.org\/{rel}","templated":true}]}}