{"id":2196,"date":"2022-10-29T07:55:13","date_gmt":"2020-08-06T05:55:13","guid":{"rendered":"https:\/\/www.boratree.organic\/produkt\/bio-bora-reborn\/"},"modified":"2024-08-01T01:28:54","modified_gmt":"2024-07-31T23:28:54","slug":"bio-bora-reborn","status":"publish","type":"product","link":"https:\/\/www.boratree.organic\/de\/produkt\/bio-bora-reborn\/","title":{"rendered":"Bio bora Reborn"},"content":{"rendered":"<div id=\"pl-2196\"  class=\"panel-layout\" ><div id=\"pg-2196-0\"  class=\"panel-grid panel-no-style\" ><div id=\"pgc-2196-0-0\"  class=\"panel-grid-cell\" ><div id=\"panel-2196-0-0-0\" class=\"so-panel widget widget_sow-editor panel-first-child panel-last-child\" data-index=\"0\" ><div\n\t\t\t\n\t\t\tclass=\"so-widget-sow-editor so-widget-sow-editor-base\"\n\t\t\t\n\t\t>\n<div class=\"siteorigin-widget-tinymce textwidget\">\n\t<p>Werden Sie jeden Tag <strong>wiedergeboren<\/strong> und nutzen Sie Ihr <strong>volles Potenzial<\/strong>. Bio bora Reborn ist ein Nahrungserg\u00e4nzungsmittel, das Ihnen dabei hilft. Die einzigartige Mischung von Inhaltsstoffen in <strong>100% Bio-<\/strong> Qualit\u00e4t enth\u00e4lt <strong>Vitamine, Mineralstoffe, Aminos\u00e4uren <\/strong>und anderen wertvollen Pigmenten wie <a href=\"https:\/\/www.medicalnewstoday.com\/articles\/322361\">Chlorophyll<\/a>. Sie haben mehrere positive Wirkungen, um Ihre Gesundheit zu f\u00f6rdern. Eisen tr\u00e4gt zur normalen <strong>kognitiven Funktion<\/strong>, zur <strong>Verringerung von M\u00fcdigkeit<\/strong>, zur normalen <strong>Funktion des Immunsystems<\/strong> und zum normalen<strong> Energiestoffwechsel<\/strong> bei. Mangan unterst\u00fctzt den <strong>Schutz der Zellen vor oxidativem Stress<\/strong>. Wenn Sie eine <strong>reichhaltige Quelle f\u00fcr <\/strong><a href=\"https:\/\/www.healthline.com\/nutrition\/22-high-fiber-foods#What-is-fiber?\"><strong>Ballaststoffen<\/strong><\/a> suchen, k\u00f6nnte dieses gr\u00fcne Elixier eine gute Wahl f\u00fcr Sie sein.<\/p>\n<p>Bio bora Reborn wird auch von jedem gesch\u00e4tzt, der einen aktiven Lebensstil f\u00fchrt. Wenn Sie von Ihrem K\u00f6rper eine sportliche Leistung verlangen, belohnen Sie ihn mit einer Dosis dieses gr\u00fcnen Stimulators. Es enth\u00e4lt eine hohe Menge an Protein, das das <strong>Wachstum<\/strong> und die <strong>Aufrechterhaltung der Muskelmasse unterst\u00fctzt<\/strong>.<\/p>\n<p>Die Zusammensetzung von Bio bora Reborn wurde in Zusammenarbeit mit Ern\u00e4hrungsspezialisten sorgf\u00e4ltig erarbeitet, damit Sie die <strong>notwendigen N\u00e4hrstoffe<\/strong> in der optimalen Menge innerhalb einer <strong>Tagesdosis von 12 g <\/strong>erhalten. Verlassen Sie sich auf die <strong>maximale Wirkung<\/strong> dieses Produkts!<\/p>\n<\/div>\n<\/div><\/div><\/div><\/div><div id=\"pg-2196-1\"  class=\"panel-grid panel-no-style\" ><div id=\"pgc-2196-1-0\"  class=\"panel-grid-cell\" ><div id=\"panel-2196-1-0-0\" class=\"so-panel widget widget_sow-image panel-first-child\" data-index=\"1\" ><div class=\"panel-widget-style panel-widget-style-for-2196-1-0-0\" ><div\n\t\t\t\n\t\t\tclass=\"so-widget-sow-image so-widget-sow-image-default-d6014b76747a-2196\"\n\t\t\t\n\t\t>\n\n<div class=\"sow-image-container\">\n\t\t<img src=\"https:\/\/www.boratree.organic\/wp-content\/uploads\/2020\/08\/9e40dd676311962928107f801f3989dd-1.jpg\" width=\"1097\" height=\"737\" srcset=\"https:\/\/www.boratree.organic\/wp-content\/uploads\/2020\/08\/9e40dd676311962928107f801f3989dd-1.jpg 1097w, https:\/\/www.boratree.organic\/wp-content\/uploads\/2020\/08\/9e40dd676311962928107f801f3989dd-1-300x202.jpg 300w, https:\/\/www.boratree.organic\/wp-content\/uploads\/2020\/08\/9e40dd676311962928107f801f3989dd-1-1024x688.jpg 1024w, https:\/\/www.boratree.organic\/wp-content\/uploads\/2020\/08\/9e40dd676311962928107f801f3989dd-1-768x516.jpg 768w, https:\/\/www.boratree.organic\/wp-content\/uploads\/2020\/08\/9e40dd676311962928107f801f3989dd-1-480x322.jpg 480w, https:\/\/www.boratree.organic\/wp-content\/uploads\/2020\/08\/9e40dd676311962928107f801f3989dd-1-992x666.jpg 992w, https:\/\/www.boratree.organic\/wp-content\/uploads\/2020\/08\/9e40dd676311962928107f801f3989dd-1-600x403.jpg 600w, https:\/\/www.boratree.organic\/wp-content\/uploads\/2020\/08\/9e40dd676311962928107f801f3989dd-1-272x182.jpg 272w\" sizes=\"(max-width: 1097px) 100vw, 1097px\" title=\"9e40dd676311962928107f801f3989dd\" alt=\"\" loading=\"lazy\" \t\tclass=\"so-widget-image\"\/>\n\t<\/div>\n\n<\/div><\/div><\/div><div id=\"panel-2196-1-0-1\" class=\"so-panel widget widget_sow-editor panel-last-child\" data-index=\"2\" ><div\n\t\t\t\n\t\t\tclass=\"so-widget-sow-editor so-widget-sow-editor-base\"\n\t\t\t\n\t\t>\n<div class=\"siteorigin-widget-tinymce textwidget\">\n\t<h3><span lang=\"DE\">Gerstengras<\/span><\/h3>\n<p>Gerstengras war eines der ersten Lebensmittel in der Geschichte der Menschheit. Bereits den Gladiatoren im alten Rom gab es Kraft, Energie und Ausdauer. Gr\u00fcnes Gerstenpulver ist eine ideale nat\u00fcrliche Quelle f\u00fcr Ballaststoffe, Enzyme und Mineralstoffe wie Kalzium, Magnesium, Eisen und Zink. Junge Gerste versorgt den K\u00f6rper mit Energie und vielen leicht absorbierbaren N\u00e4hrstoffen.<\/p>\n<\/div>\n<\/div><\/div><\/div><div id=\"pgc-2196-1-1\"  class=\"panel-grid-cell\" ><div id=\"panel-2196-1-1-0\" class=\"so-panel widget widget_sow-image panel-first-child\" data-index=\"3\" ><div class=\"panel-widget-style panel-widget-style-for-2196-1-1-0\" ><div\n\t\t\t\n\t\t\tclass=\"so-widget-sow-image so-widget-sow-image-default-d6014b76747a-2196\"\n\t\t\t\n\t\t>\n\n<div class=\"sow-image-container\">\n\t\t<img src=\"https:\/\/www.boratree.organic\/wp-content\/uploads\/2020\/08\/lucuma-5c5682d6.jpg\" width=\"1097\" height=\"737\" srcset=\"https:\/\/www.boratree.organic\/wp-content\/uploads\/2020\/08\/lucuma-5c5682d6.jpg 1097w, https:\/\/www.boratree.organic\/wp-content\/uploads\/2020\/08\/lucuma-5c5682d6-300x202.jpg 300w, https:\/\/www.boratree.organic\/wp-content\/uploads\/2020\/08\/lucuma-5c5682d6-1024x688.jpg 1024w, https:\/\/www.boratree.organic\/wp-content\/uploads\/2020\/08\/lucuma-5c5682d6-768x516.jpg 768w, https:\/\/www.boratree.organic\/wp-content\/uploads\/2020\/08\/lucuma-5c5682d6-480x322.jpg 480w, https:\/\/www.boratree.organic\/wp-content\/uploads\/2020\/08\/lucuma-5c5682d6-992x666.jpg 992w, https:\/\/www.boratree.organic\/wp-content\/uploads\/2020\/08\/lucuma-5c5682d6-600x403.jpg 600w, https:\/\/www.boratree.organic\/wp-content\/uploads\/2020\/08\/lucuma-5c5682d6-272x182.jpg 272w\" sizes=\"(max-width: 1097px) 100vw, 1097px\" alt=\"\" loading=\"lazy\" \t\tclass=\"so-widget-image\"\/>\n\t<\/div>\n\n<\/div><\/div><\/div><div id=\"panel-2196-1-1-1\" class=\"so-panel widget widget_sow-editor panel-last-child\" data-index=\"4\" ><div\n\t\t\t\n\t\t\tclass=\"so-widget-sow-editor so-widget-sow-editor-base\"\n\t\t\t\n\t\t>\n<div class=\"siteorigin-widget-tinymce textwidget\">\n\t<h3>Lucuma<\/h3>\n<p>Es stammt aus dem Herzen S\u00fcdamerikas und wird auch das \u201eGold der Inkas\u201c genannt. Und das ist kein Zufall. Lucuma ist eine s\u00fc\u00dfe Frucht mit einem Karamellgeschmack, der mit essentiellen N\u00e4hrstoffen angereichert ist. Aufgrund ihres N\u00e4hrstoffgehalts und <a href=\"https:\/\/www.healthline.com\/nutrition\/low-glycemic-diet#the-glycemic-index-gi\">niedrigen glyk\u00e4mischen Index<\/a> ist diese gelbe Frucht eine gesunde Alternative zu S\u00fc\u00dfungsmitteln. Bei Lucuma finden wir auch Pflanzenverbindungen <a href=\"https:\/\/www.sciencedirect.com\/topics\/chemistry\/polyphenol\">Polyphenole<\/a> und <a href=\"https:\/\/www.sciencedirect.com\/topics\/chemistry\/carotenoid\">Carotinoide<\/a>, die auf ihre antioxidativen Eigenschaften untersucht werden.<\/p>\n<\/div>\n<\/div><\/div><\/div><div id=\"pgc-2196-1-2\"  class=\"panel-grid-cell\" ><div id=\"panel-2196-1-2-0\" class=\"so-panel widget widget_sow-image panel-first-child\" data-index=\"5\" ><div class=\"panel-widget-style panel-widget-style-for-2196-1-2-0\" ><div\n\t\t\t\n\t\t\tclass=\"so-widget-sow-image so-widget-sow-image-default-d6014b76747a-2196\"\n\t\t\t\n\t\t>\n\n<div class=\"sow-image-container\">\n\t\t<img src=\"https:\/\/www.boratree.organic\/wp-content\/uploads\/2020\/08\/wheat-grass-1.jpg\" width=\"1097\" height=\"737\" srcset=\"https:\/\/www.boratree.organic\/wp-content\/uploads\/2020\/08\/wheat-grass-1.jpg 1097w, https:\/\/www.boratree.organic\/wp-content\/uploads\/2020\/08\/wheat-grass-1-300x202.jpg 300w, https:\/\/www.boratree.organic\/wp-content\/uploads\/2020\/08\/wheat-grass-1-1024x688.jpg 1024w, https:\/\/www.boratree.organic\/wp-content\/uploads\/2020\/08\/wheat-grass-1-768x516.jpg 768w, https:\/\/www.boratree.organic\/wp-content\/uploads\/2020\/08\/wheat-grass-1-480x322.jpg 480w, https:\/\/www.boratree.organic\/wp-content\/uploads\/2020\/08\/wheat-grass-1-992x666.jpg 992w, https:\/\/www.boratree.organic\/wp-content\/uploads\/2020\/08\/wheat-grass-1-600x403.jpg 600w, https:\/\/www.boratree.organic\/wp-content\/uploads\/2020\/08\/wheat-grass-1-272x182.jpg 272w\" sizes=\"(max-width: 1097px) 100vw, 1097px\" title=\"wheat-grass\" alt=\"\" loading=\"lazy\" \t\tclass=\"so-widget-image\"\/>\n\t<\/div>\n\n<\/div><\/div><\/div><div id=\"panel-2196-1-2-1\" class=\"so-panel widget widget_sow-editor panel-last-child\" data-index=\"6\" ><div\n\t\t\t\n\t\t\tclass=\"so-widget-sow-editor so-widget-sow-editor-base\"\n\t\t\t\n\t\t>\n<div class=\"siteorigin-widget-tinymce textwidget\">\n\t<h3>Weizengras<\/h3>\n<p>Eine der Pflanzen, die die Menschheit seit Tausenden von Jahren kennt. Eine beliebte Form davon ist das sogenannte Weizengras, das jung geerntet wird und gleichzeitig am nahrhaftesten ist. Aufgrund seines <a href=\"https:\/\/www.ncbi.nlm.nih.gov\/pmc\/articles\/PMC5534514\/\">hohen Chlorophyllgehalts<\/a> wird es auch als \u201egr\u00fcnes Blut\u201c bezeichnet. Es ist eine nat\u00fcrliche Quelle f\u00fcr Ballaststoffe, Vitamine A, C und Mineralstoffe wie Eisen, Zink, Kalzium und Kupfer. Gr\u00fcnes Weizengras ist auch eine gute Wahl zur F\u00f6rderung der Entgiftung des K\u00f6rpers, da es <a href=\"https:\/\/www.ncbi.nlm.nih.gov\/pmc\/articles\/PMC5534514\/\">antioxidative Enzyme<\/a> enth\u00e4lt.<\/p>\n<\/div>\n<\/div><\/div><\/div><\/div><div id=\"pg-2196-2\"  class=\"panel-grid panel-no-style\" ><div id=\"pgc-2196-2-0\"  class=\"panel-grid-cell\" ><div id=\"panel-2196-2-0-0\" class=\"so-panel widget widget_sow-image panel-first-child\" data-index=\"7\" ><div class=\"panel-widget-style panel-widget-style-for-2196-2-0-0\" ><div\n\t\t\t\n\t\t\tclass=\"so-widget-sow-image so-widget-sow-image-default-d6014b76747a-2196\"\n\t\t\t\n\t\t>\n\n<div class=\"sow-image-container\">\n\t\t<img src=\"https:\/\/www.boratree.organic\/wp-content\/uploads\/2020\/08\/shutterstock_1410728030-1024x683-1.jpg\" width=\"1097\" height=\"737\" srcset=\"https:\/\/www.boratree.organic\/wp-content\/uploads\/2020\/08\/shutterstock_1410728030-1024x683-1.jpg 1097w, https:\/\/www.boratree.organic\/wp-content\/uploads\/2020\/08\/shutterstock_1410728030-1024x683-1-300x202.jpg 300w, https:\/\/www.boratree.organic\/wp-content\/uploads\/2020\/08\/shutterstock_1410728030-1024x683-1-1024x688.jpg 1024w, https:\/\/www.boratree.organic\/wp-content\/uploads\/2020\/08\/shutterstock_1410728030-1024x683-1-768x516.jpg 768w, https:\/\/www.boratree.organic\/wp-content\/uploads\/2020\/08\/shutterstock_1410728030-1024x683-1-480x322.jpg 480w, https:\/\/www.boratree.organic\/wp-content\/uploads\/2020\/08\/shutterstock_1410728030-1024x683-1-992x666.jpg 992w, https:\/\/www.boratree.organic\/wp-content\/uploads\/2020\/08\/shutterstock_1410728030-1024x683-1-600x403.jpg 600w, https:\/\/www.boratree.organic\/wp-content\/uploads\/2020\/08\/shutterstock_1410728030-1024x683-1-272x182.jpg 272w\" sizes=\"(max-width: 1097px) 100vw, 1097px\" title=\"shutterstock_1410728030-1024&#215;683\" alt=\"\" loading=\"lazy\" \t\tclass=\"so-widget-image\"\/>\n\t<\/div>\n\n<\/div><\/div><\/div><div id=\"panel-2196-2-0-1\" class=\"so-panel widget widget_sow-editor panel-last-child\" data-index=\"8\" ><div\n\t\t\t\n\t\t\tclass=\"so-widget-sow-editor so-widget-sow-editor-base\"\n\t\t\t\n\t\t>\n<div class=\"siteorigin-widget-tinymce textwidget\">\n\t<h3>Moringa<\/h3>\n<div>\n<p>Moringa, auch als \u201eWunderbaum\u201c bekannt, stammt aus den Tropen Afrikas und Indiens. Er ist seit mehreren Jahrtausenden ein unersetzlicher Bestandteil der ayurvedischen Medizin. Die Bl\u00e4tter dieser wunderbaren gr\u00fcnen Pflanze sind eine Quelle f\u00fcr wichtige Vitamine, Mineralstoffe wie Kalzium, Kalium, Phosphor, Eisen und Magnesium. Moringa ist auch eine gute Wahl f\u00fcr Entgiftungsprogramme. Er enth\u00e4lt Vitamine E und B2, die Zellen vor oxidativem Stress sch\u00fctzen.<\/p>\n<\/div>\n<\/div>\n<\/div><\/div><\/div><div id=\"pgc-2196-2-1\"  class=\"panel-grid-cell\" ><div id=\"panel-2196-2-1-0\" class=\"so-panel widget widget_sow-image panel-first-child\" data-index=\"9\" ><div class=\"panel-widget-style panel-widget-style-for-2196-2-1-0\" ><div\n\t\t\t\n\t\t\tclass=\"so-widget-sow-image so-widget-sow-image-default-d6014b76747a-2196\"\n\t\t\t\n\t\t>\n\n<div class=\"sow-image-container\">\n\t\t<img src=\"https:\/\/www.boratree.organic\/wp-content\/uploads\/2020\/08\/spirulina.jpg\" width=\"1097\" height=\"737\" srcset=\"https:\/\/www.boratree.organic\/wp-content\/uploads\/2020\/08\/spirulina.jpg 1097w, https:\/\/www.boratree.organic\/wp-content\/uploads\/2020\/08\/spirulina-300x202.jpg 300w, https:\/\/www.boratree.organic\/wp-content\/uploads\/2020\/08\/spirulina-1024x688.jpg 1024w, https:\/\/www.boratree.organic\/wp-content\/uploads\/2020\/08\/spirulina-768x516.jpg 768w, https:\/\/www.boratree.organic\/wp-content\/uploads\/2020\/08\/spirulina-480x322.jpg 480w, https:\/\/www.boratree.organic\/wp-content\/uploads\/2020\/08\/spirulina-992x666.jpg 992w, https:\/\/www.boratree.organic\/wp-content\/uploads\/2020\/08\/spirulina-600x403.jpg 600w, https:\/\/www.boratree.organic\/wp-content\/uploads\/2020\/08\/spirulina-272x182.jpg 272w\" sizes=\"(max-width: 1097px) 100vw, 1097px\" alt=\"\" loading=\"lazy\" \t\tclass=\"so-widget-image\"\/>\n\t<\/div>\n\n<\/div><\/div><\/div><div id=\"panel-2196-2-1-1\" class=\"so-panel widget widget_sow-editor panel-last-child\" data-index=\"10\" ><div\n\t\t\t\n\t\t\tclass=\"so-widget-sow-editor so-widget-sow-editor-base\"\n\t\t\t\n\t\t>\n<div class=\"siteorigin-widget-tinymce textwidget\">\n\t<h3>Spirulina<\/h3>\n<p>Diese kleinen Gr\u00fcnalgen waren bereits den alten Azteken bekannt und wurden dank ihrer vitalit\u00e4tsunterst\u00fctzenden Wirkung auch von NASA-Astronauten verwendet. Spirulina ist mit B-Vitaminen und Mineralstoffen wie Eisen, Magnesium, Kalzium beladen. Einer seiner Wirkstoffe ist <a href=\"https:\/\/pubmed.ncbi.nlm.nih.gov\/12769719\/\">Phycocyanin<\/a>, das auf m\u00f6gliche antioxidative und entz\u00fcndungshemmende Wirkungen untersucht wird. Spirulina wird wegen ihres hohen Gehalts an Pflanzenproteinen, die das Wachstum und die Aufrechterhaltung der Muskelmasse unterst\u00fctzen, auch von <span lang=\"DE\">Sportbegeisterte<\/span> gesch\u00e4tzt.<\/p>\n<\/div>\n<\/div><\/div><\/div><div id=\"pgc-2196-2-2\"  class=\"panel-grid-cell\" ><div id=\"panel-2196-2-2-0\" class=\"so-panel widget widget_sow-image panel-first-child\" data-index=\"11\" ><div class=\"panel-widget-style panel-widget-style-for-2196-2-2-0\" ><div\n\t\t\t\n\t\t\tclass=\"so-widget-sow-image so-widget-sow-image-default-d6014b76747a-2196\"\n\t\t\t\n\t\t>\n\n<div class=\"sow-image-container\">\n\t\t<img src=\"https:\/\/www.boratree.organic\/wp-content\/uploads\/2020\/08\/chlorella.jpg\" width=\"1097\" height=\"737\" srcset=\"https:\/\/www.boratree.organic\/wp-content\/uploads\/2020\/08\/chlorella.jpg 1097w, https:\/\/www.boratree.organic\/wp-content\/uploads\/2020\/08\/chlorella-300x202.jpg 300w, https:\/\/www.boratree.organic\/wp-content\/uploads\/2020\/08\/chlorella-1024x688.jpg 1024w, https:\/\/www.boratree.organic\/wp-content\/uploads\/2020\/08\/chlorella-768x516.jpg 768w, https:\/\/www.boratree.organic\/wp-content\/uploads\/2020\/08\/chlorella-480x322.jpg 480w, https:\/\/www.boratree.organic\/wp-content\/uploads\/2020\/08\/chlorella-992x666.jpg 992w, https:\/\/www.boratree.organic\/wp-content\/uploads\/2020\/08\/chlorella-600x403.jpg 600w, https:\/\/www.boratree.organic\/wp-content\/uploads\/2020\/08\/chlorella-272x182.jpg 272w\" sizes=\"(max-width: 1097px) 100vw, 1097px\" alt=\"\" loading=\"lazy\" \t\tclass=\"so-widget-image\"\/>\n\t<\/div>\n\n<\/div><\/div><\/div><div id=\"panel-2196-2-2-1\" class=\"so-panel widget widget_sow-editor panel-last-child\" data-index=\"12\" ><div\n\t\t\t\n\t\t\tclass=\"so-widget-sow-editor so-widget-sow-editor-base\"\n\t\t\t\n\t\t>\n<div class=\"siteorigin-widget-tinymce textwidget\">\n\t<h3>Chlorella<\/h3>\n<div>\n<p>Diese einzellige Blaualge ist eine nat\u00fcrliche Quelle f\u00fcr Chlorophyll, Vitamin C, B12 und Mineralstoffe wie Eisen, Phosphor und Kalium. Chlorella ist reich an Antioxidantien und bildet die Grundlage f\u00fcr Entgiftungsprogramme. Auch f\u00fcr Sportbegeisterte sind diese nahrhaften Algen nach einem harten Training nicht zu verachten, da sie dank ihres hohen Proteingehalts zum Wachstum und zur Aufrechterhaltung der Muskelmasse beitragen.<\/p>\n<\/div>\n<\/div>\n<\/div><\/div><\/div><\/div><\/div>","protected":false},"excerpt":{"rendered":"<p>Eine einzigartige Pflanzenpulvermischung aus Gerstengras, Lucuma, Weizengras, Moringa, Spirulina und Chlorella.<\/p>\n<ul>\n<li>Eine nat\u00fcrliche Quelle f\u00fcr Chlorophyll, Aminos\u00e4uren, Vitamin B12, Eisen und Mangan<\/li>\n<li>Reich an Ballaststoffen und Proteinen<\/li>\n<li>Eisen tr\u00e4gt zur normalen Funktion des Immunsystems, zum normalen Energiestoffwechsel und zur Verringerung von M\u00fcdigkeit bei<\/li>\n<li>Besteht aus rein pflanzlichen Inhaltsstoffen in 100% BIO-Qualit\u00e4t ohne GVO, k\u00fcnstliche S\u00fc\u00dfstoffe, k\u00fcnstliche Aromen und Konservierungsstoffe<\/li>\n<li>Alle Rohstoffe werden regelm\u00e4\u00dfig auf unerw\u00fcnschte Substanzen (Toxine, Pestizide, Schwermetalle) gepr\u00fcft.<\/li>\n<\/ul>\n<p><img decoding=\"async\" loading=\"lazy\" class=\"alignnone wp-image-892\" src=\"https:\/\/www.boratree.organic\/wp-content\/uploads\/2020\/08\/Screenshot-2020-10-14-at-13.03.27.jpg\" alt=\"\" width=\"56\" height=\"37\" \/><br \/>\nNL-BIO-01<br \/>\nHergestellt in den Niederlanden<\/p>\n","protected":false},"featured_media":3441,"comment_status":"open","ping_status":"closed","template":"","meta":[],"product_cat":[98,99,100,101,102],"product_tag":[],"acf":[],"yoast_head":"<!-- This site is optimized with the Yoast SEO plugin v20.0 - https:\/\/yoast.com\/wordpress\/plugins\/seo\/ -->\n<title>Bio bora Reborn - BoraTree<\/title>\n<meta name=\"robots\" content=\"index, follow, max-snippet:-1, max-image-preview:large, max-video-preview:-1\" \/>\n<link rel=\"canonical\" href=\"https:\/\/www.boratree.organic\/de\/produkt\/bio-bora-reborn\/\" \/>\n<meta property=\"og:locale\" content=\"de_DE\" \/>\n<meta property=\"og:type\" content=\"article\" \/>\n<meta property=\"og:title\" content=\"Bio bora Reborn - BoraTree\" \/>\n<meta property=\"og:description\" content=\"Eine einzigartige Pflanzenpulvermischung aus Gerstengras, Lucuma, Weizengras, Moringa, Spirulina und Chlorella.   Eine nat\u00fcrliche Quelle f\u00fcr Chlorophyll, Aminos\u00e4uren, Vitamin B12, Eisen und Mangan  Reich an Ballaststoffen und Proteinen  Eisen tr\u00e4gt zur normalen Funktion des Immunsystems, zum normalen Energiestoffwechsel und zur Verringerung von M\u00fcdigkeit bei  Besteht aus rein pflanzlichen Inhaltsstoffen in 100% BIO-Qualit\u00e4t ohne GVO, k\u00fcnstliche S\u00fc\u00dfstoffe, k\u00fcnstliche Aromen und Konservierungsstoffe  Alle Rohstoffe werden regelm\u00e4\u00dfig auf unerw\u00fcnschte Substanzen (Toxine, Pestizide, Schwermetalle) gepr\u00fcft.   NL-BIO-01 Hergestellt in den Niederlanden\" \/>\n<meta property=\"og:url\" content=\"https:\/\/www.boratree.organic\/de\/produkt\/bio-bora-reborn\/\" \/>\n<meta property=\"og:site_name\" content=\"BoraTree\" \/>\n<meta property=\"article:modified_time\" content=\"2024-07-31T23:28:54+00:00\" \/>\n<meta property=\"og:image\" content=\"https:\/\/www.boratree.organic\/wp-content\/uploads\/2020\/08\/Reborn-1.png\" \/>\n\t<meta property=\"og:image:width\" content=\"1300\" \/>\n\t<meta property=\"og:image:height\" content=\"1242\" \/>\n\t<meta property=\"og:image:type\" content=\"image\/png\" \/>\n<meta name=\"twitter:card\" content=\"summary_large_image\" \/>\n<meta name=\"twitter:label1\" content=\"Gesch\u00e4tzte Lesezeit\" \/>\n\t<meta name=\"twitter:data1\" content=\"3\u00a0Minuten\" \/>\n<script type=\"application\/ld+json\" class=\"yoast-schema-graph\">{\"@context\":\"https:\/\/schema.org\",\"@graph\":[{\"@type\":\"WebPage\",\"@id\":\"https:\/\/www.boratree.organic\/de\/produkt\/bio-bora-reborn\/\",\"url\":\"https:\/\/www.boratree.organic\/de\/produkt\/bio-bora-reborn\/\",\"name\":\"Bio bora Reborn - BoraTree\",\"isPartOf\":{\"@id\":\"https:\/\/www.boratree.organic\/de\/#website\"},\"datePublished\":\"2020-08-06T05:55:13+00:00\",\"dateModified\":\"2024-07-31T23:28:54+00:00\",\"breadcrumb\":{\"@id\":\"https:\/\/www.boratree.organic\/de\/produkt\/bio-bora-reborn\/#breadcrumb\"},\"inLanguage\":\"de\",\"potentialAction\":[{\"@type\":\"ReadAction\",\"target\":[\"https:\/\/www.boratree.organic\/de\/produkt\/bio-bora-reborn\/\"]}]},{\"@type\":\"BreadcrumbList\",\"@id\":\"https:\/\/www.boratree.organic\/de\/produkt\/bio-bora-reborn\/#breadcrumb\",\"itemListElement\":[{\"@type\":\"ListItem\",\"position\":1,\"name\":\"Home\",\"item\":\"https:\/\/www.boratree.organic\/de\/\"},{\"@type\":\"ListItem\",\"position\":2,\"name\":\"Shop\",\"item\":\"https:\/\/www.boratree.organic\/de\/shop\/\"},{\"@type\":\"ListItem\",\"position\":3,\"name\":\"Bio bora Reborn\"}]},{\"@type\":\"WebSite\",\"@id\":\"https:\/\/www.boratree.organic\/de\/#website\",\"url\":\"https:\/\/www.boratree.organic\/de\/\",\"name\":\"BoraTree\",\"description\":\"\",\"potentialAction\":[{\"@type\":\"SearchAction\",\"target\":{\"@type\":\"EntryPoint\",\"urlTemplate\":\"https:\/\/www.boratree.organic\/de\/?s={search_term_string}\"},\"query-input\":\"required name=search_term_string\"}],\"inLanguage\":\"de\"}]}<\/script>\n<!-- \/ Yoast SEO plugin. -->","yoast_head_json":{"title":"Bio bora Reborn - BoraTree","robots":{"index":"index","follow":"follow","max-snippet":"max-snippet:-1","max-image-preview":"max-image-preview:large","max-video-preview":"max-video-preview:-1"},"canonical":"https:\/\/www.boratree.organic\/de\/produkt\/bio-bora-reborn\/","og_locale":"de_DE","og_type":"article","og_title":"Bio bora Reborn - BoraTree","og_description":"Eine einzigartige Pflanzenpulvermischung aus Gerstengras, Lucuma, Weizengras, Moringa, Spirulina und Chlorella.   Eine nat\u00fcrliche Quelle f\u00fcr Chlorophyll, Aminos\u00e4uren, Vitamin B12, Eisen und Mangan  Reich an Ballaststoffen und Proteinen  Eisen tr\u00e4gt zur normalen Funktion des Immunsystems, zum normalen Energiestoffwechsel und zur Verringerung von M\u00fcdigkeit bei  Besteht aus rein pflanzlichen Inhaltsstoffen in 100% BIO-Qualit\u00e4t ohne GVO, k\u00fcnstliche S\u00fc\u00dfstoffe, k\u00fcnstliche Aromen und Konservierungsstoffe  Alle Rohstoffe werden regelm\u00e4\u00dfig auf unerw\u00fcnschte Substanzen (Toxine, Pestizide, Schwermetalle) gepr\u00fcft.   NL-BIO-01 Hergestellt in den Niederlanden","og_url":"https:\/\/www.boratree.organic\/de\/produkt\/bio-bora-reborn\/","og_site_name":"BoraTree","article_modified_time":"2024-07-31T23:28:54+00:00","og_image":[{"width":1300,"height":1242,"url":"https:\/\/www.boratree.organic\/wp-content\/uploads\/2020\/08\/Reborn-1.png","type":"image\/png"}],"twitter_card":"summary_large_image","twitter_misc":{"Gesch\u00e4tzte Lesezeit":"3\u00a0Minuten"},"schema":{"@context":"https:\/\/schema.org","@graph":[{"@type":"WebPage","@id":"https:\/\/www.boratree.organic\/de\/produkt\/bio-bora-reborn\/","url":"https:\/\/www.boratree.organic\/de\/produkt\/bio-bora-reborn\/","name":"Bio bora Reborn - BoraTree","isPartOf":{"@id":"https:\/\/www.boratree.organic\/de\/#website"},"datePublished":"2020-08-06T05:55:13+00:00","dateModified":"2024-07-31T23:28:54+00:00","breadcrumb":{"@id":"https:\/\/www.boratree.organic\/de\/produkt\/bio-bora-reborn\/#breadcrumb"},"inLanguage":"de","potentialAction":[{"@type":"ReadAction","target":["https:\/\/www.boratree.organic\/de\/produkt\/bio-bora-reborn\/"]}]},{"@type":"BreadcrumbList","@id":"https:\/\/www.boratree.organic\/de\/produkt\/bio-bora-reborn\/#breadcrumb","itemListElement":[{"@type":"ListItem","position":1,"name":"Home","item":"https:\/\/www.boratree.organic\/de\/"},{"@type":"ListItem","position":2,"name":"Shop","item":"https:\/\/www.boratree.organic\/de\/shop\/"},{"@type":"ListItem","position":3,"name":"Bio bora Reborn"}]},{"@type":"WebSite","@id":"https:\/\/www.boratree.organic\/de\/#website","url":"https:\/\/www.boratree.organic\/de\/","name":"BoraTree","description":"","potentialAction":[{"@type":"SearchAction","target":{"@type":"EntryPoint","urlTemplate":"https:\/\/www.boratree.organic\/de\/?s={search_term_string}"},"query-input":"required name=search_term_string"}],"inLanguage":"de"}]}},"_links":{"self":[{"href":"https:\/\/www.boratree.organic\/de\/wp-json\/wp\/v2\/product\/2196"}],"collection":[{"href":"https:\/\/www.boratree.organic\/de\/wp-json\/wp\/v2\/product"}],"about":[{"href":"https:\/\/www.boratree.organic\/de\/wp-json\/wp\/v2\/types\/product"}],"replies":[{"embeddable":true,"href":"https:\/\/www.boratree.organic\/de\/wp-json\/wp\/v2\/comments?post=2196"}],"wp:featuredmedia":[{"embeddable":true,"href":"https:\/\/www.boratree.organic\/de\/wp-json\/wp\/v2\/media\/3441"}],"wp:attachment":[{"href":"https:\/\/www.boratree.organic\/de\/wp-json\/wp\/v2\/media?parent=2196"}],"wp:term":[{"taxonomy":"product_cat","embeddable":true,"href":"https:\/\/www.boratree.organic\/de\/wp-json\/wp\/v2\/product_cat?post=2196"},{"taxonomy":"product_tag","embeddable":true,"href":"https:\/\/www.boratree.organic\/de\/wp-json\/wp\/v2\/product_tag?post=2196"}],"curies":[{"name":"wp","href":"https:\/\/api.w.org\/{rel}","templated":true}]}}