{"id":2259,"date":"2022-10-22T14:10:44","date_gmt":"2020-09-25T12:10:44","guid":{"rendered":"https:\/\/www.boratree.organic\/produkt\/bio-bora-nourish-power\/"},"modified":"2022-12-05T15:09:16","modified_gmt":"2022-12-05T14:09:16","slug":"bio-bora-nourish-power","status":"publish","type":"product","link":"https:\/\/www.boratree.organic\/de\/produkt\/bio-bora-nourish-power\/","title":{"rendered":"Bio bora Nourish Power"},"content":{"rendered":"<div id=\"pl-2259\"  class=\"panel-layout\" ><div id=\"pg-2259-0\"  class=\"panel-grid panel-no-style\" ><div id=\"pgc-2259-0-0\"  class=\"panel-grid-cell\" ><div id=\"panel-2259-0-0-0\" class=\"so-panel widget widget_sow-editor panel-first-child panel-last-child\" data-index=\"0\" ><div\n\t\t\t\n\t\t\tclass=\"so-widget-sow-editor so-widget-sow-editor-base\"\n\t\t\t\n\t\t>\n<div class=\"siteorigin-widget-tinymce textwidget\">\n\t<p>Die Kombination aus\u00a0<strong>Bio bora Reborn<\/strong>\u00a0und\u00a0<strong>Bio bora Relish<\/strong>\u00a0ist reich an N\u00e4hrstoffen, die Ihnen helfen, sich\u00a0<strong>nicht nur wunderbar zu f\u00fchlen<\/strong>,\u00a0<strong>sondern auch<\/strong>\u00a0<strong>wunderbar<\/strong>\u00a0<strong>auszusehen<\/strong>. W\u00e4hrend Kupfer in der Bio bora Relish-Mischung zur <strong>Pigmentierung<\/strong> von <strong>Haaren<\/strong> und <strong>Haut<\/strong> beitr\u00e4gt, f\u00f6rdert Vitamin C in diesem Kakao-Mischung wiederum die <strong>Produktion von Kollagen<\/strong>, das f\u00fcr eine <strong>normale Hautfunktion<\/strong> wichtig ist. Aber die Vorteile dieser Mikron\u00e4hrstoffe enden nicht bei Haaren oder Haut. Zusammen mit Eisen in der Bio bora Reborn-Mischung unterst\u00fctzen sie die normale Funktion <strong>des Immunsystems<\/strong> und den <strong>normalen Energiestoffwechsel<\/strong>. <strong>Bio bora Nourish Power <\/strong>ist ein Beweis daf\u00fcr, dass sich Attribute wie <strong>\u201egesund\u201c<\/strong> und <strong>\u201elecker\u201c<\/strong> nicht gegenseitig ausschlie\u00dfen. Wenn Sie Schokolade lieben, werden Sie den Geschmack der Bio bora Relish-Mischung einfach m\u00f6gen. Eine der wichtigsten Zutaten ist der magische Kakao, der mit s\u00fc\u00dfem Yacon, exotischem Maca und Camu Camu kombiniert ist. Wir haben auf einen angenehmen Geschmack geachtet, auch wenn wir <a href=\"https:\/\/www.boratree.organic\/produkt\/bio-bora-reborn-360-g\/\">eine Mischung aus gr\u00fcnen Superfoods<\/a> zusammengestellt haben, die wir mit nahrhafter Lucuma mit delikaten Karamellnoten angereichert haben.<\/p>\n<\/div>\n<\/div><\/div><\/div><\/div><div id=\"pg-2259-1\"  class=\"panel-grid panel-no-style\" ><div id=\"pgc-2259-1-0\"  class=\"panel-grid-cell\" ><div id=\"panel-2259-1-0-0\" class=\"so-panel widget widget_sow-editor panel-first-child panel-last-child\" data-index=\"1\" ><div\n\t\t\t\n\t\t\tclass=\"so-widget-sow-editor so-widget-sow-editor-base\"\n\t\t\t\n\t\t>\n<div class=\"siteorigin-widget-tinymce textwidget\">\n\t<div class=\"accordion-component\">\n<div class=\"item\">\n<div class=\"header\">\n<div class=\"title\">Beschreibung Bio bora Reborn 360g\/30 Portionen<\/div>\n<\/div>\n<div class=\"body\">\n<div class=\"content\">\n<p>Werden Sie jeden Tag <strong>wiedergeboren<\/strong> und nutzen Sie Ihr <strong>volles Potenzial<\/strong>. Bio bora Reborn ist ein Nahrungserg\u00e4nzungsmittel, das Ihnen dabei hilft. Die einzigartige Mischung von Inhaltsstoffen in <strong>100% Bio-<\/strong> Qualit\u00e4t enth\u00e4lt <strong>Vitamine, Mineralstoffe, Aminos\u00e4uren <\/strong>und anderen wertvollen Pigmenten wie <a href=\"https:\/\/www.medicalnewstoday.com\/articles\/322361\">Chlorophyll<\/a>. Sie haben mehrere positive Wirkungen, um Ihre Gesundheit zu f\u00f6rdern. Eisen tr\u00e4gt zur normalen <strong>kognitiven Funktion<\/strong>, zur <strong>Verringerung von M\u00fcdigkeit<\/strong>, zur normalen <strong>Funktion des Immunsystems<\/strong> und zum normalen<strong> Energiestoffwechsel<\/strong> bei. Mangan unterst\u00fctzt den <strong>Schutz der Zellen vor oxidativem Stress<\/strong>. Wenn Sie eine <strong>reichhaltige Quelle f\u00fcr <\/strong><a href=\"https:\/\/www.healthline.com\/nutrition\/22-high-fiber-foods#What-is-fiber?\"><strong>Ballaststoffen<\/strong><\/a> suchen, k\u00f6nnte dieses gr\u00fcne Elixier eine gute Wahl f\u00fcr Sie sein.<\/p>\n<p>Bio bora Reborn wird auch von jedem gesch\u00e4tzt, der einen aktiven Lebensstil f\u00fchrt. Wenn Sie von Ihrem K\u00f6rper eine sportliche Leistung verlangen, belohnen Sie ihn mit einer Dosis dieses gr\u00fcnen Stimulators. Es enth\u00e4lt eine hohe Menge an Protein, das das <strong>Wachstum<\/strong> und die <strong>Aufrechterhaltung der Muskelmasse unterst\u00fctzt<\/strong>.<\/p>\n<p>Die Zusammensetzung von Bio bora Reborn wurde in Zusammenarbeit mit Ern\u00e4hrungsspezialisten sorgf\u00e4ltig erarbeitet, damit Sie die <strong>notwendigen N\u00e4hrstoffe<\/strong> in der optimalen Menge innerhalb einer <strong>Tagesdosis von 12 g <\/strong>erhalten. Verlassen Sie sich auf die <strong>maximale Wirkung<\/strong> dieses Produkts!<\/p>\n<p>&nbsp;<\/p>\n<\/div>\n<\/div>\n<\/div>\n<div class=\"item\">\n<div class=\"header\">\n<div class=\"title\">Beschreibung Bio bora Relish 300g\/30 Portionen<\/div>\n<\/div>\n<div class=\"body\">\n<div class=\"content\">\n<div class=\"siteorigin-widget-tinymce textwidget\">\n<p>Bio bora Relish ist eine <strong>Kakao-Delikatesse<\/strong>, die man <strong>ohne Reue <\/strong>genie\u00dfen kann. Es ist ein Beweis daf\u00fcr, dass sich Attribute wie \u201egesund\u201c und \u201elecker\u201c nicht gegenseitig ausschlie\u00dfen. G\u00f6nnen Sie sich eine Mischung aus Aromen von n\u00fctzlichem Kakao, nahrhafter Quinoa, s\u00fc\u00dfem Yacon, exotischem Maca und Camu Camu. Der einzigartige Mix von synergistisch abgestimmten Zutaten in <strong>100% Bio-Qualit\u00e4t<\/strong> ist eine nat\u00fcrliche Quelle f\u00fcr<strong> Vitamin C, Mineralstoffe <\/strong>und ist <strong>reich an Ballaststoffe. <\/strong><\/p>\n<p><strong>Nat\u00fcrlich sch\u00f6ne Haut<\/strong> und <strong>Haare<\/strong> m\u00fcssen nicht unerreichbar sein. Bio bora Relish enth\u00e4lt mehrere Komponenten, die sich positiv auf ihren Zustand auswirken. Es geht vor allem um Vitamin C und Kupfer. W\u00e4hrend Kupfer zur <strong>Pigmentierung<\/strong> von <strong>Haaren<\/strong> und <strong>Haut<\/strong> beitr\u00e4gt, f\u00f6rdert Vitamin C wiederum die <strong>Produktion von Kollagen<\/strong>, das f\u00fcr eine normale Hautfunktion wichtig ist. Aber die Vorteile dieser Mikron\u00e4hrstoffe enden nicht bei Haaren oder Haut. Sie tragen auch zur normalen Funktion des<strong> Immunsystems, <\/strong>zum normalen<strong> Energiestoffwechsel<\/strong> und zum <strong>Schutz der Zellen vor oxidativem Stress<\/strong> bei.\u00a0 Dank Vitamin C k\u00f6nnen Sie sich auch an schwierigen Tagen <strong>fit f\u00fchlen<\/strong>, weil es die Verringerung von M\u00fcdigkeit unterst\u00fctzt.<\/p>\n<p>Wir glauben, dass Bio bora Relish f\u00fcr einen <strong>n\u00e4hrstoffreichen Inhalt<\/strong> ohne Kompromisse bei einem <strong>hervorragenden Geschmack<\/strong> ein unersetzliches Erg\u00e4nzungsmittel Ihrer abwechslungsreichen und ausgewogenen Ern\u00e4hrung darstellt und Ihren gesunden Lebensstil unterst\u00fctzt!<\/p>\n<\/div>\n<\/div>\n<\/div>\n<\/div>\n<\/div>\n<\/div>\n<\/div><\/div><\/div><\/div><\/div>","protected":false},"excerpt":{"rendered":"<p>Die pflegende Zusammensetzung des<strong> Bio Bora Nourish Power<\/strong>-Pakets aus <a href=\"https:\/\/www.boratree.organic\/produkt\/bio-bora-reborn-360-g\/\"><strong>Bio bora Reborn<\/strong><\/a> und <a href=\"https:\/\/www.boratree.organic\/produkt\/bio-bora-relish-300-g\/\"><strong>Bio Bora Relish<\/strong><\/a> wird Sie von innen und au\u00dfen f\u00f6rdern.<\/p>\n<ul>\n<li style=\"font-weight: 400\"><span style=\"font-weight: 400\">Bio bora Reborn ist eine nat\u00fcrliche Quelle f\u00fcr Chlorophyll, Vitamin B12, Eisen und Mangan<\/span><\/li>\n<li style=\"font-weight: 400\"><span style=\"font-weight: 400\">Bio bora Relish ist eine nat\u00fcrliche Quelle f\u00fcr Vitamin C, Kupfer und Chrom<\/span><\/li>\n<li style=\"font-weight: 400\"><span style=\"font-weight: 400\">Dank Bio bora Reborn sind auch Aminos\u00e4uren und hoher Proteingehalt dabei<\/span><\/li>\n<li style=\"font-weight: 400\"><span style=\"font-weight: 400\">Bio bora Relish ist eine Kakaodelikatesse reich an <\/span><span style=\"font-weight: 400\">Ballaststoffe<\/span><\/li>\n<li style=\"font-weight: 400\"><span style=\"font-weight: 400\">Besteht aus rein pflanzlichen Inhaltsstoffen in 100% BIO-Qualit\u00e4t ohne GVO, k\u00fcnstliche S\u00fc\u00dfstoffe, k\u00fcnstliche Aromen und Konservierungsstoffe<\/span><span style=\"font-weight: 400\">\u00a0<\/span><\/li>\n<\/ul>\n<p><img decoding=\"async\" loading=\"lazy\" class=\"alignnone wp-image-892\" src=\"https:\/\/www.boratree.organic\/wp-content\/uploads\/2020\/08\/Screenshot-2020-10-14-at-13.03.27.jpg\" alt=\"\" width=\"56\" height=\"37\" \/><\/p>\n","protected":false},"featured_media":3457,"comment_status":"open","ping_status":"closed","template":"","meta":[],"product_cat":[98,99,100,101,102,103],"product_tag":[],"acf":[],"yoast_head":"<!-- This site is optimized with the Yoast SEO plugin v20.0 - https:\/\/yoast.com\/wordpress\/plugins\/seo\/ -->\n<title>Bio bora Nourish Power - BoraTree<\/title>\n<meta name=\"robots\" content=\"index, follow, max-snippet:-1, max-image-preview:large, max-video-preview:-1\" \/>\n<link rel=\"canonical\" href=\"https:\/\/www.boratree.organic\/de\/produkt\/bio-bora-nourish-power\/\" \/>\n<meta property=\"og:locale\" content=\"de_DE\" \/>\n<meta property=\"og:type\" content=\"article\" \/>\n<meta property=\"og:title\" content=\"Bio bora Nourish Power - BoraTree\" \/>\n<meta property=\"og:description\" content=\"Die pflegende Zusammensetzung des Bio Bora Nourish Power-Pakets aus Bio bora Reborn und Bio Bora Relish wird Sie von innen und au\u00dfen f\u00f6rdern.   Bio bora Reborn ist eine nat\u00fcrliche Quelle f\u00fcr Chlorophyll, Vitamin B12, Eisen und Mangan  Bio bora Relish ist eine nat\u00fcrliche Quelle f\u00fcr Vitamin C, Kupfer und Chrom  Dank Bio bora Reborn sind auch Aminos\u00e4uren und hoher Proteingehalt dabei  Bio bora Relish ist eine Kakaodelikatesse reich an Ballaststoffe  Besteht aus rein pflanzlichen Inhaltsstoffen in 100% BIO-Qualit\u00e4t ohne GVO, k\u00fcnstliche S\u00fc\u00dfstoffe, k\u00fcnstliche Aromen und Konservierungsstoffe\u00a0\" \/>\n<meta property=\"og:url\" content=\"https:\/\/www.boratree.organic\/de\/produkt\/bio-bora-nourish-power\/\" \/>\n<meta property=\"og:site_name\" content=\"BoraTree\" \/>\n<meta property=\"article:modified_time\" content=\"2022-12-05T14:09:16+00:00\" \/>\n<meta property=\"og:image\" content=\"https:\/\/www.boratree.organic\/wp-content\/uploads\/2020\/07\/reborn-relish.png\" \/>\n\t<meta property=\"og:image:width\" content=\"1300\" \/>\n\t<meta property=\"og:image:height\" content=\"1300\" \/>\n\t<meta property=\"og:image:type\" content=\"image\/png\" \/>\n<meta name=\"twitter:card\" content=\"summary_large_image\" \/>\n<meta name=\"twitter:label1\" content=\"Gesch\u00e4tzte Lesezeit\" \/>\n\t<meta name=\"twitter:data1\" content=\"3\u00a0Minuten\" \/>\n<script type=\"application\/ld+json\" class=\"yoast-schema-graph\">{\"@context\":\"https:\/\/schema.org\",\"@graph\":[{\"@type\":\"WebPage\",\"@id\":\"https:\/\/www.boratree.organic\/de\/produkt\/bio-bora-nourish-power\/\",\"url\":\"https:\/\/www.boratree.organic\/de\/produkt\/bio-bora-nourish-power\/\",\"name\":\"Bio bora Nourish Power - BoraTree\",\"isPartOf\":{\"@id\":\"https:\/\/www.boratree.organic\/de\/#website\"},\"datePublished\":\"2020-09-25T12:10:44+00:00\",\"dateModified\":\"2022-12-05T14:09:16+00:00\",\"breadcrumb\":{\"@id\":\"https:\/\/www.boratree.organic\/de\/produkt\/bio-bora-nourish-power\/#breadcrumb\"},\"inLanguage\":\"de\",\"potentialAction\":[{\"@type\":\"ReadAction\",\"target\":[\"https:\/\/www.boratree.organic\/de\/produkt\/bio-bora-nourish-power\/\"]}]},{\"@type\":\"BreadcrumbList\",\"@id\":\"https:\/\/www.boratree.organic\/de\/produkt\/bio-bora-nourish-power\/#breadcrumb\",\"itemListElement\":[{\"@type\":\"ListItem\",\"position\":1,\"name\":\"Home\",\"item\":\"https:\/\/www.boratree.organic\/de\/\"},{\"@type\":\"ListItem\",\"position\":2,\"name\":\"Shop\",\"item\":\"https:\/\/www.boratree.organic\/de\/shop\/\"},{\"@type\":\"ListItem\",\"position\":3,\"name\":\"Bio bora Nourish Power\"}]},{\"@type\":\"WebSite\",\"@id\":\"https:\/\/www.boratree.organic\/de\/#website\",\"url\":\"https:\/\/www.boratree.organic\/de\/\",\"name\":\"BoraTree\",\"description\":\"\",\"potentialAction\":[{\"@type\":\"SearchAction\",\"target\":{\"@type\":\"EntryPoint\",\"urlTemplate\":\"https:\/\/www.boratree.organic\/de\/?s={search_term_string}\"},\"query-input\":\"required name=search_term_string\"}],\"inLanguage\":\"de\"}]}<\/script>\n<!-- \/ Yoast SEO plugin. -->","yoast_head_json":{"title":"Bio bora Nourish Power - BoraTree","robots":{"index":"index","follow":"follow","max-snippet":"max-snippet:-1","max-image-preview":"max-image-preview:large","max-video-preview":"max-video-preview:-1"},"canonical":"https:\/\/www.boratree.organic\/de\/produkt\/bio-bora-nourish-power\/","og_locale":"de_DE","og_type":"article","og_title":"Bio bora Nourish Power - BoraTree","og_description":"Die pflegende Zusammensetzung des Bio Bora Nourish Power-Pakets aus Bio bora Reborn und Bio Bora Relish wird Sie von innen und au\u00dfen f\u00f6rdern.   Bio bora Reborn ist eine nat\u00fcrliche Quelle f\u00fcr Chlorophyll, Vitamin B12, Eisen und Mangan  Bio bora Relish ist eine nat\u00fcrliche Quelle f\u00fcr Vitamin C, Kupfer und Chrom  Dank Bio bora Reborn sind auch Aminos\u00e4uren und hoher Proteingehalt dabei  Bio bora Relish ist eine Kakaodelikatesse reich an Ballaststoffe  Besteht aus rein pflanzlichen Inhaltsstoffen in 100% BIO-Qualit\u00e4t ohne GVO, k\u00fcnstliche S\u00fc\u00dfstoffe, k\u00fcnstliche Aromen und Konservierungsstoffe\u00a0","og_url":"https:\/\/www.boratree.organic\/de\/produkt\/bio-bora-nourish-power\/","og_site_name":"BoraTree","article_modified_time":"2022-12-05T14:09:16+00:00","og_image":[{"width":1300,"height":1300,"url":"https:\/\/www.boratree.organic\/wp-content\/uploads\/2020\/07\/reborn-relish.png","type":"image\/png"}],"twitter_card":"summary_large_image","twitter_misc":{"Gesch\u00e4tzte Lesezeit":"3\u00a0Minuten"},"schema":{"@context":"https:\/\/schema.org","@graph":[{"@type":"WebPage","@id":"https:\/\/www.boratree.organic\/de\/produkt\/bio-bora-nourish-power\/","url":"https:\/\/www.boratree.organic\/de\/produkt\/bio-bora-nourish-power\/","name":"Bio bora Nourish Power - BoraTree","isPartOf":{"@id":"https:\/\/www.boratree.organic\/de\/#website"},"datePublished":"2020-09-25T12:10:44+00:00","dateModified":"2022-12-05T14:09:16+00:00","breadcrumb":{"@id":"https:\/\/www.boratree.organic\/de\/produkt\/bio-bora-nourish-power\/#breadcrumb"},"inLanguage":"de","potentialAction":[{"@type":"ReadAction","target":["https:\/\/www.boratree.organic\/de\/produkt\/bio-bora-nourish-power\/"]}]},{"@type":"BreadcrumbList","@id":"https:\/\/www.boratree.organic\/de\/produkt\/bio-bora-nourish-power\/#breadcrumb","itemListElement":[{"@type":"ListItem","position":1,"name":"Home","item":"https:\/\/www.boratree.organic\/de\/"},{"@type":"ListItem","position":2,"name":"Shop","item":"https:\/\/www.boratree.organic\/de\/shop\/"},{"@type":"ListItem","position":3,"name":"Bio bora Nourish Power"}]},{"@type":"WebSite","@id":"https:\/\/www.boratree.organic\/de\/#website","url":"https:\/\/www.boratree.organic\/de\/","name":"BoraTree","description":"","potentialAction":[{"@type":"SearchAction","target":{"@type":"EntryPoint","urlTemplate":"https:\/\/www.boratree.organic\/de\/?s={search_term_string}"},"query-input":"required name=search_term_string"}],"inLanguage":"de"}]}},"_links":{"self":[{"href":"https:\/\/www.boratree.organic\/de\/wp-json\/wp\/v2\/product\/2259"}],"collection":[{"href":"https:\/\/www.boratree.organic\/de\/wp-json\/wp\/v2\/product"}],"about":[{"href":"https:\/\/www.boratree.organic\/de\/wp-json\/wp\/v2\/types\/product"}],"replies":[{"embeddable":true,"href":"https:\/\/www.boratree.organic\/de\/wp-json\/wp\/v2\/comments?post=2259"}],"wp:featuredmedia":[{"embeddable":true,"href":"https:\/\/www.boratree.organic\/de\/wp-json\/wp\/v2\/media\/3457"}],"wp:attachment":[{"href":"https:\/\/www.boratree.organic\/de\/wp-json\/wp\/v2\/media?parent=2259"}],"wp:term":[{"taxonomy":"product_cat","embeddable":true,"href":"https:\/\/www.boratree.organic\/de\/wp-json\/wp\/v2\/product_cat?post=2259"},{"taxonomy":"product_tag","embeddable":true,"href":"https:\/\/www.boratree.organic\/de\/wp-json\/wp\/v2\/product_tag?post=2259"}],"curies":[{"name":"wp","href":"https:\/\/api.w.org\/{rel}","templated":true}]}}