{"id":2266,"date":"2022-10-23T14:26:40","date_gmt":"2020-09-25T12:26:40","guid":{"rendered":"https:\/\/www.boratree.organic\/produkt\/bio-bora-organic-force\/"},"modified":"2022-12-05T15:09:15","modified_gmt":"2022-12-05T14:09:15","slug":"bio-bora-organic-force","status":"publish","type":"product","link":"https:\/\/www.boratree.organic\/de\/produkt\/bio-bora-organic-force\/","title":{"rendered":"Bio bora Organic Force"},"content":{"rendered":"<div id=\"pl-2266\"  class=\"panel-layout\" ><div id=\"pg-2266-0\"  class=\"panel-grid panel-no-style\" ><div id=\"pgc-2266-0-0\"  class=\"panel-grid-cell\" ><div id=\"panel-2266-0-0-0\" class=\"so-panel widget widget_sow-editor panel-first-child panel-last-child\" data-index=\"0\" ><div\n\t\t\t\n\t\t\tclass=\"so-widget-sow-editor so-widget-sow-editor-base\"\n\t\t\t\n\t\t>\n<div class=\"siteorigin-widget-tinymce textwidget\">\n\t<p>Die Kombination von\u00a0<strong>Bio Bora Recover protein<\/strong>\u00a0und\u00a0<strong>Bio bora Relish<\/strong>\u00a0schafft eine synergistische Mischung, die sicherlich von <strong>Enthusiasten eines aktiven Lebensstils<\/strong> gesch\u00e4tzt wird. Erbsen-, Hanf- und Reisprotein in der Bio bora Recover protein-Mischung unterst\u00fctzen<strong> das Wachstum<\/strong> und <strong>die Aufrechterhaltung der Muskelmasse<\/strong>. In Bio bora Relish hingegen spielen Mineralstoffe und Vitamin C eine wichtige Rolle. Vitamin C tr\u00e4gt zur <strong>Verringerung von M\u00fcdigkeit, <\/strong>zum <strong>normalen Energiestoffwechsel <\/strong>und zur normalen Funktion <strong>des Immunsystems<\/strong> bei. Dieser in beiden Produkten enthaltene Mikron\u00e4hrstoff wirkt als <strong>Antioxidans<\/strong>, weil er den Schutz der Zellen vor oxidativem Stress f\u00f6rdert. Der n\u00e4hrstoffreiche Inhalt des Pakets wird vom Geschmack von Lucuma und Yacon unterstreicht. Diese Fr\u00fcchte s\u00fcdamerikanischer B\u00e4ume zeichnen sich durch einen\u00a0<strong>s\u00fc\u00dfen Geschmack<\/strong>\u00a0und gesundheitsf\u00f6rdernde Substanzen aus.\u00a0<strong>Bio bora Organic Force<\/strong>\u00a0ist eine ideale Erg\u00e4nzung zu verschiedenen Di\u00e4ten, anspruchsvollen Trainings und Wochentagen, wenn Sie Ihrem K\u00f6rper etwas Besonderes geben m\u00f6chten.<\/p>\n<\/div>\n<\/div><\/div><\/div><\/div><div id=\"pg-2266-1\"  class=\"panel-grid panel-no-style\" ><div id=\"pgc-2266-1-0\"  class=\"panel-grid-cell\" ><div id=\"panel-2266-1-0-0\" class=\"so-panel widget widget_sow-editor panel-first-child panel-last-child\" data-index=\"1\" ><div\n\t\t\t\n\t\t\tclass=\"so-widget-sow-editor so-widget-sow-editor-base\"\n\t\t\t\n\t\t>\n<div class=\"siteorigin-widget-tinymce textwidget\">\n\t<div class=\"content-side-pad\">\n<div class=\"accordion-component\">\n<div class=\"item\">\n<div class=\"header\">\n<div class=\"title\">Beschreibung Bio bora Recover protein 440g \/ 22 Portionen<\/div>\n<\/div>\n<div class=\"body\">\n<p>Bio bora Recover protein ist eine einzigartige Mischung zur Unterst\u00fctzung der <strong>Regeneration des K\u00f6rpers<\/strong> nach einem anstrengenden Training, einer Yoga-Lektion oder einem langen Arbeitstag. Der Komplex sorgf\u00e4ltig ausgew\u00e4hlter Inhaltsstoffe in <strong>100% Bio-<\/strong>Qualit\u00e4t arbeitet in <strong>perfekter Synergie zusammen<\/strong>. Egal, ob Sie an einem gesunden Lebensstil interessiert sind oder sich nur einen nahrhaften Snack g\u00f6nnen m\u00f6chten, mit Bio bora Recover protein geben Sie Ihrem K\u00f6rper genau das, was er braucht.<\/p>\n<p>Die Mischung basiert auf einer Kombination von Erbsen-, Hanf- und Reisproteinen, die die <strong>Quelle<\/strong> <strong>aller 9 essentiellen Aminos\u00e4uren sind<\/strong> \u2013 sie erg\u00e4nzen sich gegenseitig und unterst\u00fctzen die effizienteste <strong>Aufnahme von Proteinen<\/strong> in den K\u00f6rper. Eine angemessene Proteindosis in diesem Erg\u00e4nzungsmittel tr\u00e4gt zum <strong>Wachstum<\/strong> und zur <strong>Aufrechterhaltung der Muskelmasse bei<\/strong>.<\/p>\n<p>Bei der Entwicklung dieses Produkts haben wir mit Ern\u00e4hrungsspezialisten zusammengearbeitet, um weitere wichtige N\u00e4hrstoffe hinzuzuf\u00fcgen, die diese Mischung einzigartig machen. Bio bora Recover protein ist mit junger Gerste und Spirulina angereichert \u2013 zwei gr\u00fcnen Superfoods, die als ausgezeichnete <strong>Quelle f\u00fcr Antioxidantien<\/strong> und <strong>Chlorophyll <\/strong>bekannt sind. Die gesamte Antioxidantsmischung wird durch Ingwer erg\u00e4nzt, der f\u00fcr seine <strong>entz\u00fcndungshemmenden Eigenschaften <\/strong>bekannt ist. Die erforderliche <strong>Dosis an N\u00e4hrstoffen<\/strong> aus der Mischung wird durch eine Kombination aus tropischen Fr\u00fcchten Camu Camu und Acerola geliefert. Schlie\u00dflich wird alles durch Lucuma abgeschmeckt, die hinter dem <strong>k\u00f6stlich s\u00fc\u00dfen Geschmack <\/strong>der Mischung steckt.<\/p>\n<p>Bio bora Recover protein ist eine reichhaltige <strong>nat\u00fcrliche Quelle f\u00fcr Vitamin C<\/strong>, das zur normalen Funktion des Immunsystems und zum Schutz der Zellen vor oxidativem Stress beitr\u00e4gt. Alle Zutaten sind pflanzlichen Ursprungs und diese synergistische Mischung ist daher auch f\u00fcr <strong>Veganer<\/strong> <strong>geeignet<\/strong>.<\/p>\n<p style=\"margin: 0cm;text-align: justify\">\n<\/div>\n<\/div>\n<div class=\"item\">\n<div class=\"header\">\n<div class=\"title\">Beschreibung Bio bora Relish 300g \/ 30 Portionen<\/div>\n<\/div>\n<div class=\"body\">\n<p>Bio bora Relish ist eine <strong>Kakao-Delikatesse<\/strong>, die man <strong>ohne Reue <\/strong>genie\u00dfen kann. Es ist ein Beweis daf\u00fcr, dass sich Attribute wie \u201egesund\u201c und \u201elecker\u201c nicht gegenseitig ausschlie\u00dfen. G\u00f6nnen Sie sich eine Mischung aus Aromen von n\u00fctzlichem Kakao, nahrhafter Quinoa, s\u00fc\u00dfem Yacon, exotischem Maca und Camu Camu. Der einzigartige Mix von synergistisch abgestimmten Zutaten in <strong>100% Bio-Qualit\u00e4t<\/strong> ist eine nat\u00fcrliche Quelle f\u00fcr<strong> Vitamin C, Mineralstoffe <\/strong>und ist <strong>reich an Ballaststoffe. <\/strong><\/p>\n<p><strong>Nat\u00fcrlich sch\u00f6ne Haut<\/strong> und <strong>Haare<\/strong> m\u00fcssen nicht unerreichbar sein. Bio bora Relish enth\u00e4lt mehrere Komponenten, die sich positiv auf ihren Zustand auswirken. Es geht vor allem um Vitamin C und Kupfer. W\u00e4hrend Kupfer zur <strong>Pigmentierung<\/strong> von <strong>Haaren<\/strong> und <strong>Haut<\/strong> beitr\u00e4gt, f\u00f6rdert Vitamin C wiederum die <strong>Produktion von Kollagen<\/strong>, das f\u00fcr eine normale Hautfunktion wichtig ist. Aber die Vorteile dieser Mikron\u00e4hrstoffe enden nicht bei Haaren oder Haut. Sie tragen auch zur normalen Funktion des<strong> Immunsystems, <\/strong>zum normalen<strong> Energiestoffwechsel<\/strong> und zum <strong>Schutz der Zellen vor oxidativem Stress<\/strong> bei.\u00a0 Dank Vitamin C k\u00f6nnen Sie sich auch an schwierigen Tagen <strong>fit f\u00fchlen<\/strong>, weil es die Verringerung von M\u00fcdigkeit unterst\u00fctzt.<\/p>\n<p>Wir glauben, dass Bio bora Relish f\u00fcr einen <strong>n\u00e4hrstoffreichen Inhalt<\/strong> ohne Kompromisse bei einem <strong>hervorragenden Geschmack<\/strong> ein unersetzliches Erg\u00e4nzungsmittel Ihrer abwechslungsreichen und ausgewogenen Ern\u00e4hrung darstellt und Ihren gesunden Lebensstil unterst\u00fctzt!<\/p>\n<\/div>\n<\/div>\n<\/div>\n<\/div>\n<\/div>\n<\/div><\/div><\/div><\/div><\/div>","protected":false},"excerpt":{"rendered":"<p>Das\u00a0<strong>Bio bora Organic Force-<\/strong>Paket bestehend aus\u00a0<a href=\"https:\/\/www.boratree.organic\/produkt\/bio-bora-recover-440-g\/\"><strong>Bio bora Recover protein<\/strong><\/a>\u00a0und\u00a0<a href=\"https:\/\/www.boratree.organic\/produkt\/bio-bora-relish-300-g\/\"><strong>Bio bora Relish<\/strong><\/a>\u00a0ist voll von pflanzlichen Proteinen, Aminos\u00e4uren, Antioxidantien und Mineralstoffe. Es wird von allen Enthusiasten eines aktiven Lebensstils gesch\u00e4tzt.<\/p>\n<ul>\n<li style=\"font-weight: 400\"><span style=\"font-weight: 400\">Hoher Proteingehalt in Bio bora Recover protein tr\u00e4gt zum Wachstum und zur Aufrechterhaltung der Muskelmasse bei<\/span><\/li>\n<li style=\"font-weight: 400\"><span style=\"font-weight: 400\">Bio bora Relish enth\u00e4lt Vitamin C, Kupfer, Chrom\u00a0\u00a0<\/span><\/li>\n<li style=\"font-weight: 400\"><span style=\"font-weight: 400\">Bio bora Recover protein ist eine nat\u00fcrliche Quelle f\u00fcr essentielle Aminos\u00e4uren, Vitamin C, Eisen und Phosphor<\/span><\/li>\n<li style=\"font-weight: 400\"><span style=\"font-weight: 400\">Bio bora Relish ist eine Kakaodelikatesse reich an Ballaststoffe<\/span><\/li>\n<li style=\"font-weight: 400\"><span style=\"font-weight: 400\">Besteht aus rein pflanzlichen Inhaltsstoffen in 100% BIO-Qualit\u00e4t ohne GVO, k\u00fcnstliche S\u00fc\u00dfstoffe, k\u00fcnstliche Aromen und Konservierungsstoffe <\/span><\/li>\n<\/ul>\n<p><img decoding=\"async\" loading=\"lazy\" class=\"alignnone wp-image-892\" src=\"https:\/\/www.boratree.organic\/wp-content\/uploads\/2020\/08\/Screenshot-2020-10-14-at-13.03.27.jpg\" alt=\"\" width=\"56\" height=\"37\" \/><\/p>\n","protected":false},"featured_media":3437,"comment_status":"open","ping_status":"closed","template":"","meta":[],"product_cat":[98,99,100,101,102,103],"product_tag":[],"acf":[],"yoast_head":"<!-- This site is optimized with the Yoast SEO plugin v20.0 - https:\/\/yoast.com\/wordpress\/plugins\/seo\/ -->\n<title>Bio bora Organic Force - BoraTree<\/title>\n<meta name=\"robots\" content=\"index, follow, max-snippet:-1, max-image-preview:large, max-video-preview:-1\" \/>\n<link rel=\"canonical\" href=\"https:\/\/www.boratree.organic\/de\/produkt\/bio-bora-organic-force\/\" \/>\n<meta property=\"og:locale\" content=\"de_DE\" \/>\n<meta property=\"og:type\" content=\"article\" \/>\n<meta property=\"og:title\" content=\"Bio bora Organic Force - BoraTree\" \/>\n<meta property=\"og:description\" content=\"Das\u00a0Bio bora Organic Force-Paket bestehend aus\u00a0Bio bora Recover protein\u00a0und\u00a0Bio bora Relish\u00a0ist voll von pflanzlichen Proteinen, Aminos\u00e4uren, Antioxidantien und Mineralstoffe. Es wird von allen Enthusiasten eines aktiven Lebensstils gesch\u00e4tzt.   Hoher Proteingehalt in Bio bora Recover protein tr\u00e4gt zum Wachstum und zur Aufrechterhaltung der Muskelmasse bei  Bio bora Relish enth\u00e4lt Vitamin C, Kupfer, Chrom\u00a0\u00a0  Bio bora Recover protein ist eine nat\u00fcrliche Quelle f\u00fcr essentielle Aminos\u00e4uren, Vitamin C, Eisen und Phosphor  Bio bora Relish ist eine Kakaodelikatesse reich an Ballaststoffe  Besteht aus rein pflanzlichen Inhaltsstoffen in 100% BIO-Qualit\u00e4t ohne GVO, k\u00fcnstliche S\u00fc\u00dfstoffe, k\u00fcnstliche Aromen und Konservierungsstoffe\" \/>\n<meta property=\"og:url\" content=\"https:\/\/www.boratree.organic\/de\/produkt\/bio-bora-organic-force\/\" \/>\n<meta property=\"og:site_name\" content=\"BoraTree\" \/>\n<meta property=\"article:modified_time\" content=\"2022-12-05T14:09:15+00:00\" \/>\n<meta property=\"og:image\" content=\"https:\/\/www.boratree.organic\/wp-content\/uploads\/2020\/07\/recover-relish.png\" \/>\n\t<meta property=\"og:image:width\" content=\"2000\" \/>\n\t<meta property=\"og:image:height\" content=\"2000\" \/>\n\t<meta property=\"og:image:type\" content=\"image\/png\" \/>\n<meta name=\"twitter:card\" content=\"summary_large_image\" \/>\n<meta name=\"twitter:label1\" content=\"Gesch\u00e4tzte Lesezeit\" \/>\n\t<meta name=\"twitter:data1\" content=\"3\u00a0Minuten\" \/>\n<script type=\"application\/ld+json\" class=\"yoast-schema-graph\">{\"@context\":\"https:\/\/schema.org\",\"@graph\":[{\"@type\":\"WebPage\",\"@id\":\"https:\/\/www.boratree.organic\/de\/produkt\/bio-bora-organic-force\/\",\"url\":\"https:\/\/www.boratree.organic\/de\/produkt\/bio-bora-organic-force\/\",\"name\":\"Bio bora Organic Force - BoraTree\",\"isPartOf\":{\"@id\":\"https:\/\/www.boratree.organic\/de\/#website\"},\"datePublished\":\"2020-09-25T12:26:40+00:00\",\"dateModified\":\"2022-12-05T14:09:15+00:00\",\"breadcrumb\":{\"@id\":\"https:\/\/www.boratree.organic\/de\/produkt\/bio-bora-organic-force\/#breadcrumb\"},\"inLanguage\":\"de\",\"potentialAction\":[{\"@type\":\"ReadAction\",\"target\":[\"https:\/\/www.boratree.organic\/de\/produkt\/bio-bora-organic-force\/\"]}]},{\"@type\":\"BreadcrumbList\",\"@id\":\"https:\/\/www.boratree.organic\/de\/produkt\/bio-bora-organic-force\/#breadcrumb\",\"itemListElement\":[{\"@type\":\"ListItem\",\"position\":1,\"name\":\"Home\",\"item\":\"https:\/\/www.boratree.organic\/de\/\"},{\"@type\":\"ListItem\",\"position\":2,\"name\":\"Shop\",\"item\":\"https:\/\/www.boratree.organic\/de\/shop\/\"},{\"@type\":\"ListItem\",\"position\":3,\"name\":\"Bio bora Organic Force\"}]},{\"@type\":\"WebSite\",\"@id\":\"https:\/\/www.boratree.organic\/de\/#website\",\"url\":\"https:\/\/www.boratree.organic\/de\/\",\"name\":\"BoraTree\",\"description\":\"\",\"potentialAction\":[{\"@type\":\"SearchAction\",\"target\":{\"@type\":\"EntryPoint\",\"urlTemplate\":\"https:\/\/www.boratree.organic\/de\/?s={search_term_string}\"},\"query-input\":\"required name=search_term_string\"}],\"inLanguage\":\"de\"}]}<\/script>\n<!-- \/ Yoast SEO plugin. -->","yoast_head_json":{"title":"Bio bora Organic Force - BoraTree","robots":{"index":"index","follow":"follow","max-snippet":"max-snippet:-1","max-image-preview":"max-image-preview:large","max-video-preview":"max-video-preview:-1"},"canonical":"https:\/\/www.boratree.organic\/de\/produkt\/bio-bora-organic-force\/","og_locale":"de_DE","og_type":"article","og_title":"Bio bora Organic Force - BoraTree","og_description":"Das\u00a0Bio bora Organic Force-Paket bestehend aus\u00a0Bio bora Recover protein\u00a0und\u00a0Bio bora Relish\u00a0ist voll von pflanzlichen Proteinen, Aminos\u00e4uren, Antioxidantien und Mineralstoffe. Es wird von allen Enthusiasten eines aktiven Lebensstils gesch\u00e4tzt.   Hoher Proteingehalt in Bio bora Recover protein tr\u00e4gt zum Wachstum und zur Aufrechterhaltung der Muskelmasse bei  Bio bora Relish enth\u00e4lt Vitamin C, Kupfer, Chrom\u00a0\u00a0  Bio bora Recover protein ist eine nat\u00fcrliche Quelle f\u00fcr essentielle Aminos\u00e4uren, Vitamin C, Eisen und Phosphor  Bio bora Relish ist eine Kakaodelikatesse reich an Ballaststoffe  Besteht aus rein pflanzlichen Inhaltsstoffen in 100% BIO-Qualit\u00e4t ohne GVO, k\u00fcnstliche S\u00fc\u00dfstoffe, k\u00fcnstliche Aromen und Konservierungsstoffe","og_url":"https:\/\/www.boratree.organic\/de\/produkt\/bio-bora-organic-force\/","og_site_name":"BoraTree","article_modified_time":"2022-12-05T14:09:15+00:00","og_image":[{"width":2000,"height":2000,"url":"https:\/\/www.boratree.organic\/wp-content\/uploads\/2020\/07\/recover-relish.png","type":"image\/png"}],"twitter_card":"summary_large_image","twitter_misc":{"Gesch\u00e4tzte Lesezeit":"3\u00a0Minuten"},"schema":{"@context":"https:\/\/schema.org","@graph":[{"@type":"WebPage","@id":"https:\/\/www.boratree.organic\/de\/produkt\/bio-bora-organic-force\/","url":"https:\/\/www.boratree.organic\/de\/produkt\/bio-bora-organic-force\/","name":"Bio bora Organic Force - BoraTree","isPartOf":{"@id":"https:\/\/www.boratree.organic\/de\/#website"},"datePublished":"2020-09-25T12:26:40+00:00","dateModified":"2022-12-05T14:09:15+00:00","breadcrumb":{"@id":"https:\/\/www.boratree.organic\/de\/produkt\/bio-bora-organic-force\/#breadcrumb"},"inLanguage":"de","potentialAction":[{"@type":"ReadAction","target":["https:\/\/www.boratree.organic\/de\/produkt\/bio-bora-organic-force\/"]}]},{"@type":"BreadcrumbList","@id":"https:\/\/www.boratree.organic\/de\/produkt\/bio-bora-organic-force\/#breadcrumb","itemListElement":[{"@type":"ListItem","position":1,"name":"Home","item":"https:\/\/www.boratree.organic\/de\/"},{"@type":"ListItem","position":2,"name":"Shop","item":"https:\/\/www.boratree.organic\/de\/shop\/"},{"@type":"ListItem","position":3,"name":"Bio bora Organic Force"}]},{"@type":"WebSite","@id":"https:\/\/www.boratree.organic\/de\/#website","url":"https:\/\/www.boratree.organic\/de\/","name":"BoraTree","description":"","potentialAction":[{"@type":"SearchAction","target":{"@type":"EntryPoint","urlTemplate":"https:\/\/www.boratree.organic\/de\/?s={search_term_string}"},"query-input":"required name=search_term_string"}],"inLanguage":"de"}]}},"_links":{"self":[{"href":"https:\/\/www.boratree.organic\/de\/wp-json\/wp\/v2\/product\/2266"}],"collection":[{"href":"https:\/\/www.boratree.organic\/de\/wp-json\/wp\/v2\/product"}],"about":[{"href":"https:\/\/www.boratree.organic\/de\/wp-json\/wp\/v2\/types\/product"}],"replies":[{"embeddable":true,"href":"https:\/\/www.boratree.organic\/de\/wp-json\/wp\/v2\/comments?post=2266"}],"wp:featuredmedia":[{"embeddable":true,"href":"https:\/\/www.boratree.organic\/de\/wp-json\/wp\/v2\/media\/3437"}],"wp:attachment":[{"href":"https:\/\/www.boratree.organic\/de\/wp-json\/wp\/v2\/media?parent=2266"}],"wp:term":[{"taxonomy":"product_cat","embeddable":true,"href":"https:\/\/www.boratree.organic\/de\/wp-json\/wp\/v2\/product_cat?post=2266"},{"taxonomy":"product_tag","embeddable":true,"href":"https:\/\/www.boratree.organic\/de\/wp-json\/wp\/v2\/product_tag?post=2266"}],"curies":[{"name":"wp","href":"https:\/\/api.w.org\/{rel}","templated":true}]}}