{"id":4114,"date":"2022-10-21T12:12:40","date_gmt":"2021-10-25T10:12:51","guid":{"rendered":"https:\/\/www.boratree.organic\/?post_type=product&#038;p=4114"},"modified":"2022-12-05T15:09:16","modified_gmt":"2022-12-05T14:09:16","slug":"bio-bora-sublime-potion","status":"publish","type":"product","link":"https:\/\/www.boratree.organic\/de\/produkt\/bio-bora-sublime-potion\/","title":{"rendered":"Bio bora Sublime Potion"},"content":{"rendered":"<div id=\"pl-4114\"  class=\"panel-layout\" ><div id=\"pg-4114-0\"  class=\"panel-grid panel-no-style\" ><div id=\"pgc-4114-0-0\"  class=\"panel-grid-cell\" ><div id=\"panel-4114-0-0-0\" class=\"so-panel widget widget_sow-editor panel-first-child panel-last-child\" data-index=\"0\" ><div\n\t\t\t\n\t\t\tclass=\"so-widget-sow-editor so-widget-sow-editor-base\"\n\t\t\t\n\t\t>\n<div class=\"siteorigin-widget-tinymce textwidget\">\n\t<p><span style=\"font-weight: 400;\">Dank dieser Produkte wird es Ihnen leicht fallen, sich sch\u00f6n und selbstbewusst zu f\u00fchlen, denn Ihr pers\u00f6nliches Gef\u00fchl und Ihre Stimmung stehen in direktem Zusammenhang mit dem, was Sie Ihrem K\u00f6rper t\u00e4glich zuf\u00fchren. Ein einzigartiges Paar k\u00f6stlicher Superfoods mit Kakao und frischen tropischen Fr\u00fcchten wurde entwickelt, um die Immunit\u00e4t, sch\u00f6nere Haare und Haut zu unterst\u00fctzen. Diese Naturprodukte haben ein optimales N\u00e4hrstoffverh\u00e4ltnis und ihre Zusammensetzung unterst\u00fctzt und erg\u00e4nzt sich gegenseitig, um die effektivsten Ergebnisse zu erzielen. <\/span><\/p>\n<p><span style=\"font-weight: 400;\">G\u00f6nnen Sie sich im Bio bora Refresh t\u00e4glich eine frische und nahrhafte Mischung exotischer Aromen. Der hohe Gehalt an Vitamin C in dieser Mischung unterst\u00fctzt die Immunit\u00e4t, hilft M\u00fcdigkeit zu reduzieren und f\u00f6rdert normale psychische Funktionen. Es tr\u00e4gt auch zur Bildung von Kollagen bei, das f\u00fcr eine normale Hautfunktion wichtig ist. Bio bora Relish hat den Geschmack von wohltuendem Kakao. Seine Zutaten wie nahrhafter Quinoa, s\u00fc\u00dfer Yac\u00f3n oder Camu Camu bereiten Ihren K\u00f6rper auf jeden normalen und anspruchsvollen Tag vor. Maca unterst\u00fctzt eine gesunde k\u00f6rperliche und geistige Verfassung sowie Vitalit\u00e4t. Auch Kupfer ist ein wichtiges Element, das zur Haar- und Hautpigmentierung beitr\u00e4gt.<\/span><\/p>\n<p>&nbsp;<\/p>\n<\/div>\n<\/div><\/div><\/div><\/div><div id=\"pg-4114-1\"  class=\"panel-grid panel-no-style\" ><div id=\"pgc-4114-1-0\"  class=\"panel-grid-cell\" ><div id=\"panel-4114-1-0-0\" class=\"so-panel widget widget_sow-editor panel-first-child panel-last-child\" data-index=\"1\" ><div\n\t\t\t\n\t\t\tclass=\"so-widget-sow-editor so-widget-sow-editor-base\"\n\t\t\t\n\t\t>\n<div class=\"siteorigin-widget-tinymce textwidget\">\n\t<div class=\"accordion-component\">\n<div class=\"item\">\n<div class=\"header\">\n<div class=\"title\">Beschreibung Bio bora Relish 300g\/30 Portionen<\/div>\n<\/div>\n<div class=\"body\">\n<div class=\"content\">\n<p>Bio bora Relish ist eine <strong>Kakao-Delikatesse<\/strong>, die man <strong>ohne Reue <\/strong>genie\u00dfen kann. Es ist ein Beweis daf\u00fcr, dass sich Attribute wie \u201egesund\u201c und \u201elecker\u201c nicht gegenseitig ausschlie\u00dfen. G\u00f6nnen Sie sich eine Mischung aus Aromen von n\u00fctzlichem Kakao, nahrhafter Quinoa, s\u00fc\u00dfem Yacon, exotischem Maca und Camu Camu. Der einzigartige Mix von synergistisch abgestimmten Zutaten in <strong>100% Bio-Qualit\u00e4t<\/strong> ist eine nat\u00fcrliche Quelle f\u00fcr<strong> Vitamin C, Mineralstoffe <\/strong>und ist <strong>reich an Ballaststoffe. <\/strong><\/p>\n<p><strong>Nat\u00fcrlich sch\u00f6ne Haut<\/strong> und <strong>Haare<\/strong> m\u00fcssen nicht unerreichbar sein. Bio bora Relish enth\u00e4lt mehrere Komponenten, die sich positiv auf ihren Zustand auswirken. Es geht vor allem um Vitamin C und Kupfer. W\u00e4hrend Kupfer zur <strong>Pigmentierung<\/strong> von <strong>Haaren<\/strong> und <strong>Haut<\/strong> beitr\u00e4gt, f\u00f6rdert Vitamin C wiederum die <strong>Produktion von Kollagen<\/strong>, das f\u00fcr eine normale Hautfunktion wichtig ist. Aber die Vorteile dieser Mikron\u00e4hrstoffe enden nicht bei Haaren oder Haut. Sie tragen auch zur normalen Funktion des<strong> Immunsystems, <\/strong>zum normalen<strong> Energiestoffwechsel<\/strong> und zum <strong>Schutz der Zellen vor oxidativem Stress<\/strong> bei.\u00a0 Dank Vitamin C k\u00f6nnen Sie sich auch an schwierigen Tagen <strong>fit f\u00fchlen<\/strong>, weil es die Verringerung von M\u00fcdigkeit unterst\u00fctzt.<\/p>\n<p>Wir glauben, dass Bio bora Relish f\u00fcr einen <strong>n\u00e4hrstoffreichen Inhalt<\/strong> ohne Kompromisse bei einem <strong>hervorragenden Geschmack<\/strong> ein unersetzliches Erg\u00e4nzungsmittel Ihrer abwechslungsreichen und ausgewogenen Ern\u00e4hrung darstellt und Ihren gesunden Lebensstil unterst\u00fctzt!<\/p>\n<\/div>\n<\/div>\n<\/div>\n<div class=\"item\">\n<div class=\"header\">\n<div class=\"title\">Beschreibung Bio bora Refresh 300g\/30 Portionen<\/div>\n<\/div>\n<div class=\"body\">\n<div class=\"content\">\n<p>Bio bora Refresh wird einfach zu Ihrer <strong>t\u00e4glichen Dosis exotischer Fr\u00fcchte<\/strong>. Es ist eine reichhaltige nat\u00fcrliche Quelle f\u00fcr Ballaststoffe und Vitamin C. Wir haben die Inhaltsstoffe dieses Produkts in der ganzen Welt gesammelt. Wir haben die Orte ausgew\u00e4hlt, an denen die einzelnen Fr\u00fcchte am besten gedeihen. Sie k\u00f6nnen sich daher auf die <strong>100% Bio-Qualit\u00e4t<\/strong>\u00a0und <strong>N\u00e4hrwert <\/strong>verlassen. G\u00f6nnen Sie sich eine <strong>frische Mischung aus exotischen Aromen <\/strong>von leicht saurem Maqui, Zitrusnoten des Baobabs angereichert mit k\u00f6stlich s\u00fc\u00dfem Lucuma, sanft akzentuiert durch Bananen.<\/p>\n<p>Wir haben Bio bora Refresh gezielt mit Maqui und Acai erg\u00e4nzt, um unter anderem einen hohen <a href=\"https:\/\/www.scientificamerican.com\/article\/what-are-orac-values\/\">ORAC<\/a>-Wert zu erzielen. Dieser Wert dr\u00fcckt die <strong>antioxidative F\u00e4higkeit <\/strong>von Lebensmitteln aus, freie Radikale zu bek\u00e4mpfen. Den <strong>Schutz der Zellen vor oxidativem Stress<\/strong> unterst\u00fctzt auch Vitamin C. Hohe Mengen dieses Mikron\u00e4hrstoffs tragen zus\u00e4tzlich zur <strong>Kollagenbildung<\/strong>, normalen Funktion des <strong>Immunsystems<\/strong>, des <strong>Nervensystems<\/strong> und zum normalen <strong>Energie<\/strong><strong>st<\/strong><strong>offwechsel<\/strong> bei.<\/p>\n<p>Wir haben Bio bora Refresh in Zusammenarbeit mit Ern\u00e4hrungsexperten zusammengestellt, damit sich die einzelnen Komponenten gegenseitig unterst\u00fctzen und ihre <strong>Wirkstoffe<\/strong> f\u00fcr den K\u00f6rper <strong>einfach zu verwenden sind<\/strong>. Bio bora Refresh ist einfach eine <strong>leckere<\/strong> und <strong>nahrhafte Bombe<\/strong> f\u00fcr jeden Tag!<\/p>\n<\/div>\n<\/div>\n<\/div>\n<\/div>\n<\/div>\n<\/div><\/div><\/div><\/div><\/div>","protected":false},"excerpt":{"rendered":"<p><span style=\"font-weight: 400;\">Bio bora Sublime Potion, ein Paket bestehend aus <\/span><a href=\"https:\/\/www.boratree.organic\/de\/produkt\/bio-bora-relish\/\"><span style=\"font-weight: 400;\">Bio bora Relish<\/span><\/a><span style=\"font-weight: 400;\"> und <\/span><a href=\"https:\/\/www.boratree.organic\/de\/produkt\/bio-bora-refresh\/\"><span style=\"font-weight: 400;\">Bio bora Refresh<\/span><\/a><span style=\"font-weight: 400;\">, ist voller essentieller N\u00e4hrstoffe f\u00fcr die Pflege von Haar und Haut, unterst\u00fctzt die Immunit\u00e4t und Tage voller Wohlbefinden in einem gesunden Lebensstil<\/span><span style=\"font-weight: 400;\">.<\/span><\/p>\n<ul>\n<li style=\"font-weight: 400;\" aria-level=\"1\"><span style=\"font-weight: 400;\">Nat\u00fcrliches Vitamin C, das in beiden Produkten enthalten ist, spielt eine Rolle als Antioxidans und f\u00f6rdert die Produktion von Kollagen, das f\u00fcr eine normale Hautfunktion wichtig ist<\/span><\/li>\n<li style=\"font-weight: 400;\" aria-level=\"1\"><span style=\"font-weight: 400;\">Frischer Mix aus tropischen Fr\u00fcchten Bio Bora Refresh und Kakao-Delikatesse Bio Bora Relish sind reich an Ballaststoffen<\/span><\/li>\n<li style=\"font-weight: 400;\" aria-level=\"1\"><span style=\"font-weight: 400;\">Bio Bora Relish ist eine nat\u00fcrliche Kupferquelle, die das Immunsystem unterst\u00fctzt und zur Haar- und Hautpigmentierung beitr\u00e4gt<\/span><\/li>\n<li style=\"font-weight: 400;\" aria-level=\"1\"><span style=\"font-weight: 400;\">Die einzigartige Zusammensetzung von Superfoods f\u00fcr Ihre ausgewogene Ern\u00e4hrung besteht aus rein pflanzlichen Zutaten in 100% BIO-Qualit\u00e4t ohne GVO, k\u00fcnstliche S\u00fc\u00dfstoffe und Aromen und Konservierungsstoffe<\/span><\/li>\n<\/ul>\n","protected":false},"featured_media":4182,"comment_status":"open","ping_status":"closed","template":"","meta":[],"product_cat":[98,99,100,101,102,103],"product_tag":[],"acf":[],"yoast_head":"<!-- This site is optimized with the Yoast SEO plugin v20.0 - https:\/\/yoast.com\/wordpress\/plugins\/seo\/ -->\n<title>Bio bora Sublime Potion - BoraTree<\/title>\n<meta name=\"robots\" content=\"index, follow, max-snippet:-1, max-image-preview:large, max-video-preview:-1\" \/>\n<link rel=\"canonical\" href=\"https:\/\/www.boratree.organic\/de\/produkt\/bio-bora-sublime-potion\/\" \/>\n<meta property=\"og:locale\" content=\"de_DE\" \/>\n<meta property=\"og:type\" content=\"article\" \/>\n<meta property=\"og:title\" content=\"Bio bora Sublime Potion - BoraTree\" \/>\n<meta property=\"og:description\" content=\"Bio bora Sublime Potion, ein Paket bestehend aus Bio bora Relish und Bio bora Refresh, ist voller essentieller N\u00e4hrstoffe f\u00fcr die Pflege von Haar und Haut, unterst\u00fctzt die Immunit\u00e4t und Tage voller Wohlbefinden in einem gesunden Lebensstil.   Nat\u00fcrliches Vitamin C, das in beiden Produkten enthalten ist, spielt eine Rolle als Antioxidans und f\u00f6rdert die Produktion von Kollagen, das f\u00fcr eine normale Hautfunktion wichtig ist  Frischer Mix aus tropischen Fr\u00fcchten Bio Bora Refresh und Kakao-Delikatesse Bio Bora Relish sind reich an Ballaststoffen  Bio Bora Relish ist eine nat\u00fcrliche Kupferquelle, die das Immunsystem unterst\u00fctzt und zur Haar- und Hautpigmentierung beitr\u00e4gt  Die einzigartige Zusammensetzung von Superfoods f\u00fcr Ihre ausgewogene Ern\u00e4hrung besteht aus rein pflanzlichen Zutaten in 100% BIO-Qualit\u00e4t ohne GVO, k\u00fcnstliche S\u00fc\u00dfstoffe und Aromen und Konservierungsstoffe\" \/>\n<meta property=\"og:url\" content=\"https:\/\/www.boratree.organic\/de\/produkt\/bio-bora-sublime-potion\/\" \/>\n<meta property=\"og:site_name\" content=\"BoraTree\" \/>\n<meta property=\"article:modified_time\" content=\"2022-12-05T14:09:16+00:00\" \/>\n<meta property=\"og:image\" content=\"https:\/\/www.boratree.organic\/wp-content\/uploads\/2021\/10\/relish-refresh-1.png\" \/>\n\t<meta property=\"og:image:width\" content=\"1300\" \/>\n\t<meta property=\"og:image:height\" content=\"1300\" \/>\n\t<meta property=\"og:image:type\" content=\"image\/png\" \/>\n<meta name=\"twitter:card\" content=\"summary_large_image\" \/>\n<meta name=\"twitter:label1\" content=\"Gesch\u00e4tzte Lesezeit\" \/>\n\t<meta name=\"twitter:data1\" content=\"3\u00a0Minuten\" \/>\n<script type=\"application\/ld+json\" class=\"yoast-schema-graph\">{\"@context\":\"https:\/\/schema.org\",\"@graph\":[{\"@type\":\"WebPage\",\"@id\":\"https:\/\/www.boratree.organic\/de\/produkt\/bio-bora-sublime-potion\/\",\"url\":\"https:\/\/www.boratree.organic\/de\/produkt\/bio-bora-sublime-potion\/\",\"name\":\"Bio bora Sublime Potion - BoraTree\",\"isPartOf\":{\"@id\":\"https:\/\/www.boratree.organic\/de\/#website\"},\"datePublished\":\"2021-10-25T10:12:51+00:00\",\"dateModified\":\"2022-12-05T14:09:16+00:00\",\"breadcrumb\":{\"@id\":\"https:\/\/www.boratree.organic\/de\/produkt\/bio-bora-sublime-potion\/#breadcrumb\"},\"inLanguage\":\"de\",\"potentialAction\":[{\"@type\":\"ReadAction\",\"target\":[\"https:\/\/www.boratree.organic\/de\/produkt\/bio-bora-sublime-potion\/\"]}]},{\"@type\":\"BreadcrumbList\",\"@id\":\"https:\/\/www.boratree.organic\/de\/produkt\/bio-bora-sublime-potion\/#breadcrumb\",\"itemListElement\":[{\"@type\":\"ListItem\",\"position\":1,\"name\":\"Home\",\"item\":\"https:\/\/www.boratree.organic\/de\/\"},{\"@type\":\"ListItem\",\"position\":2,\"name\":\"Shop\",\"item\":\"https:\/\/www.boratree.organic\/de\/shop\/\"},{\"@type\":\"ListItem\",\"position\":3,\"name\":\"Bio bora Sublime Potion\"}]},{\"@type\":\"WebSite\",\"@id\":\"https:\/\/www.boratree.organic\/de\/#website\",\"url\":\"https:\/\/www.boratree.organic\/de\/\",\"name\":\"BoraTree\",\"description\":\"\",\"potentialAction\":[{\"@type\":\"SearchAction\",\"target\":{\"@type\":\"EntryPoint\",\"urlTemplate\":\"https:\/\/www.boratree.organic\/de\/?s={search_term_string}\"},\"query-input\":\"required name=search_term_string\"}],\"inLanguage\":\"de\"}]}<\/script>\n<!-- \/ Yoast SEO plugin. -->","yoast_head_json":{"title":"Bio bora Sublime Potion - BoraTree","robots":{"index":"index","follow":"follow","max-snippet":"max-snippet:-1","max-image-preview":"max-image-preview:large","max-video-preview":"max-video-preview:-1"},"canonical":"https:\/\/www.boratree.organic\/de\/produkt\/bio-bora-sublime-potion\/","og_locale":"de_DE","og_type":"article","og_title":"Bio bora Sublime Potion - BoraTree","og_description":"Bio bora Sublime Potion, ein Paket bestehend aus Bio bora Relish und Bio bora Refresh, ist voller essentieller N\u00e4hrstoffe f\u00fcr die Pflege von Haar und Haut, unterst\u00fctzt die Immunit\u00e4t und Tage voller Wohlbefinden in einem gesunden Lebensstil.   Nat\u00fcrliches Vitamin C, das in beiden Produkten enthalten ist, spielt eine Rolle als Antioxidans und f\u00f6rdert die Produktion von Kollagen, das f\u00fcr eine normale Hautfunktion wichtig ist  Frischer Mix aus tropischen Fr\u00fcchten Bio Bora Refresh und Kakao-Delikatesse Bio Bora Relish sind reich an Ballaststoffen  Bio Bora Relish ist eine nat\u00fcrliche Kupferquelle, die das Immunsystem unterst\u00fctzt und zur Haar- und Hautpigmentierung beitr\u00e4gt  Die einzigartige Zusammensetzung von Superfoods f\u00fcr Ihre ausgewogene Ern\u00e4hrung besteht aus rein pflanzlichen Zutaten in 100% BIO-Qualit\u00e4t ohne GVO, k\u00fcnstliche S\u00fc\u00dfstoffe und Aromen und Konservierungsstoffe","og_url":"https:\/\/www.boratree.organic\/de\/produkt\/bio-bora-sublime-potion\/","og_site_name":"BoraTree","article_modified_time":"2022-12-05T14:09:16+00:00","og_image":[{"width":1300,"height":1300,"url":"https:\/\/www.boratree.organic\/wp-content\/uploads\/2021\/10\/relish-refresh-1.png","type":"image\/png"}],"twitter_card":"summary_large_image","twitter_misc":{"Gesch\u00e4tzte Lesezeit":"3\u00a0Minuten"},"schema":{"@context":"https:\/\/schema.org","@graph":[{"@type":"WebPage","@id":"https:\/\/www.boratree.organic\/de\/produkt\/bio-bora-sublime-potion\/","url":"https:\/\/www.boratree.organic\/de\/produkt\/bio-bora-sublime-potion\/","name":"Bio bora Sublime Potion - BoraTree","isPartOf":{"@id":"https:\/\/www.boratree.organic\/de\/#website"},"datePublished":"2021-10-25T10:12:51+00:00","dateModified":"2022-12-05T14:09:16+00:00","breadcrumb":{"@id":"https:\/\/www.boratree.organic\/de\/produkt\/bio-bora-sublime-potion\/#breadcrumb"},"inLanguage":"de","potentialAction":[{"@type":"ReadAction","target":["https:\/\/www.boratree.organic\/de\/produkt\/bio-bora-sublime-potion\/"]}]},{"@type":"BreadcrumbList","@id":"https:\/\/www.boratree.organic\/de\/produkt\/bio-bora-sublime-potion\/#breadcrumb","itemListElement":[{"@type":"ListItem","position":1,"name":"Home","item":"https:\/\/www.boratree.organic\/de\/"},{"@type":"ListItem","position":2,"name":"Shop","item":"https:\/\/www.boratree.organic\/de\/shop\/"},{"@type":"ListItem","position":3,"name":"Bio bora Sublime Potion"}]},{"@type":"WebSite","@id":"https:\/\/www.boratree.organic\/de\/#website","url":"https:\/\/www.boratree.organic\/de\/","name":"BoraTree","description":"","potentialAction":[{"@type":"SearchAction","target":{"@type":"EntryPoint","urlTemplate":"https:\/\/www.boratree.organic\/de\/?s={search_term_string}"},"query-input":"required name=search_term_string"}],"inLanguage":"de"}]}},"_links":{"self":[{"href":"https:\/\/www.boratree.organic\/de\/wp-json\/wp\/v2\/product\/4114"}],"collection":[{"href":"https:\/\/www.boratree.organic\/de\/wp-json\/wp\/v2\/product"}],"about":[{"href":"https:\/\/www.boratree.organic\/de\/wp-json\/wp\/v2\/types\/product"}],"replies":[{"embeddable":true,"href":"https:\/\/www.boratree.organic\/de\/wp-json\/wp\/v2\/comments?post=4114"}],"wp:featuredmedia":[{"embeddable":true,"href":"https:\/\/www.boratree.organic\/de\/wp-json\/wp\/v2\/media\/4182"}],"wp:attachment":[{"href":"https:\/\/www.boratree.organic\/de\/wp-json\/wp\/v2\/media?parent=4114"}],"wp:term":[{"taxonomy":"product_cat","embeddable":true,"href":"https:\/\/www.boratree.organic\/de\/wp-json\/wp\/v2\/product_cat?post=4114"},{"taxonomy":"product_tag","embeddable":true,"href":"https:\/\/www.boratree.organic\/de\/wp-json\/wp\/v2\/product_tag?post=4114"}],"curies":[{"name":"wp","href":"https:\/\/api.w.org\/{rel}","templated":true}]}}