{"id":4161,"date":"2022-10-16T13:59:31","date_gmt":"2021-10-25T11:59:35","guid":{"rendered":"https:\/\/www.boratree.organic\/?post_type=product&#038;p=4161"},"modified":"2024-07-09T09:08:45","modified_gmt":"2024-07-09T07:08:45","slug":"bio-bora-active-support","status":"publish","type":"product","link":"https:\/\/www.boratree.organic\/de\/produkt\/bio-bora-active-support\/","title":{"rendered":"Bio bora Active Support"},"content":{"rendered":"<div id=\"pl-4161\"  class=\"panel-layout\" ><div id=\"pg-4161-0\"  class=\"panel-grid panel-no-style\" ><div id=\"pgc-4161-0-0\"  class=\"panel-grid-cell\" ><div id=\"panel-4161-0-0-0\" class=\"so-panel widget widget_sow-editor panel-first-child panel-last-child\" data-index=\"0\" ><div\n\t\t\t\n\t\t\tclass=\"so-widget-sow-editor so-widget-sow-editor-base\"\n\t\t\t\n\t\t>\n<div class=\"siteorigin-widget-tinymce textwidget\">\n\t<p><span style=\"font-weight: 400;\">Eine ausgewogene Ern\u00e4hrung ist die Voraussetzung f\u00fcr einen gesunden K\u00f6rper. Dank eines Pakets von drei Produkten, die sich in ihrer Wirkung erg\u00e4nzen, versorgen Sie den K\u00f6rper mit dem, was er f\u00fcr seine ordnungsgem\u00e4\u00dfe Funktion ben\u00f6tigt. Gesund und lecker? Ja, das geht zusammen. Vergessen Sie Kompromisse und Einschr\u00e4nkungen. Auf BoraTree-Produkte werden Sie sich in dieser Kombination immer freuen, denn sie schmecken wirklich k\u00f6stlich. Die Packung ist auch eine wichtige Fundgrube an Vitamin C und Ballaststoffen. In Bio bora Revive wirkt Matcha als Antioxidans und kann dabei helfen, die Gewichtsregulierung, Konzentration und den nat\u00fcrlichen Schlaf zu unterst\u00fctzen. Zusammen mit Spirulina wird es Ihr F\u00fchrer auch an den anspruchsvollen Tagen, wenn es mehr denn je von Vorteil ist, Energie zu tanken. Zu der Kakao-Delikatesse Bio bora Relish geh\u00f6rt auch die Wurzel der Maca-Pflanze, die manchmal auch \u201eperuanischer Ginseng\u201c genannt wird. Sein Verzehr kann f\u00fcr die bestm\u00f6gliche k\u00f6rperliche Ausdauer und geistige Leistungsf\u00e4higkeit g\u00fcnstig sein. Das in den Produkten Bio bora Refresh und Bio bora Relish enthaltene Vitamin C tr\u00e4gt zur St\u00e4rkung des Immunsystems bei, unterst\u00fctzt die normale Funktion des Energiestoffwechsels und die Verringerung von M\u00fcdigkeit. Dieses Vitamin ist ein wirksames Antioxidans und bietet den Zellen somit einen wertvollen Schutz vor oxidativem Stress. Au\u00dferdem tr\u00e4gt es zur Kollagenproduktion und zu einer normalen psychischen Funktion bei.<\/span><\/p>\n<\/div>\n<\/div><\/div><\/div><\/div><div id=\"pg-4161-1\"  class=\"panel-grid panel-no-style\" ><div id=\"pgc-4161-1-0\"  class=\"panel-grid-cell\" ><div id=\"panel-4161-1-0-0\" class=\"so-panel widget widget_sow-editor panel-first-child panel-last-child\" data-index=\"1\" ><div\n\t\t\t\n\t\t\tclass=\"so-widget-sow-editor so-widget-sow-editor-base\"\n\t\t\t\n\t\t>\n<div class=\"siteorigin-widget-tinymce textwidget\">\n\t<div class=\"accordion-component\">\n<div class=\"item\">\n<div class=\"header\">\n<div class=\"title\">Beschreibung Bio bora Revive 300g\/30 Portionen<\/div>\n<\/div>\n<div class=\"body\">\n<div class=\"content\">\n<p>Bio bora Revive ist ein Nahrungserg\u00e4nzungsmittel mit synergistisch abgestimmten Inhaltsstoffen. Wir haben eine Mischung aus Gem\u00fcse, Obst, Matcha, Hanfprotein und Spirulina zusammengestellt, um eine <strong>breite Palette an N\u00e4hrstoffen<\/strong> bereitzustellen und Sie gleichzeitig mit ihrem <strong>hervorragenden Geschmack <\/strong>zu \u00fcberraschen. Dadurch wird dieses Geschenk der Natur schnell zu Ihrem t\u00e4glichen Vergn\u00fcgen, \u00e4hnlich wie eine gute Tasse Kaffee.<\/p>\n<p>Hinter der Wirksamkeit von Bio bora Revive stehen keine k\u00fcnstlichen Hilfsmittel oder S\u00fc\u00dfungsmittel. Alle Zutaten sind in <strong>100% Bio-<\/strong>Qualit\u00e4t. Haben Sie keine Angst, sich in den hektischen Alltag zu st\u00fcrzen. Matcha unterst\u00fctzt den <strong>nat\u00fcrlichen Schlaf<\/strong> und das <strong>Immunsystem<\/strong>. Er hilft dabei,\u00a0<strong>K\u00f6rper<\/strong>\u00a0und\u00a0<strong>Geist<\/strong>\u00a0zu\u00a0<strong>erfrischen<\/strong> und sich <strong>energetischer<\/strong> zu <strong>f\u00fchlen.<\/strong> Spirulina tr\u00e4gt auch zur Erh\u00f6hung der Energie bei und hilft dabei, <strong>die Vitalit\u00e4t<\/strong> Ihres K\u00f6rpers zu f\u00f6rdern. Blaubeeren, Lucuma, Spinat und Spirulina sind reich an <strong>wertvollen bioaktiven Verbindungen<\/strong>, die unter anderem auf ihr <strong>antioxidatives Potenzial<\/strong> untersucht werden. Dank Hanfprotein sind auch <strong>essentielle Aminos\u00e4uren<\/strong> dabei. Gr\u00fcnkohl und Banane tragen ebenfalls zum N\u00e4hrwert der gesamten Mischung bei.<\/p>\n<p>Bio bora Revive ist <strong>eine ideale Wahl<\/strong> f\u00fcr alle <strong>aktiven Menschen<\/strong>, die sich um ihre Gesundheit k\u00fcmmern. Entscheiden Sie sich nicht zwischen Karriere und Gesundheit. Mit den richtigen Essgewohnheiten k\u00f6nnen Sie beides haben!<\/p>\n<\/div>\n<\/div>\n<\/div>\n<div class=\"item\">\n<div class=\"header\">\n<div class=\"title\">Beschreibung Bio bora Refresh 300g\/30 Portionen<\/div>\n<\/div>\n<div class=\"body\">\n<div class=\"content\">\n<p>Bio bora Refresh wird einfach zu Ihrer <strong>t\u00e4glichen Dosis exotischer Fr\u00fcchte<\/strong>. Es ist eine reichhaltige nat\u00fcrliche Quelle f\u00fcr Ballaststoffe und Vitamin C. Wir haben die Inhaltsstoffe dieses Produkts in der ganzen Welt gesammelt. Wir haben die Orte ausgew\u00e4hlt, an denen die einzelnen Fr\u00fcchte am besten gedeihen. Sie k\u00f6nnen sich daher auf die <strong>100% Bio-Qualit\u00e4t<\/strong>\u00a0und <strong>N\u00e4hrwert <\/strong>verlassen. G\u00f6nnen Sie sich eine <strong>frische Mischung aus exotischen Aromen <\/strong>von leicht saurem Maqui, Zitrusnoten des Baobabs angereichert mit k\u00f6stlich s\u00fc\u00dfem Lucuma, sanft akzentuiert durch Bananen.<\/p>\n<p>Wir haben Bio bora Refresh gezielt mit Maqui und Acai erg\u00e4nzt, um unter anderem einen hohen <a href=\"https:\/\/www.scientificamerican.com\/article\/what-are-orac-values\/\">ORAC<\/a>-Wert zu erzielen. Dieser Wert dr\u00fcckt die <strong>antioxidative F\u00e4higkeit <\/strong>von Lebensmitteln aus, freie Radikale zu bek\u00e4mpfen. Den <strong>Schutz der Zellen vor oxidativem Stress<\/strong> unterst\u00fctzt auch Vitamin C. Hohe Mengen dieses Mikron\u00e4hrstoffs tragen zus\u00e4tzlich zur <strong>Kollagenbildung<\/strong>, normalen Funktion des <strong>Immunsystems<\/strong>, des <strong>Nervensystems<\/strong> und zum normalen <strong>Energie<\/strong><strong>st<\/strong><strong>offwechsel<\/strong> bei.<\/p>\n<p>Wir haben Bio bora Refresh in Zusammenarbeit mit Ern\u00e4hrungsexperten zusammengestellt, damit sich die einzelnen Komponenten gegenseitig unterst\u00fctzen und ihre <strong>Wirkstoffe<\/strong> f\u00fcr den K\u00f6rper <strong>einfach zu verwenden sind<\/strong>. Bio bora Refresh ist einfach eine <strong>leckere<\/strong> und <strong>nahrhafte Bombe<\/strong> f\u00fcr jeden Tag!<\/p>\n<\/div>\n<\/div>\n<\/div>\n<div class=\"item\">\n<div class=\"header\">\n<div class=\"title\">Beschreibung Bio bora Relish 300g\/30 Portionen<\/div>\n<\/div>\n<div class=\"body\">\n<div class=\"content\">\n<p>Bio bora Relish ist eine <strong>Kakao-Delikatesse<\/strong>, die man <strong>ohne Reue <\/strong>genie\u00dfen kann. Es ist ein Beweis daf\u00fcr, dass sich Attribute wie \u201egesund\u201c und \u201elecker\u201c nicht gegenseitig ausschlie\u00dfen. G\u00f6nnen Sie sich eine Mischung aus Aromen von n\u00fctzlichem Kakao, nahrhafter Quinoa, s\u00fc\u00dfem Yacon, exotischem Maca und Camu Camu. Der einzigartige Mix von synergistisch abgestimmten Zutaten in <strong>100% Bio-Qualit\u00e4t<\/strong> ist eine nat\u00fcrliche Quelle f\u00fcr<strong> Vitamin C, Mineralstoffe <\/strong>und ist <strong>reich an Ballaststoffe. <\/strong><\/p>\n<p><strong>Nat\u00fcrlich sch\u00f6ne Haut<\/strong> und <strong>Haare<\/strong> m\u00fcssen nicht unerreichbar sein. Bio bora Relish enth\u00e4lt mehrere Komponenten, die sich positiv auf ihren Zustand auswirken. Es geht vor allem um Vitamin C und Kupfer. W\u00e4hrend Kupfer zur <strong>Pigmentierung<\/strong> von <strong>Haaren<\/strong> und <strong>Haut<\/strong> beitr\u00e4gt, f\u00f6rdert Vitamin C wiederum die <strong>Produktion von Kollagen<\/strong>, das f\u00fcr eine normale Hautfunktion wichtig ist. Aber die Vorteile dieser Mikron\u00e4hrstoffe enden nicht bei Haaren oder Haut. Sie tragen auch zur normalen Funktion des<strong> Immunsystems, <\/strong>zum normalen<strong> Energiestoffwechsel<\/strong> und zum <strong>Schutz der Zellen vor oxidativem Stress<\/strong> bei.\u00a0 Dank Vitamin C k\u00f6nnen Sie sich auch an schwierigen Tagen <strong>fit f\u00fchlen<\/strong>, weil es die Verringerung von M\u00fcdigkeit unterst\u00fctzt.<\/p>\n<p>Wir glauben, dass Bio bora Relish f\u00fcr einen <strong>n\u00e4hrstoffreichen Inhalt<\/strong> ohne Kompromisse bei einem <strong>hervorragenden Geschmack<\/strong> ein unersetzliches Erg\u00e4nzungsmittel Ihrer abwechslungsreichen und ausgewogenen Ern\u00e4hrung darstellt und Ihren gesunden Lebensstil unterst\u00fctzt!<\/p>\n<\/div>\n<\/div>\n<\/div>\n<\/div>\n<\/div>\n<\/div><\/div><\/div><\/div><\/div>","protected":false},"excerpt":{"rendered":"<p><span style=\"font-weight: 400;\">Bio bora Active Support, ein Paket bestehend aus den Produkten <\/span><a href=\"https:\/\/www.boratree.organic\/de\/produkt\/bio-bora-relish\/\"><span style=\"font-weight: 400;\">Bio bora Relish<\/span><\/a><span style=\"font-weight: 400;\">, <\/span><a href=\"https:\/\/www.boratree.organic\/de\/produkt\/bio-bora-revive\/\"><span style=\"font-weight: 400;\">Bio bora Revive<\/span><\/a><span style=\"font-weight: 400;\"> und <\/span><a href=\"https:\/\/www.boratree.organic\/de\/produkt\/bio-bora-refresh\/\"><span style=\"font-weight: 400;\">Bio bora Refresh<\/span><\/a><span style=\"font-weight: 400;\">, ist ein leistungsstarkes Trio nat\u00fcrlicher Nahrungserg\u00e4nzungsmittel mit einer reichen Quelle an N\u00e4hrstoffen, die f\u00fcr die Unterst\u00fctzung eines aktiven Lebens und eines gesunden K\u00f6rpers wichtig sind<\/span><span style=\"font-weight: 400;\">.\u00a0<\/span><\/p>\n<ul>\n<li style=\"font-weight: 400;\" aria-level=\"1\"><span style=\"font-weight: 400;\">Sie werden Matcha mit Spirulina in Bio bora Revive vor allem an den anspruchsvollen Tagen zu sch\u00e4tzen wissen, wenn es wichtiger denn je ist, Energie zu tanken<\/span><\/li>\n<li style=\"font-weight: 400;\" aria-level=\"1\"><span style=\"font-weight: 400;\">Maca in der Kakao-Delikatesse Bio bora Relish unterst\u00fctzt die k\u00f6rperliche Ausdauer und geistige Fitness<\/span><\/li>\n<li style=\"font-weight: 400;\" aria-level=\"1\"><span style=\"font-weight: 400;\">Bio bora Refresh ist eine nat\u00fcrliche Vitamin C-Quelle, die zu einer normalen Funktion des Immunsystems und zum Schutz der Zellen vor oxidativem Stress beitr\u00e4gt\u00a0<\/span><\/li>\n<li style=\"font-weight: 400;\" aria-level=\"1\"><span style=\"font-weight: 400;\">Das dreiteilige Set einzigartiger Mischungen ist reich an Ballaststoffe<\/span><\/li>\n<li style=\"font-weight: 400;\" aria-level=\"1\"><span style=\"font-weight: 400;\">Alle rein pflanzlichen Produkte sind in 100% BIO-Qualit\u00e4t. Gro\u00dfartiger Geschmack, enth\u00e4lt keine GVO, zugesetzten Zucker oder k\u00fcnstliche S\u00fc\u00dfstoffe, Konservierungsstoffe oder Aromen<\/span><\/li>\n<\/ul>\n","protected":false},"featured_media":4172,"comment_status":"open","ping_status":"closed","template":"","meta":[],"product_cat":[98,99,100,101,102,103],"product_tag":[],"acf":[],"yoast_head":"<!-- This site is optimized with the Yoast SEO plugin v20.0 - https:\/\/yoast.com\/wordpress\/plugins\/seo\/ -->\n<title>Bio bora Active Support - BoraTree<\/title>\n<meta name=\"robots\" content=\"index, follow, max-snippet:-1, max-image-preview:large, max-video-preview:-1\" \/>\n<link rel=\"canonical\" href=\"https:\/\/www.boratree.organic\/de\/produkt\/bio-bora-active-support\/\" \/>\n<meta property=\"og:locale\" content=\"de_DE\" \/>\n<meta property=\"og:type\" content=\"article\" \/>\n<meta property=\"og:title\" content=\"Bio bora Active Support - BoraTree\" \/>\n<meta property=\"og:description\" content=\"Bio bora Active Support, ein Paket bestehend aus den Produkten Bio bora Relish, Bio bora Revive und Bio bora Refresh, ist ein leistungsstarkes Trio nat\u00fcrlicher Nahrungserg\u00e4nzungsmittel mit einer reichen Quelle an N\u00e4hrstoffen, die f\u00fcr die Unterst\u00fctzung eines aktiven Lebens und eines gesunden K\u00f6rpers wichtig sind.\u00a0   Sie werden Matcha mit Spirulina in Bio bora Revive vor allem an den anspruchsvollen Tagen zu sch\u00e4tzen wissen, wenn es wichtiger denn je ist, Energie zu tanken  Maca in der Kakao-Delikatesse Bio bora Relish unterst\u00fctzt die k\u00f6rperliche Ausdauer und geistige Fitness  Bio bora Refresh ist eine nat\u00fcrliche Vitamin C-Quelle, die zu einer normalen Funktion des Immunsystems und zum Schutz der Zellen vor oxidativem Stress beitr\u00e4gt\u00a0  Das dreiteilige Set einzigartiger Mischungen ist reich an Ballaststoffe  Alle rein pflanzlichen Produkte sind in 100% BIO-Qualit\u00e4t. Gro\u00dfartiger Geschmack, enth\u00e4lt keine GVO, zugesetzten Zucker oder k\u00fcnstliche S\u00fc\u00dfstoffe, Konservierungsstoffe oder Aromen\" \/>\n<meta property=\"og:url\" content=\"https:\/\/www.boratree.organic\/de\/produkt\/bio-bora-active-support\/\" \/>\n<meta property=\"og:site_name\" content=\"BoraTree\" \/>\n<meta property=\"article:modified_time\" content=\"2024-07-09T07:08:45+00:00\" \/>\n<meta property=\"og:image\" content=\"https:\/\/www.boratree.organic\/wp-content\/uploads\/2021\/10\/Revive-Refresh-Relish-1024x860.png\" \/>\n\t<meta property=\"og:image:width\" content=\"1024\" \/>\n\t<meta property=\"og:image:height\" content=\"860\" \/>\n\t<meta property=\"og:image:type\" content=\"image\/png\" \/>\n<meta name=\"twitter:card\" content=\"summary_large_image\" \/>\n<meta name=\"twitter:label1\" content=\"Gesch\u00e4tzte Lesezeit\" \/>\n\t<meta name=\"twitter:data1\" content=\"4\u00a0Minuten\" \/>\n<script type=\"application\/ld+json\" class=\"yoast-schema-graph\">{\"@context\":\"https:\/\/schema.org\",\"@graph\":[{\"@type\":\"WebPage\",\"@id\":\"https:\/\/www.boratree.organic\/de\/produkt\/bio-bora-active-support\/\",\"url\":\"https:\/\/www.boratree.organic\/de\/produkt\/bio-bora-active-support\/\",\"name\":\"Bio bora Active Support - BoraTree\",\"isPartOf\":{\"@id\":\"https:\/\/www.boratree.organic\/de\/#website\"},\"datePublished\":\"2021-10-25T11:59:35+00:00\",\"dateModified\":\"2024-07-09T07:08:45+00:00\",\"breadcrumb\":{\"@id\":\"https:\/\/www.boratree.organic\/de\/produkt\/bio-bora-active-support\/#breadcrumb\"},\"inLanguage\":\"de\",\"potentialAction\":[{\"@type\":\"ReadAction\",\"target\":[\"https:\/\/www.boratree.organic\/de\/produkt\/bio-bora-active-support\/\"]}]},{\"@type\":\"BreadcrumbList\",\"@id\":\"https:\/\/www.boratree.organic\/de\/produkt\/bio-bora-active-support\/#breadcrumb\",\"itemListElement\":[{\"@type\":\"ListItem\",\"position\":1,\"name\":\"Home\",\"item\":\"https:\/\/www.boratree.organic\/de\/\"},{\"@type\":\"ListItem\",\"position\":2,\"name\":\"Shop\",\"item\":\"https:\/\/www.boratree.organic\/de\/shop\/\"},{\"@type\":\"ListItem\",\"position\":3,\"name\":\"Bio bora Active Support\"}]},{\"@type\":\"WebSite\",\"@id\":\"https:\/\/www.boratree.organic\/de\/#website\",\"url\":\"https:\/\/www.boratree.organic\/de\/\",\"name\":\"BoraTree\",\"description\":\"\",\"potentialAction\":[{\"@type\":\"SearchAction\",\"target\":{\"@type\":\"EntryPoint\",\"urlTemplate\":\"https:\/\/www.boratree.organic\/de\/?s={search_term_string}\"},\"query-input\":\"required name=search_term_string\"}],\"inLanguage\":\"de\"}]}<\/script>\n<!-- \/ Yoast SEO plugin. -->","yoast_head_json":{"title":"Bio bora Active Support - BoraTree","robots":{"index":"index","follow":"follow","max-snippet":"max-snippet:-1","max-image-preview":"max-image-preview:large","max-video-preview":"max-video-preview:-1"},"canonical":"https:\/\/www.boratree.organic\/de\/produkt\/bio-bora-active-support\/","og_locale":"de_DE","og_type":"article","og_title":"Bio bora Active Support - BoraTree","og_description":"Bio bora Active Support, ein Paket bestehend aus den Produkten Bio bora Relish, Bio bora Revive und Bio bora Refresh, ist ein leistungsstarkes Trio nat\u00fcrlicher Nahrungserg\u00e4nzungsmittel mit einer reichen Quelle an N\u00e4hrstoffen, die f\u00fcr die Unterst\u00fctzung eines aktiven Lebens und eines gesunden K\u00f6rpers wichtig sind.\u00a0   Sie werden Matcha mit Spirulina in Bio bora Revive vor allem an den anspruchsvollen Tagen zu sch\u00e4tzen wissen, wenn es wichtiger denn je ist, Energie zu tanken  Maca in der Kakao-Delikatesse Bio bora Relish unterst\u00fctzt die k\u00f6rperliche Ausdauer und geistige Fitness  Bio bora Refresh ist eine nat\u00fcrliche Vitamin C-Quelle, die zu einer normalen Funktion des Immunsystems und zum Schutz der Zellen vor oxidativem Stress beitr\u00e4gt\u00a0  Das dreiteilige Set einzigartiger Mischungen ist reich an Ballaststoffe  Alle rein pflanzlichen Produkte sind in 100% BIO-Qualit\u00e4t. Gro\u00dfartiger Geschmack, enth\u00e4lt keine GVO, zugesetzten Zucker oder k\u00fcnstliche S\u00fc\u00dfstoffe, Konservierungsstoffe oder Aromen","og_url":"https:\/\/www.boratree.organic\/de\/produkt\/bio-bora-active-support\/","og_site_name":"BoraTree","article_modified_time":"2024-07-09T07:08:45+00:00","og_image":[{"width":1024,"height":860,"url":"https:\/\/www.boratree.organic\/wp-content\/uploads\/2021\/10\/Revive-Refresh-Relish-1024x860.png","type":"image\/png"}],"twitter_card":"summary_large_image","twitter_misc":{"Gesch\u00e4tzte Lesezeit":"4\u00a0Minuten"},"schema":{"@context":"https:\/\/schema.org","@graph":[{"@type":"WebPage","@id":"https:\/\/www.boratree.organic\/de\/produkt\/bio-bora-active-support\/","url":"https:\/\/www.boratree.organic\/de\/produkt\/bio-bora-active-support\/","name":"Bio bora Active Support - BoraTree","isPartOf":{"@id":"https:\/\/www.boratree.organic\/de\/#website"},"datePublished":"2021-10-25T11:59:35+00:00","dateModified":"2024-07-09T07:08:45+00:00","breadcrumb":{"@id":"https:\/\/www.boratree.organic\/de\/produkt\/bio-bora-active-support\/#breadcrumb"},"inLanguage":"de","potentialAction":[{"@type":"ReadAction","target":["https:\/\/www.boratree.organic\/de\/produkt\/bio-bora-active-support\/"]}]},{"@type":"BreadcrumbList","@id":"https:\/\/www.boratree.organic\/de\/produkt\/bio-bora-active-support\/#breadcrumb","itemListElement":[{"@type":"ListItem","position":1,"name":"Home","item":"https:\/\/www.boratree.organic\/de\/"},{"@type":"ListItem","position":2,"name":"Shop","item":"https:\/\/www.boratree.organic\/de\/shop\/"},{"@type":"ListItem","position":3,"name":"Bio bora Active Support"}]},{"@type":"WebSite","@id":"https:\/\/www.boratree.organic\/de\/#website","url":"https:\/\/www.boratree.organic\/de\/","name":"BoraTree","description":"","potentialAction":[{"@type":"SearchAction","target":{"@type":"EntryPoint","urlTemplate":"https:\/\/www.boratree.organic\/de\/?s={search_term_string}"},"query-input":"required name=search_term_string"}],"inLanguage":"de"}]}},"_links":{"self":[{"href":"https:\/\/www.boratree.organic\/de\/wp-json\/wp\/v2\/product\/4161"}],"collection":[{"href":"https:\/\/www.boratree.organic\/de\/wp-json\/wp\/v2\/product"}],"about":[{"href":"https:\/\/www.boratree.organic\/de\/wp-json\/wp\/v2\/types\/product"}],"replies":[{"embeddable":true,"href":"https:\/\/www.boratree.organic\/de\/wp-json\/wp\/v2\/comments?post=4161"}],"wp:featuredmedia":[{"embeddable":true,"href":"https:\/\/www.boratree.organic\/de\/wp-json\/wp\/v2\/media\/4172"}],"wp:attachment":[{"href":"https:\/\/www.boratree.organic\/de\/wp-json\/wp\/v2\/media?parent=4161"}],"wp:term":[{"taxonomy":"product_cat","embeddable":true,"href":"https:\/\/www.boratree.organic\/de\/wp-json\/wp\/v2\/product_cat?post=4161"},{"taxonomy":"product_tag","embeddable":true,"href":"https:\/\/www.boratree.organic\/de\/wp-json\/wp\/v2\/product_tag?post=4161"}],"curies":[{"name":"wp","href":"https:\/\/api.w.org\/{rel}","templated":true}]}}