{"id":4808,"date":"2022-10-28T14:32:55","date_gmt":"2021-12-10T13:32:55","guid":{"rendered":"https:\/\/www.boratree.organic\/produkt\/darcekovy-poukaz-v-hodnote-50e\/"},"modified":"2022-12-05T15:09:15","modified_gmt":"2022-12-05T14:09:15","slug":"geschenkgutschein-im-wert-von-50e","status":"publish","type":"product","link":"https:\/\/www.boratree.organic\/de\/produkt\/geschenkgutschein-im-wert-von-50e\/","title":{"rendered":"Geschenkgutschein im Wert von 50\u20ac"},"content":{"rendered":"<p><span style=\"font-weight: 400;\">Haben Sie sich entschieden, Ihre Lieben mit einem Geschenk zu erfreuen, fragen sich aber noch, welche BoraTree-Mischung am besten geeignet ist? Sie haben einen Sportler oder einen gesunden Lebensstil-Propagator um sich und wissen nicht, wie Sie ihn gl\u00fccklich machen k\u00f6nnen? L\u00f6sen Sie diese Dilemmata mit einem Geschenkgutschein, der den Beschenkten gleich doppelt begeistern wird! Erst beim Beschenken und dann bei der Auswahl der leckeren und nahrhaften BoraTree-Mischung ganz allein!<\/span><\/p>\n<p><span style=\"font-weight: 400;\">Die Wahl eines Gutscheins als Geschenk eignet sich f\u00fcr alle, die sich nicht den Kopf zerbrechen wollen und die Auswahl der BoraTree-Produkte lieber den pers\u00f6nlichen Vorlieben hinsichtlich Gesundheit und Geschmack des Beschenkten \u00fcberlassen. Daf\u00fcr haben wir Geschenkgutscheine in ansprechendem Design f\u00fcr Sie vorbereitet, die Sie nach Zahlungseingang innerhalb weniger Minuten einl\u00f6sen k\u00f6nnen. Geschenkgutscheine sind nicht nur ideal f\u00fcr Unentschlossene, sondern auch f\u00fcr vielbesch\u00e4ftigte Last-Minute-Geschenksuchende, die mit etwas Originellem \u00fcberraschen m\u00f6chten.<\/span><\/p>\n","protected":false},"excerpt":{"rendered":"<ul>\n<li style=\"font-weight: 400;\" aria-level=\"1\"><span style=\"font-weight: 400;\">Ein ideales Geschenk f\u00fcr jeden Anlass<\/span><\/li>\n<li style=\"font-weight: 400;\" aria-level=\"1\"><span style=\"font-weight: 400;\">Der Geschenkgutschein kann sofort nach Zahlung eingel\u00f6st werden<\/span><\/li>\n<li style=\"font-weight: 400;\" aria-level=\"1\"><span style=\"font-weight: 400;\">M\u00f6glichkeit, ein beliebiges Produkt oder ein erm\u00e4\u00dfigtes BoraTree-Paket auszuw\u00e4hlen<\/span><\/li>\n<li style=\"font-weight: 400;\" aria-level=\"1\"><span style=\"font-weight: 400;\">Einfach zu bedienen &#8211; Sie m\u00fcssen lediglich den Gutscheincode bei der Bestellung eingeben<\/span><\/li>\n<li style=\"font-weight: 400;\" aria-level=\"1\"><span style=\"font-weight: 400;\">Der Gutschein ist bis zu 12 Monate nach Zahlung g\u00fcltig<\/span><\/li>\n<\/ul>\n","protected":false},"featured_media":4897,"comment_status":"open","ping_status":"closed","template":"","meta":[],"product_cat":[141],"product_tag":[],"acf":[],"yoast_head":"<!-- This site is optimized with the Yoast SEO plugin v20.0 - https:\/\/yoast.com\/wordpress\/plugins\/seo\/ -->\n<title>Geschenkgutschein im Wert von 50\u20ac - BoraTree<\/title>\n<meta name=\"robots\" content=\"index, follow, max-snippet:-1, max-image-preview:large, max-video-preview:-1\" \/>\n<link rel=\"canonical\" href=\"https:\/\/www.boratree.organic\/de\/produkt\/geschenkgutschein-im-wert-von-50e\/\" \/>\n<meta property=\"og:locale\" content=\"de_DE\" \/>\n<meta property=\"og:type\" content=\"article\" \/>\n<meta property=\"og:title\" content=\"Geschenkgutschein im Wert von 50\u20ac - BoraTree\" \/>\n<meta property=\"og:description\" content=\"Ein ideales Geschenk f\u00fcr jeden Anlass  Der Geschenkgutschein kann sofort nach Zahlung eingel\u00f6st werden  M\u00f6glichkeit, ein beliebiges Produkt oder ein erm\u00e4\u00dfigtes BoraTree-Paket auszuw\u00e4hlen  Einfach zu bedienen - Sie m\u00fcssen lediglich den Gutscheincode bei der Bestellung eingeben  Der Gutschein ist bis zu 12 Monate nach Zahlung g\u00fcltig\" \/>\n<meta property=\"og:url\" content=\"https:\/\/www.boratree.organic\/de\/produkt\/geschenkgutschein-im-wert-von-50e\/\" \/>\n<meta property=\"og:site_name\" content=\"BoraTree\" \/>\n<meta property=\"article:modified_time\" content=\"2022-12-05T14:09:15+00:00\" \/>\n<meta property=\"og:image\" content=\"https:\/\/www.boratree.organic\/wp-content\/uploads\/2021\/11\/50-de.png\" \/>\n\t<meta property=\"og:image:width\" content=\"1000\" \/>\n\t<meta property=\"og:image:height\" content=\"1000\" \/>\n\t<meta property=\"og:image:type\" content=\"image\/png\" \/>\n<meta name=\"twitter:card\" content=\"summary_large_image\" \/>\n<meta name=\"twitter:label1\" content=\"Gesch\u00e4tzte Lesezeit\" \/>\n\t<meta name=\"twitter:data1\" content=\"1\u00a0Minute\" \/>\n<script type=\"application\/ld+json\" class=\"yoast-schema-graph\">{\"@context\":\"https:\/\/schema.org\",\"@graph\":[{\"@type\":\"WebPage\",\"@id\":\"https:\/\/www.boratree.organic\/de\/produkt\/geschenkgutschein-im-wert-von-50e\/\",\"url\":\"https:\/\/www.boratree.organic\/de\/produkt\/geschenkgutschein-im-wert-von-50e\/\",\"name\":\"Geschenkgutschein im Wert von 50\u20ac - BoraTree\",\"isPartOf\":{\"@id\":\"https:\/\/www.boratree.organic\/de\/#website\"},\"datePublished\":\"2021-12-10T13:32:55+00:00\",\"dateModified\":\"2022-12-05T14:09:15+00:00\",\"breadcrumb\":{\"@id\":\"https:\/\/www.boratree.organic\/de\/produkt\/geschenkgutschein-im-wert-von-50e\/#breadcrumb\"},\"inLanguage\":\"de\",\"potentialAction\":[{\"@type\":\"ReadAction\",\"target\":[\"https:\/\/www.boratree.organic\/de\/produkt\/geschenkgutschein-im-wert-von-50e\/\"]}]},{\"@type\":\"BreadcrumbList\",\"@id\":\"https:\/\/www.boratree.organic\/de\/produkt\/geschenkgutschein-im-wert-von-50e\/#breadcrumb\",\"itemListElement\":[{\"@type\":\"ListItem\",\"position\":1,\"name\":\"Home\",\"item\":\"https:\/\/www.boratree.organic\/de\/\"},{\"@type\":\"ListItem\",\"position\":2,\"name\":\"Shop\",\"item\":\"https:\/\/www.boratree.organic\/de\/shop\/\"},{\"@type\":\"ListItem\",\"position\":3,\"name\":\"Geschenkgutschein im Wert von 50\u20ac\"}]},{\"@type\":\"WebSite\",\"@id\":\"https:\/\/www.boratree.organic\/de\/#website\",\"url\":\"https:\/\/www.boratree.organic\/de\/\",\"name\":\"BoraTree\",\"description\":\"\",\"potentialAction\":[{\"@type\":\"SearchAction\",\"target\":{\"@type\":\"EntryPoint\",\"urlTemplate\":\"https:\/\/www.boratree.organic\/de\/?s={search_term_string}\"},\"query-input\":\"required name=search_term_string\"}],\"inLanguage\":\"de\"}]}<\/script>\n<!-- \/ Yoast SEO plugin. -->","yoast_head_json":{"title":"Geschenkgutschein im Wert von 50\u20ac - BoraTree","robots":{"index":"index","follow":"follow","max-snippet":"max-snippet:-1","max-image-preview":"max-image-preview:large","max-video-preview":"max-video-preview:-1"},"canonical":"https:\/\/www.boratree.organic\/de\/produkt\/geschenkgutschein-im-wert-von-50e\/","og_locale":"de_DE","og_type":"article","og_title":"Geschenkgutschein im Wert von 50\u20ac - BoraTree","og_description":"Ein ideales Geschenk f\u00fcr jeden Anlass  Der Geschenkgutschein kann sofort nach Zahlung eingel\u00f6st werden  M\u00f6glichkeit, ein beliebiges Produkt oder ein erm\u00e4\u00dfigtes BoraTree-Paket auszuw\u00e4hlen  Einfach zu bedienen - Sie m\u00fcssen lediglich den Gutscheincode bei der Bestellung eingeben  Der Gutschein ist bis zu 12 Monate nach Zahlung g\u00fcltig","og_url":"https:\/\/www.boratree.organic\/de\/produkt\/geschenkgutschein-im-wert-von-50e\/","og_site_name":"BoraTree","article_modified_time":"2022-12-05T14:09:15+00:00","og_image":[{"width":1000,"height":1000,"url":"https:\/\/www.boratree.organic\/wp-content\/uploads\/2021\/11\/50-de.png","type":"image\/png"}],"twitter_card":"summary_large_image","twitter_misc":{"Gesch\u00e4tzte Lesezeit":"1\u00a0Minute"},"schema":{"@context":"https:\/\/schema.org","@graph":[{"@type":"WebPage","@id":"https:\/\/www.boratree.organic\/de\/produkt\/geschenkgutschein-im-wert-von-50e\/","url":"https:\/\/www.boratree.organic\/de\/produkt\/geschenkgutschein-im-wert-von-50e\/","name":"Geschenkgutschein im Wert von 50\u20ac - BoraTree","isPartOf":{"@id":"https:\/\/www.boratree.organic\/de\/#website"},"datePublished":"2021-12-10T13:32:55+00:00","dateModified":"2022-12-05T14:09:15+00:00","breadcrumb":{"@id":"https:\/\/www.boratree.organic\/de\/produkt\/geschenkgutschein-im-wert-von-50e\/#breadcrumb"},"inLanguage":"de","potentialAction":[{"@type":"ReadAction","target":["https:\/\/www.boratree.organic\/de\/produkt\/geschenkgutschein-im-wert-von-50e\/"]}]},{"@type":"BreadcrumbList","@id":"https:\/\/www.boratree.organic\/de\/produkt\/geschenkgutschein-im-wert-von-50e\/#breadcrumb","itemListElement":[{"@type":"ListItem","position":1,"name":"Home","item":"https:\/\/www.boratree.organic\/de\/"},{"@type":"ListItem","position":2,"name":"Shop","item":"https:\/\/www.boratree.organic\/de\/shop\/"},{"@type":"ListItem","position":3,"name":"Geschenkgutschein im Wert von 50\u20ac"}]},{"@type":"WebSite","@id":"https:\/\/www.boratree.organic\/de\/#website","url":"https:\/\/www.boratree.organic\/de\/","name":"BoraTree","description":"","potentialAction":[{"@type":"SearchAction","target":{"@type":"EntryPoint","urlTemplate":"https:\/\/www.boratree.organic\/de\/?s={search_term_string}"},"query-input":"required name=search_term_string"}],"inLanguage":"de"}]}},"_links":{"self":[{"href":"https:\/\/www.boratree.organic\/de\/wp-json\/wp\/v2\/product\/4808"}],"collection":[{"href":"https:\/\/www.boratree.organic\/de\/wp-json\/wp\/v2\/product"}],"about":[{"href":"https:\/\/www.boratree.organic\/de\/wp-json\/wp\/v2\/types\/product"}],"replies":[{"embeddable":true,"href":"https:\/\/www.boratree.organic\/de\/wp-json\/wp\/v2\/comments?post=4808"}],"wp:featuredmedia":[{"embeddable":true,"href":"https:\/\/www.boratree.organic\/de\/wp-json\/wp\/v2\/media\/4897"}],"wp:attachment":[{"href":"https:\/\/www.boratree.organic\/de\/wp-json\/wp\/v2\/media?parent=4808"}],"wp:term":[{"taxonomy":"product_cat","embeddable":true,"href":"https:\/\/www.boratree.organic\/de\/wp-json\/wp\/v2\/product_cat?post=4808"},{"taxonomy":"product_tag","embeddable":true,"href":"https:\/\/www.boratree.organic\/de\/wp-json\/wp\/v2\/product_tag?post=4808"}],"curies":[{"name":"wp","href":"https:\/\/api.w.org\/{rel}","templated":true}]}}