{"id":5683,"date":"2022-11-15T08:30:56","date_gmt":"2022-10-25T13:30:56","guid":{"rendered":"https:\/\/www.boratree.organic\/?post_type=product&#038;p=5683"},"modified":"2024-04-02T09:19:01","modified_gmt":"2024-04-02T07:19:01","slug":"tycinka-cacao-relish-coconut","status":"publish","type":"product","link":"https:\/\/www.boratree.organic\/de\/produkt\/tycinka-cacao-relish-coconut\/","title":{"rendered":"Bio bora Relish &#038; Coconut"},"content":{"rendered":"<div id=\"pl-5683\"  class=\"panel-layout\" ><div id=\"pg-5683-0\"  class=\"panel-grid panel-no-style\" ><div id=\"pgc-5683-0-0\"  class=\"panel-grid-cell\" ><div id=\"panel-5683-0-0-0\" class=\"so-panel widget widget_sow-editor panel-first-child panel-last-child\" data-index=\"0\" ><div\n\t\t\t\n\t\t\tclass=\"so-widget-sow-editor so-widget-sow-editor-base\"\n\t\t\t\n\t\t>\n<div class=\"siteorigin-widget-tinymce textwidget\">\n\t<p>Der Bio bora Relish & Coconut-Riegel enth\u00e4lt eine einzigartige Mischung von Bio bora Relish aus Kakao, Quinoa, Yakon, Maca und Camu, die in Kombination mit weicher Kokosnuss und s\u00fc\u00dfen Datteln ein tolles Geschmacksspiel und eine hervorragende Konsistenz erzeugt. Bio bora Relish enth\u00e4lt au\u00dferdem exotisches Maca, das als Energiequelle dient und die k\u00f6rperliche und geistige Leistungsf\u00e4higkeit unterst\u00fctzt. Dadurch werden Sie diesen Riegel auch an anstrengenden Tagen oder als s\u00fc\u00dfe Belohnung nach dem Sport oder der Arbeit zu sch\u00e4tzen wissen. Sie k\u00f6nnen es auch als Snack auf einem Ausflug, beim Wandern oder einfach als t\u00e4gliche Zwischenmahlzeit genie\u00dfen.<\/p>\n<p>Der Bio bora Relish & Coconut-Riegel besteht nur aus pflanzlichen und bio-zertifizierten Zutaten ohne k\u00fcnstliche S\u00fc\u00dfstoffe, Aromastoffe und ohne Zuckerzusatz \u2013 enth\u00e4lt von Natur aus Zucker. Auch Veganer und Menschen mit Glutenunvertr\u00e4glichkeit kommen auf ihre Kosten. Bereichern Sie Ihre abwechslungsreiche und ausgewogene Ern\u00e4hrung mit dieser Kokos-Kakao-Delikatesse, reich an Ballaststoffen und voller Superfoods.<\/p>\n<\/div>\n<\/div><\/div><\/div><\/div><\/div>","protected":false},"excerpt":{"rendered":"<p style=\"font-weight: 400;\">BIO-Riegel mit Kokosnuss und <a href=\"https:\/\/www.boratree.organic\/de\/produkt\/bio-bora-refresh\/\">Bio bora Refresh<\/a> Mischung.<\/p>\n<ul>\n<li>Ein au\u00dfergew\u00f6hnliches Geschmacksspiel exotischer Fr\u00fcchte-Mischung mit Kokosnuss und Reissirup<\/li>\n<li>Einzigartigkeit liegt in der Zugabe von Bio bora Refresh \u2013 eine Mischung aus Bananen, Lucuma, Baobab, Maqui, Acerola und Acai<\/li>\n<li>Ein ballaststoffreicher Frucht-Kokos-Genuss<\/li>\n<li>Auch f\u00fcr Veganer und Personen mit Glutenunvertr\u00e4glichkeit geeignet<\/li>\n<li>Besteht nur aus pflanzlichen BIO-zertifizierten Inhaltsstoffen<\/li>\n<li>Ohne k\u00fcnstliche S\u00fc\u00dfstoffe, Farbstoffe, Konservierungsstoffe und Aromastoffe<\/li>\n<li>Non-GMO<\/li>\n<\/ul>\n<p><img decoding=\"async\" loading=\"lazy\" class=\"alignnone wp-image-892\" src=\"https:\/\/www.boratree.organic\/wp-content\/uploads\/2020\/08\/Screenshot-2020-10-14-at-13.03.27.jpg\" alt=\"\" width=\"56\" height=\"37\" \/><br \/>\nSK-BIO-002<br \/>\nHergestellt in der Slowakei.<\/p>\n","protected":false},"featured_media":5694,"comment_status":"open","ping_status":"closed","template":"","meta":[],"product_cat":[98,146],"product_tag":[],"acf":[],"yoast_head":"<!-- This site is optimized with the Yoast SEO plugin v20.0 - https:\/\/yoast.com\/wordpress\/plugins\/seo\/ -->\n<title>Bio bora Relish &amp; Coconut - BoraTree<\/title>\n<meta name=\"robots\" content=\"index, follow, max-snippet:-1, max-image-preview:large, max-video-preview:-1\" \/>\n<link rel=\"canonical\" href=\"https:\/\/www.boratree.organic\/de\/produkt\/tycinka-cacao-relish-coconut\/\" \/>\n<meta property=\"og:locale\" content=\"de_DE\" \/>\n<meta property=\"og:type\" content=\"article\" \/>\n<meta property=\"og:title\" content=\"Bio bora Relish &amp; Coconut - BoraTree\" \/>\n<meta property=\"og:description\" content=\"BIO-Riegel mit Kokosnuss und Bio bora Refresh Mischung.    Ein au\u00dfergew\u00f6hnliches Geschmacksspiel exotischer Fr\u00fcchte-Mischung mit Kokosnuss und Reissirup  Einzigartigkeit liegt in der Zugabe von Bio bora Refresh \u2013 eine Mischung aus Bananen, Lucuma, Baobab, Maqui, Acerola und Acai  Ein ballaststoffreicher Frucht-Kokos-Genuss  Auch f\u00fcr Veganer und Personen mit Glutenunvertr\u00e4glichkeit geeignet  Besteht nur aus pflanzlichen BIO-zertifizierten Inhaltsstoffen  Ohne k\u00fcnstliche S\u00fc\u00dfstoffe, Farbstoffe, Konservierungsstoffe und Aromastoffe  Non-GMO   SK-BIO-002 Hergestellt in der Slowakei.\" \/>\n<meta property=\"og:url\" content=\"https:\/\/www.boratree.organic\/de\/produkt\/tycinka-cacao-relish-coconut\/\" \/>\n<meta property=\"og:site_name\" content=\"BoraTree\" \/>\n<meta property=\"article:modified_time\" content=\"2024-04-02T07:19:01+00:00\" \/>\n<meta property=\"og:image\" content=\"https:\/\/www.boratree.organic\/wp-content\/uploads\/2022\/10\/coconut.png\" \/>\n\t<meta property=\"og:image:width\" content=\"2000\" \/>\n\t<meta property=\"og:image:height\" content=\"1331\" \/>\n\t<meta property=\"og:image:type\" content=\"image\/png\" \/>\n<meta name=\"twitter:card\" content=\"summary_large_image\" \/>\n<meta name=\"twitter:label1\" content=\"Gesch\u00e4tzte Lesezeit\" \/>\n\t<meta name=\"twitter:data1\" content=\"1\u00a0Minute\" \/>\n<script type=\"application\/ld+json\" class=\"yoast-schema-graph\">{\"@context\":\"https:\/\/schema.org\",\"@graph\":[{\"@type\":\"WebPage\",\"@id\":\"https:\/\/www.boratree.organic\/de\/produkt\/tycinka-cacao-relish-coconut\/\",\"url\":\"https:\/\/www.boratree.organic\/de\/produkt\/tycinka-cacao-relish-coconut\/\",\"name\":\"Bio bora Relish & Coconut - BoraTree\",\"isPartOf\":{\"@id\":\"https:\/\/www.boratree.organic\/de\/#website\"},\"datePublished\":\"2022-10-25T13:30:56+00:00\",\"dateModified\":\"2024-04-02T07:19:01+00:00\",\"breadcrumb\":{\"@id\":\"https:\/\/www.boratree.organic\/de\/produkt\/tycinka-cacao-relish-coconut\/#breadcrumb\"},\"inLanguage\":\"de\",\"potentialAction\":[{\"@type\":\"ReadAction\",\"target\":[\"https:\/\/www.boratree.organic\/de\/produkt\/tycinka-cacao-relish-coconut\/\"]}]},{\"@type\":\"BreadcrumbList\",\"@id\":\"https:\/\/www.boratree.organic\/de\/produkt\/tycinka-cacao-relish-coconut\/#breadcrumb\",\"itemListElement\":[{\"@type\":\"ListItem\",\"position\":1,\"name\":\"Home\",\"item\":\"https:\/\/www.boratree.organic\/de\/\"},{\"@type\":\"ListItem\",\"position\":2,\"name\":\"Shop\",\"item\":\"https:\/\/www.boratree.organic\/de\/shop\/\"},{\"@type\":\"ListItem\",\"position\":3,\"name\":\"Bio bora Relish &#038; Coconut\"}]},{\"@type\":\"WebSite\",\"@id\":\"https:\/\/www.boratree.organic\/de\/#website\",\"url\":\"https:\/\/www.boratree.organic\/de\/\",\"name\":\"BoraTree\",\"description\":\"\",\"potentialAction\":[{\"@type\":\"SearchAction\",\"target\":{\"@type\":\"EntryPoint\",\"urlTemplate\":\"https:\/\/www.boratree.organic\/de\/?s={search_term_string}\"},\"query-input\":\"required name=search_term_string\"}],\"inLanguage\":\"de\"}]}<\/script>\n<!-- \/ Yoast SEO plugin. -->","yoast_head_json":{"title":"Bio bora Relish & Coconut - BoraTree","robots":{"index":"index","follow":"follow","max-snippet":"max-snippet:-1","max-image-preview":"max-image-preview:large","max-video-preview":"max-video-preview:-1"},"canonical":"https:\/\/www.boratree.organic\/de\/produkt\/tycinka-cacao-relish-coconut\/","og_locale":"de_DE","og_type":"article","og_title":"Bio bora Relish & Coconut - BoraTree","og_description":"BIO-Riegel mit Kokosnuss und Bio bora Refresh Mischung.    Ein au\u00dfergew\u00f6hnliches Geschmacksspiel exotischer Fr\u00fcchte-Mischung mit Kokosnuss und Reissirup  Einzigartigkeit liegt in der Zugabe von Bio bora Refresh \u2013 eine Mischung aus Bananen, Lucuma, Baobab, Maqui, Acerola und Acai  Ein ballaststoffreicher Frucht-Kokos-Genuss  Auch f\u00fcr Veganer und Personen mit Glutenunvertr\u00e4glichkeit geeignet  Besteht nur aus pflanzlichen BIO-zertifizierten Inhaltsstoffen  Ohne k\u00fcnstliche S\u00fc\u00dfstoffe, Farbstoffe, Konservierungsstoffe und Aromastoffe  Non-GMO   SK-BIO-002 Hergestellt in der Slowakei.","og_url":"https:\/\/www.boratree.organic\/de\/produkt\/tycinka-cacao-relish-coconut\/","og_site_name":"BoraTree","article_modified_time":"2024-04-02T07:19:01+00:00","og_image":[{"width":2000,"height":1331,"url":"https:\/\/www.boratree.organic\/wp-content\/uploads\/2022\/10\/coconut.png","type":"image\/png"}],"twitter_card":"summary_large_image","twitter_misc":{"Gesch\u00e4tzte Lesezeit":"1\u00a0Minute"},"schema":{"@context":"https:\/\/schema.org","@graph":[{"@type":"WebPage","@id":"https:\/\/www.boratree.organic\/de\/produkt\/tycinka-cacao-relish-coconut\/","url":"https:\/\/www.boratree.organic\/de\/produkt\/tycinka-cacao-relish-coconut\/","name":"Bio bora Relish & Coconut - BoraTree","isPartOf":{"@id":"https:\/\/www.boratree.organic\/de\/#website"},"datePublished":"2022-10-25T13:30:56+00:00","dateModified":"2024-04-02T07:19:01+00:00","breadcrumb":{"@id":"https:\/\/www.boratree.organic\/de\/produkt\/tycinka-cacao-relish-coconut\/#breadcrumb"},"inLanguage":"de","potentialAction":[{"@type":"ReadAction","target":["https:\/\/www.boratree.organic\/de\/produkt\/tycinka-cacao-relish-coconut\/"]}]},{"@type":"BreadcrumbList","@id":"https:\/\/www.boratree.organic\/de\/produkt\/tycinka-cacao-relish-coconut\/#breadcrumb","itemListElement":[{"@type":"ListItem","position":1,"name":"Home","item":"https:\/\/www.boratree.organic\/de\/"},{"@type":"ListItem","position":2,"name":"Shop","item":"https:\/\/www.boratree.organic\/de\/shop\/"},{"@type":"ListItem","position":3,"name":"Bio bora Relish &#038; Coconut"}]},{"@type":"WebSite","@id":"https:\/\/www.boratree.organic\/de\/#website","url":"https:\/\/www.boratree.organic\/de\/","name":"BoraTree","description":"","potentialAction":[{"@type":"SearchAction","target":{"@type":"EntryPoint","urlTemplate":"https:\/\/www.boratree.organic\/de\/?s={search_term_string}"},"query-input":"required name=search_term_string"}],"inLanguage":"de"}]}},"_links":{"self":[{"href":"https:\/\/www.boratree.organic\/de\/wp-json\/wp\/v2\/product\/5683"}],"collection":[{"href":"https:\/\/www.boratree.organic\/de\/wp-json\/wp\/v2\/product"}],"about":[{"href":"https:\/\/www.boratree.organic\/de\/wp-json\/wp\/v2\/types\/product"}],"replies":[{"embeddable":true,"href":"https:\/\/www.boratree.organic\/de\/wp-json\/wp\/v2\/comments?post=5683"}],"wp:featuredmedia":[{"embeddable":true,"href":"https:\/\/www.boratree.organic\/de\/wp-json\/wp\/v2\/media\/5694"}],"wp:attachment":[{"href":"https:\/\/www.boratree.organic\/de\/wp-json\/wp\/v2\/media?parent=5683"}],"wp:term":[{"taxonomy":"product_cat","embeddable":true,"href":"https:\/\/www.boratree.organic\/de\/wp-json\/wp\/v2\/product_cat?post=5683"},{"taxonomy":"product_tag","embeddable":true,"href":"https:\/\/www.boratree.organic\/de\/wp-json\/wp\/v2\/product_tag?post=5683"}],"curies":[{"name":"wp","href":"https:\/\/api.w.org\/{rel}","templated":true}]}}